{"id":48,"date":"2019-08-07T12:05:36","date_gmt":"2019-08-07T10:05:36","guid":{"rendered":"http:\/\/ale-tournai.be\/?page_id=48"},"modified":"2025-10-27T14:34:10","modified_gmt":"2025-10-27T13:34:10","slug":"jobs","status":"publish","type":"page","link":"https:\/\/esc-ale.be\/index.php\/jobs\/","title":{"rendered":"JOBS"},"content":{"rendered":"\t\t<div data-elementor-type=\"wp-page\" data-elementor-id=\"48\" class=\"elementor elementor-48\">\n\t\t\t\t<div class=\"elementor-element elementor-element-a46bd40 e-flex e-con-boxed e-con e-parent\" data-id=\"a46bd40\" data-element_type=\"container\">\n\t\t\t\t\t<div class=\"e-con-inner\">\n\t\t\t\t<div class=\"elementor-element elementor-element-e3e3e03 elementor-widget elementor-widget-image\" data-id=\"e3e3e03\" data-element_type=\"widget\" data-widget_type=\"image.default\">\n\t\t\t\t<div class=\"elementor-widget-container\">\n\t\t\t\t\t\t\t\t\t\t\t\t\t\t\t<img fetchpriority=\"high\" decoding=\"async\" width=\"768\" height=\"449\" src=\"https:\/\/esc-ale.be\/wp-content\/uploads\/2022\/07\/64962-768x449.jpg\" class=\"attachment-medium_large size-medium_large wp-image-1474\" alt=\"\" srcset=\"https:\/\/esc-ale.be\/wp-content\/uploads\/2022\/07\/64962-768x449.jpg 768w, https:\/\/esc-ale.be\/wp-content\/uploads\/2022\/07\/64962-300x176.jpg 300w, https:\/\/esc-ale.be\/wp-content\/uploads\/2022\/07\/64962.jpg 800w\" sizes=\"(max-width: 768px) 100vw, 768px\" \/>\t\t\t\t\t\t\t\t\t\t\t\t\t\t\t<\/div>\n\t\t\t\t<\/div>\n\t\t\t\t\t<\/div>\n\t\t\t\t<\/div>\n\t\t<div class=\"elementor-element elementor-element-f7cb59d e-flex e-con-boxed e-con e-parent\" data-id=\"f7cb59d\" data-element_type=\"container\">\n\t\t\t\t\t<div class=\"e-con-inner\">\n\t\t\t\t<div class=\"elementor-element elementor-element-53300e7 elementor-widget elementor-widget-text-editor\" data-id=\"53300e7\" data-element_type=\"widget\" data-widget_type=\"text-editor.default\">\n\t\t\t\t<div class=\"elementor-widget-container\">\n\t\t\t\t\t\t\t\t\t<h2>Travailler via l&rsquo;Esc&rsquo;ALE &#8211; ALE de Tournai &#8211; Pecq<\/h2>\n<p>Si vous souhaitez devenir prestataire ale ou rejoindre notre \u00e9quipe de travailleurs titres-services, contactez-nous ou remplissez notre formulaire ci-dessous!<\/p>\n<div id=\"ConnectiveDocSignExtentionInstalled\" data-extension-version=\"1.0.4\">\u00a0<\/div>\t\t\t\t\t\t\t\t<\/div>\n\t\t\t\t<\/div>\n\t\t\t\t\t<\/div>\n\t\t\t\t<\/div>\n\t\t<div class=\"elementor-element elementor-element-e2ee99d e-flex e-con-boxed e-con e-parent\" data-id=\"e2ee99d\" data-element_type=\"container\">\n\t\t\t\t\t<div class=\"e-con-inner\">\n\t\t\t\t<div class=\"elementor-element elementor-element-9e42a29 elementor-align-center elementor-widget elementor-widget-button\" data-id=\"9e42a29\" data-element_type=\"widget\" data-widget_type=\"button.default\">\n\t\t\t\t<div class=\"elementor-widget-container\">\n\t\t\t\t\t\t\t\t\t<div class=\"elementor-button-wrapper\">\n\t\t\t\t\t<a class=\"elementor-button elementor-button-link elementor-size-md\" href=\"http:\/\/ale-tournai.be\/index.php\/inscription-travailleur\/\">\n\t\t\t\t\t\t<span class=\"elementor-button-content-wrapper\">\n\t\t\t\t\t\t\t\t\t<span class=\"elementor-button-text\">Postuler<\/span>\n\t\t\t\t\t<\/span>\n\t\t\t\t\t<\/a>\n\t\t\t\t<\/div>\n\t\t\t\t\t\t\t\t<\/div>\n\t\t\t\t<\/div>\n\t\t\t\t\t<\/div>\n\t\t\t\t<\/div>\n\t\t\t\t<section class=\"elementor-section elementor-top-section elementor-element elementor-element-29341fdf elementor-section-boxed elementor-section-height-default elementor-section-height-default\" data-id=\"29341fdf\" data-element_type=\"section\">\n\t\t\t\t\t\t<div class=\"elementor-container elementor-column-gap-default\">\n\t\t\t\t\t<div class=\"elementor-column elementor-col-100 elementor-top-column elementor-element elementor-element-4e6f1778\" data-id=\"4e6f1778\" data-element_type=\"column\">\n\t\t\t<div class=\"elementor-widget-wrap elementor-element-populated\">\n\t\t\t\t\t\t<div class=\"elementor-element elementor-element-4dfd5198 elementor-widget elementor-widget-text-editor\" data-id=\"4dfd5198\" data-element_type=\"widget\" data-widget_type=\"text-editor.default\">\n\t\t\t\t<div class=\"elementor-widget-container\">\n\t\t\t\t\t\t\t\t\t<div>\n<h1>ALE<\/h1>\n<h4><u>Vous souhaitez devenir travailleur ale ?<\/u><\/h4>\n<ul style=\"list-style-type: disc;\">\n<li>vous \u00eates au RIS<\/li>\n<li>vous \u00eates au ch\u00f4mage complet de longue dur\u00e9e (24 mois de ch\u00f4mage dans les 36 derniers mois si vous avez moins de 45 ans ou 6 mois dans les neuf derniers mois si vous avez plus de 45 ans)<\/li>\n<\/ul>\n<p>Vous pouvez venir vous inscrire en ALE.<\/p>\n<p>Le travail en ALE peut vous permettre d&rsquo;avoir un compl\u00e9ment de revenus en plus de vos allocations (jusqu\u2019\u00e0 287 \u20ac\/mois exon\u00e9r\u00e9 d\u2019imp\u00f4ts) et le FOREM et le CPAS consid\u00e8rent votre travail en ALE comme un \u00e9l\u00e9ment positif dans votre parcours de r\u00e9insertion.<\/p>\n<p>En ce moment, l\u2019Esc&rsquo;ALE &#8211; ALE de Tournai-Pecq recherche principalement dans les entit\u00e9s de Tournai et Pecq:<\/p>\n<ul style=\"list-style-type: disc;\">\n<li>des jardiniers ;<\/li>\n<li>du personnel d\u2019entretien ;<\/li>\n<li>des manutentionnaires pour des associations ;<\/li>\n<li>des surveillants de garderie, etc.<\/li>\n<\/ul>\n<\/div>\n<p><!-- \/wp:button --><\/p>\n<p><!-- wp:themeisle-blocks\/advanced-columns {\"id\":\"wp-block-themeisle-blocks-advanced-columns-9e160183\",\"columns\":1,\"layout\":\"equal\",\"backgroundType\":\"gradient\",\"align\":\"full\"} --><\/p>\n<p><!-- \/wp:themeisle-blocks\/advanced-columns --><\/p>\n<p><!-- wp:themeisle-blocks\/advanced-columns {\"id\":\"wp-block-themeisle-blocks-advanced-columns-1087cf03\",\"columns\":2,\"layout\":\"equal\",\"layoutMobile\":\"collapsedRows\",\"padding\":0,\"paddingTablet\":20,\"paddingMobile\":20,\"paddingTopTablet\":20,\"paddingTopMobile\":20,\"paddingRightTablet\":20,\"paddingRightMobile\":20,\"paddingBottomTablet\":20,\"paddingBottomMobile\":20,\"paddingLeftTablet\":20,\"paddingLeftMobile\":20,\"marginTablet\":20,\"marginMobile\":20,\"marginTop\":0,\"marginTopTablet\":20,\"marginTopMobile\":20,\"marginBottom\":0,\"marginBottomTablet\":20,\"marginBottomMobile\":20,\"columnsHeight\":\"custom\"} --><\/p>\n<div>\n<div>\n<p><!-- wp:themeisle-blocks\/advanced-column {\"id\":\"wp-block-themeisle-blocks-advanced-column-1fcf85ff\",\"padding\":0,\"paddingTablet\":20,\"paddingMobile\":20,\"paddingTopTablet\":20,\"paddingTopMobile\":20,\"paddingRightTablet\":20,\"paddingRightMobile\":20,\"paddingBottomTablet\":20,\"paddingBottomMobile\":20,\"paddingLeftTablet\":20,\"paddingLeftMobile\":20,\"marginTablet\":20,\"marginMobile\":20,\"marginTop\":0,\"marginTopTablet\":20,\"marginTopMobile\":20,\"marginRightTablet\":0,\"marginRightMobile\":0,\"marginBottom\":0,\"marginBottomTablet\":20,\"marginBottomMobile\":20,\"marginLeftTablet\":0,\"marginLeftMobile\":0,\"columnWidth\":\"50\"} --><\/p>\n<div>\n<p><!-- wp:tadv\/classic-paragraph --><\/p>\n<div>\n<div>\n<h1>ALE R\u00e9cup<\/h1>\n<h4><u>Recrutement de chauffeurs<\/u><\/h4>\n<ul style=\"list-style-type: disc;\">\n<li>Les travailleurs de l\u2019ALE R\u00e9cup sont des prestataires ALE.<\/li>\n<li>Ils doivent \u00eatre en possession du permis de conduire B, et demander une \u00ab\u00a0attestation de sinistre \u00bb au niveau de leur assurance .<\/li>\n<li>Ils doivent \u00e9galement fournir un certificat de bonne vie et moeurs vierge.<\/li>\n<\/ul>\n<\/div>\n<\/div>\n<p><!-- \/wp:tadv\/classic-paragraph --><\/p>\n<\/div>\n<p><!-- \/wp:themeisle-blocks\/advanced-column --><\/p>\n<p><!-- wp:themeisle-blocks\/advanced-column {\"id\":\"wp-block-themeisle-blocks-advanced-column-e207d2a6\",\"padding\":0,\"paddingTablet\":20,\"paddingMobile\":20,\"paddingTopTablet\":20,\"paddingTopMobile\":20,\"paddingRightTablet\":20,\"paddingRightMobile\":20,\"paddingBottomTablet\":20,\"paddingBottomMobile\":20,\"paddingLeftTablet\":20,\"paddingLeftMobile\":20,\"marginTablet\":20,\"marginMobile\":20,\"marginTop\":0,\"marginTopTablet\":20,\"marginTopMobile\":20,\"marginRightTablet\":0,\"marginRightMobile\":0,\"marginBottom\":0,\"marginBottomTablet\":20,\"marginBottomMobile\":20,\"marginLeftTablet\":0,\"marginLeftMobile\":0,\"columnWidth\":\"50\"} --><\/p>\n<div>\n<p><!-- wp:tadv\/classic-paragraph --><\/p>\n<div>\n<div>\n<div>\n<h1>Taxi Soci&rsquo;ale<\/h1>\n<h4><u>Recrutement de chauffeurs<\/u><\/h4>\n<ul>\n<li>Les chauffeurs du Taxi Soci\u2019ale sont engag\u00e9s sous statut ALE.<\/li>\n<li>Ils doivent \u00eatre en possession du permis de conduire B,\u00a0 demander une \u00ab\u00a0attestation de sinistre\u00a0\u00bb\u00a0 aupr\u00e8s de leur assurance et prouver leur aptitude m\u00e9dicale.<\/li>\n<li>Ils doivent \u00e9galement fournir un certificat de bonne vie et moeurs vierge.<\/li>\n<\/ul>\n<\/div>\n<\/div>\n<\/div>\n<p><!-- \/wp:tadv\/classic-paragraph --><\/p>\n<\/div>\n<p><!-- \/wp:themeisle-blocks\/advanced-column --><\/p>\n<\/div>\n<\/div>\n<p><!-- \/wp:themeisle-blocks\/advanced-columns --><\/p>\n<p><!-- wp:themeisle-blocks\/advanced-columns {\"id\":\"wp-block-themeisle-blocks-advanced-columns-2c3f3e16\",\"columns\":2,\"layout\":\"equal\",\"layoutMobile\":\"collapsedRows\",\"padding\":0,\"paddingTablet\":20,\"paddingMobile\":20,\"paddingTopTablet\":20,\"paddingTopMobile\":20,\"paddingRightTablet\":20,\"paddingRightMobile\":20,\"paddingBottomTablet\":20,\"paddingBottomMobile\":20,\"paddingLeftTablet\":20,\"paddingLeftMobile\":20,\"marginTablet\":20,\"marginMobile\":20,\"marginTop\":0,\"marginTopTablet\":20,\"marginTopMobile\":20,\"marginBottom\":0,\"marginBottomTablet\":20,\"marginBottomMobile\":20,\"columnsHeight\":\"custom\"} --><\/p>\n<div>\n<div>\u00a0<\/div>\n<div>\n<p><!-- wp:themeisle-blocks\/advanced-column {\"id\":\"wp-block-themeisle-blocks-advanced-column-f6e128e5\",\"paddingTablet\":20,\"paddingMobile\":20,\"paddingTopTablet\":20,\"paddingTopMobile\":20,\"paddingRightTablet\":20,\"paddingRightMobile\":20,\"paddingBottomTablet\":20,\"paddingBottomMobile\":20,\"paddingLeftTablet\":20,\"paddingLeftMobile\":20,\"marginTablet\":20,\"marginMobile\":20,\"marginTopTablet\":20,\"marginTopMobile\":20,\"marginRightTablet\":0,\"marginRightMobile\":0,\"marginBottomTablet\":20,\"marginBottomMobile\":20,\"marginLeftTablet\":0,\"marginLeftMobile\":0,\"columnWidth\":\"50\"} --><\/p>\n<div>\n<p><!-- wp:tadv\/classic-paragraph --><\/p>\n<h1>Vit\u2019Ale<\/h1>\n<h4><u>Vous souhaitez devenir aide-m\u00e9nager.\u00e8re chez Vit\u2019Ale?<\/u><\/h4>\n<ul>\n<li>vous \u00eates demandeur d\u2019emploi depuis 1 an et n&rsquo;\u00eates pas dipl\u00f4m\u00e9 du CESS (secondaire sup\u00e9rieur)<\/li>\n<\/ul>\n<p>Vous pouvez nous faire parvenir votre CV soit en passant \u00e0 l&rsquo;agence ou par e-mail \u00e0 vitale@esc-ale.be<\/p>\n<p>Si vous connaissez des utilisateurs pr\u00eats \u00e0 vous accueillir dans le syst\u00e8me titres-services, ceux-ci peuvent directement nous contacter au 069 773 784, nous nous ferons un plaisir de les renseigner.<\/p>\n<h4><u>Vit\u2019Ale vous engage\u00a0:<\/u><\/h4>\n<p>Sous contrat de travail de minimum 19 h et de maximum 27 h semaine, vous b\u00e9n\u00e9ficiez de:<\/p>\n<ul>\n<li>un CDI \u00e0 l&#8217;embauche;<\/li>\n<li>un horaire de travail hebdomadaire et flexible allant de 13 h \u00e0 27 h ;<\/li>\n<li>une formation personnalis\u00e9e et sur le terrain ;<\/li>\n<li>une large gamme de v\u00eatements de travail ;<\/li>\n<li>des ch\u00e8ques repas ;<\/li>\n<li>une assurance hospitalisation ;<\/li>\n<li>des frais de garderie pour un montant de 150 \u20ac\/an\/enfant ;<\/li>\n<li>des frais de d\u00e9placements.\u00a0<\/li>\n<\/ul>\n<p><!-- \/wp:tadv\/classic-paragraph --><\/p>\n<\/div>\n<p><!-- \/wp:themeisle-blocks\/advanced-column --><\/p>\n<p><!-- wp:themeisle-blocks\/advanced-column {\"id\":\"wp-block-themeisle-blocks-advanced-column-e9891f99\",\"paddingTablet\":20,\"paddingMobile\":20,\"paddingTopTablet\":20,\"paddingTopMobile\":20,\"paddingRightTablet\":20,\"paddingRightMobile\":20,\"paddingBottomTablet\":20,\"paddingBottomMobile\":20,\"paddingLeftTablet\":20,\"paddingLeftMobile\":20,\"marginTablet\":20,\"marginMobile\":20,\"marginTopTablet\":20,\"marginTopMobile\":20,\"marginRightTablet\":0,\"marginRightMobile\":0,\"marginBottomTablet\":20,\"marginBottomMobile\":20,\"marginLeftTablet\":0,\"marginLeftMobile\":0,\"columnWidth\":\"50\"} --><\/p>\n<div>\n<p><!-- wp:tadv\/classic-paragraph --><\/p>\n<p>\u00a0<\/p>\n<p><!-- \/wp:tadv\/classic-paragraph --><\/p>\n<\/div>\n<p><!-- \/wp:themeisle-blocks\/advanced-column --><\/p>\n<\/div>\n<\/div>\n<p><!-- \/wp:themeisle-blocks\/advanced-columns --><\/p>\n<p><!-- wp:tadv\/classic-paragraph \/--><\/p>\n<div id=\"ConnectiveDocSignExtentionInstalled\" data-extension-version=\"1.0.4\">\u00a0<\/div>\t\t\t\t\t\t\t\t<\/div>\n\t\t\t\t<\/div>\n\t\t\t\t\t<\/div>\n\t\t<\/div>\n\t\t\t\t\t<\/div>\n\t\t<\/section>\n\t\t\t\t<\/div>\n\t\t","protected":false},"excerpt":{"rendered":"<p>Travailler via l&rsquo;Esc&rsquo;ALE &#8211; ALE de Tournai &#8211; Pecq Si vous souhaitez devenir prestataire ale ou rejoindre notre \u00e9quipe de travailleurs titres-services, contactez-nous ou remplissez notre formulaire ci-dessous! \u00a0 Postuler &#8230;<\/p>\n","protected":false},"author":1,"featured_media":0,"parent":0,"menu_order":0,"comment_status":"closed","ping_status":"closed","template":"template-fullwidth.php","meta":{"footnotes":""},"class_list":["post-48","page","type-page","status-publish","hentry"],"yoast_head":"<!-- This site is optimized with the Yoast SEO plugin v27.3 - https:\/\/yoast.com\/product\/yoast-seo-wordpress\/ -->\n<title>JOBS - Esc&#039;ALE ASBL - ALE de Tournai-Pecq<\/title>\n<meta name=\"robots\" content=\"index, follow, max-snippet:-1, max-image-preview:large, max-video-preview:-1\" \/>\n<link rel=\"canonical\" href=\"https:\/\/esc-ale.be\/index.php\/jobs\/\" \/>\n<meta property=\"og:locale\" content=\"fr_FR\" \/>\n<meta property=\"og:type\" content=\"article\" \/>\n<meta property=\"og:title\" content=\"JOBS - Esc&#039;ALE ASBL - ALE de Tournai-Pecq\" \/>\n<meta property=\"og:description\" content=\"Travailler via l&rsquo;Esc&rsquo;ALE &#8211; ALE de Tournai &#8211; Pecq Si vous souhaitez devenir prestataire ale ou rejoindre notre \u00e9quipe de travailleurs titres-services, contactez-nous ou remplissez notre formulaire ci-dessous! \u00a0 Postuler ...\" \/>\n<meta property=\"og:url\" content=\"https:\/\/esc-ale.be\/index.php\/jobs\/\" \/>\n<meta property=\"og:site_name\" content=\"Esc&#039;ALE ASBL - ALE de Tournai-Pecq\" \/>\n<meta property=\"article:modified_time\" content=\"2025-10-27T13:34:10+00:00\" \/>\n<meta property=\"og:image\" content=\"https:\/\/esc-ale.be\/wp-content\/uploads\/2022\/07\/64962.jpg\" \/>\n\t<meta property=\"og:image:width\" content=\"800\" \/>\n\t<meta property=\"og:image:height\" content=\"468\" \/>\n\t<meta property=\"og:image:type\" content=\"image\/jpeg\" \/>\n<meta name=\"twitter:card\" content=\"summary_large_image\" \/>\n<meta name=\"twitter:label1\" content=\"Dur\u00e9e de lecture estim\u00e9e\" \/>\n\t<meta name=\"twitter:data1\" content=\"3 minutes\" \/>\n<script type=\"application\/ld+json\" class=\"yoast-schema-graph\">{\"@context\":\"https:\\\/\\\/schema.org\",\"@graph\":[{\"@type\":\"WebPage\",\"@id\":\"https:\\\/\\\/esc-ale.be\\\/index.php\\\/jobs\\\/\",\"url\":\"https:\\\/\\\/esc-ale.be\\\/index.php\\\/jobs\\\/\",\"name\":\"JOBS - Esc&#039;ALE ASBL - ALE de Tournai-Pecq\",\"isPartOf\":{\"@id\":\"https:\\\/\\\/esc-ale.be\\\/#website\"},\"primaryImageOfPage\":{\"@id\":\"https:\\\/\\\/esc-ale.be\\\/index.php\\\/jobs\\\/#primaryimage\"},\"image\":{\"@id\":\"https:\\\/\\\/esc-ale.be\\\/index.php\\\/jobs\\\/#primaryimage\"},\"thumbnailUrl\":\"https:\\\/\\\/esc-ale.be\\\/wp-content\\\/uploads\\\/2022\\\/07\\\/64962-768x449.jpg\",\"datePublished\":\"2019-08-07T10:05:36+00:00\",\"dateModified\":\"2025-10-27T13:34:10+00:00\",\"breadcrumb\":{\"@id\":\"https:\\\/\\\/esc-ale.be\\\/index.php\\\/jobs\\\/#breadcrumb\"},\"inLanguage\":\"fr-FR\",\"potentialAction\":[{\"@type\":\"ReadAction\",\"target\":[\"https:\\\/\\\/esc-ale.be\\\/index.php\\\/jobs\\\/\"]}]},{\"@type\":\"ImageObject\",\"inLanguage\":\"fr-FR\",\"@id\":\"https:\\\/\\\/esc-ale.be\\\/index.php\\\/jobs\\\/#primaryimage\",\"url\":\"https:\\\/\\\/esc-ale.be\\\/wp-content\\\/uploads\\\/2022\\\/07\\\/64962.jpg\",\"contentUrl\":\"https:\\\/\\\/esc-ale.be\\\/wp-content\\\/uploads\\\/2022\\\/07\\\/64962.jpg\",\"width\":800,\"height\":468,\"caption\":\"Occupations Career Employment Recruitment Position Concept\"},{\"@type\":\"BreadcrumbList\",\"@id\":\"https:\\\/\\\/esc-ale.be\\\/index.php\\\/jobs\\\/#breadcrumb\",\"itemListElement\":[{\"@type\":\"ListItem\",\"position\":1,\"name\":\"Accueil\",\"item\":\"https:\\\/\\\/esc-ale.be\\\/\"},{\"@type\":\"ListItem\",\"position\":2,\"name\":\"JOBS\"}]},{\"@type\":\"WebSite\",\"@id\":\"https:\\\/\\\/esc-ale.be\\\/#website\",\"url\":\"https:\\\/\\\/esc-ale.be\\\/\",\"name\":\"Esc&#039;ALE ASBL - ALE de Tournai-Pecq\",\"description\":\"Vous \u00e9prouvez des difficult\u00e9s \u00e0 vous d\u00e9placer ? Vous souhaitez vous rendre chez le m\u00e9decin, \u00e0 une consultation \u00e0 l&#039;h\u00f4pital, faire des courses, \u2026\",\"publisher\":{\"@id\":\"https:\\\/\\\/esc-ale.be\\\/#organization\"},\"potentialAction\":[{\"@type\":\"SearchAction\",\"target\":{\"@type\":\"EntryPoint\",\"urlTemplate\":\"https:\\\/\\\/esc-ale.be\\\/?s={search_term_string}\"},\"query-input\":{\"@type\":\"PropertyValueSpecification\",\"valueRequired\":true,\"valueName\":\"search_term_string\"}}],\"inLanguage\":\"fr-FR\"},{\"@type\":\"Organization\",\"@id\":\"https:\\\/\\\/esc-ale.be\\\/#organization\",\"name\":\"Esc&#039;ALE ASBL - ALE de Tournai-Pecq\",\"url\":\"https:\\\/\\\/esc-ale.be\\\/\",\"logo\":{\"@type\":\"ImageObject\",\"inLanguage\":\"fr-FR\",\"@id\":\"https:\\\/\\\/esc-ale.be\\\/#\\\/schema\\\/logo\\\/image\\\/\",\"url\":\"https:\\\/\\\/esc-ale.be\\\/wp-content\\\/uploads\\\/2025\\\/10\\\/cropped-Petit-Logo-EscALE.jpg\",\"contentUrl\":\"https:\\\/\\\/esc-ale.be\\\/wp-content\\\/uploads\\\/2025\\\/10\\\/cropped-Petit-Logo-EscALE.jpg\",\"width\":125,\"height\":110,\"caption\":\"Esc&#039;ALE ASBL - ALE de Tournai-Pecq\"},\"image\":{\"@id\":\"https:\\\/\\\/esc-ale.be\\\/#\\\/schema\\\/logo\\\/image\\\/\"}}]}<\/script>\n<!-- \/ Yoast SEO plugin. -->","yoast_head_json":{"title":"JOBS - Esc&#039;ALE ASBL - ALE de Tournai-Pecq","robots":{"index":"index","follow":"follow","max-snippet":"max-snippet:-1","max-image-preview":"max-image-preview:large","max-video-preview":"max-video-preview:-1"},"canonical":"https:\/\/esc-ale.be\/index.php\/jobs\/","og_locale":"fr_FR","og_type":"article","og_title":"JOBS - Esc&#039;ALE ASBL - ALE de Tournai-Pecq","og_description":"Travailler via l&rsquo;Esc&rsquo;ALE &#8211; ALE de Tournai &#8211; Pecq Si vous souhaitez devenir prestataire ale ou rejoindre notre \u00e9quipe de travailleurs titres-services, contactez-nous ou remplissez notre formulaire ci-dessous! \u00a0 Postuler ...","og_url":"https:\/\/esc-ale.be\/index.php\/jobs\/","og_site_name":"Esc&#039;ALE ASBL - ALE de Tournai-Pecq","article_modified_time":"2025-10-27T13:34:10+00:00","og_image":[{"width":800,"height":468,"url":"https:\/\/esc-ale.be\/wp-content\/uploads\/2022\/07\/64962.jpg","type":"image\/jpeg"}],"twitter_card":"summary_large_image","twitter_misc":{"Dur\u00e9e de lecture estim\u00e9e":"3 minutes"},"schema":{"@context":"https:\/\/schema.org","@graph":[{"@type":"WebPage","@id":"https:\/\/esc-ale.be\/index.php\/jobs\/","url":"https:\/\/esc-ale.be\/index.php\/jobs\/","name":"JOBS - Esc&#039;ALE ASBL - ALE de Tournai-Pecq","isPartOf":{"@id":"https:\/\/esc-ale.be\/#website"},"primaryImageOfPage":{"@id":"https:\/\/esc-ale.be\/index.php\/jobs\/#primaryimage"},"image":{"@id":"https:\/\/esc-ale.be\/index.php\/jobs\/#primaryimage"},"thumbnailUrl":"https:\/\/esc-ale.be\/wp-content\/uploads\/2022\/07\/64962-768x449.jpg","datePublished":"2019-08-07T10:05:36+00:00","dateModified":"2025-10-27T13:34:10+00:00","breadcrumb":{"@id":"https:\/\/esc-ale.be\/index.php\/jobs\/#breadcrumb"},"inLanguage":"fr-FR","potentialAction":[{"@type":"ReadAction","target":["https:\/\/esc-ale.be\/index.php\/jobs\/"]}]},{"@type":"ImageObject","inLanguage":"fr-FR","@id":"https:\/\/esc-ale.be\/index.php\/jobs\/#primaryimage","url":"https:\/\/esc-ale.be\/wp-content\/uploads\/2022\/07\/64962.jpg","contentUrl":"https:\/\/esc-ale.be\/wp-content\/uploads\/2022\/07\/64962.jpg","width":800,"height":468,"caption":"Occupations Career Employment Recruitment Position Concept"},{"@type":"BreadcrumbList","@id":"https:\/\/esc-ale.be\/index.php\/jobs\/#breadcrumb","itemListElement":[{"@type":"ListItem","position":1,"name":"Accueil","item":"https:\/\/esc-ale.be\/"},{"@type":"ListItem","position":2,"name":"JOBS"}]},{"@type":"WebSite","@id":"https:\/\/esc-ale.be\/#website","url":"https:\/\/esc-ale.be\/","name":"Esc&#039;ALE ASBL - ALE de Tournai-Pecq","description":"Vous \u00e9prouvez des difficult\u00e9s \u00e0 vous d\u00e9placer ? Vous souhaitez vous rendre chez le m\u00e9decin, \u00e0 une consultation \u00e0 l&#039;h\u00f4pital, faire des courses, \u2026","publisher":{"@id":"https:\/\/esc-ale.be\/#organization"},"potentialAction":[{"@type":"SearchAction","target":{"@type":"EntryPoint","urlTemplate":"https:\/\/esc-ale.be\/?s={search_term_string}"},"query-input":{"@type":"PropertyValueSpecification","valueRequired":true,"valueName":"search_term_string"}}],"inLanguage":"fr-FR"},{"@type":"Organization","@id":"https:\/\/esc-ale.be\/#organization","name":"Esc&#039;ALE ASBL - ALE de Tournai-Pecq","url":"https:\/\/esc-ale.be\/","logo":{"@type":"ImageObject","inLanguage":"fr-FR","@id":"https:\/\/esc-ale.be\/#\/schema\/logo\/image\/","url":"https:\/\/esc-ale.be\/wp-content\/uploads\/2025\/10\/cropped-Petit-Logo-EscALE.jpg","contentUrl":"https:\/\/esc-ale.be\/wp-content\/uploads\/2025\/10\/cropped-Petit-Logo-EscALE.jpg","width":125,"height":110,"caption":"Esc&#039;ALE ASBL - ALE de Tournai-Pecq"},"image":{"@id":"https:\/\/esc-ale.be\/#\/schema\/logo\/image\/"}}]}},"jetpack_sharing_enabled":true,"_links":{"self":[{"href":"https:\/\/esc-ale.be\/index.php\/wp-json\/wp\/v2\/pages\/48","targetHints":{"allow":["GET"]}}],"collection":[{"href":"https:\/\/esc-ale.be\/index.php\/wp-json\/wp\/v2\/pages"}],"about":[{"href":"https:\/\/esc-ale.be\/index.php\/wp-json\/wp\/v2\/types\/page"}],"author":[{"embeddable":true,"href":"https:\/\/esc-ale.be\/index.php\/wp-json\/wp\/v2\/users\/1"}],"replies":[{"embeddable":true,"href":"https:\/\/esc-ale.be\/index.php\/wp-json\/wp\/v2\/comments?post=48"}],"version-history":[{"count":96,"href":"https:\/\/esc-ale.be\/index.php\/wp-json\/wp\/v2\/pages\/48\/revisions"}],"predecessor-version":[{"id":1993,"href":"https:\/\/esc-ale.be\/index.php\/wp-json\/wp\/v2\/pages\/48\/revisions\/1993"}],"wp:attachment":[{"href":"https:\/\/esc-ale.be\/index.php\/wp-json\/wp\/v2\/media?parent=48"}],"curies":[{"name":"wp","href":"https:\/\/api.w.org\/{rel}","templated":true}]}}