{"id":46,"date":"2019-08-07T12:05:14","date_gmt":"2019-08-07T10:05:14","guid":{"rendered":"http:\/\/ale-tournai.be\/?page_id=46"},"modified":"2026-03-23T15:09:08","modified_gmt":"2026-03-23T14:09:08","slug":"contacts","status":"publish","type":"page","link":"https:\/\/esc-ale.be\/index.php\/contacts\/","title":{"rendered":"Contacts"},"content":{"rendered":"\t\t<div data-elementor-type=\"wp-page\" data-elementor-id=\"46\" class=\"elementor elementor-46\">\n\t\t\t\t<div class=\"elementor-element elementor-element-23a257ee e-flex e-con-boxed e-con e-parent\" data-id=\"23a257ee\" data-element_type=\"container\">\n\t\t\t\t\t<div class=\"e-con-inner\">\n\t\t\t\t<div class=\"elementor-element elementor-element-11f7d278 elementor-widget elementor-widget-text-editor\" data-id=\"11f7d278\" data-element_type=\"widget\" data-widget_type=\"text-editor.default\">\n\t\t\t\t<div class=\"elementor-widget-container\">\n\t\t\t\t\t\t\t\t\t<p>\u00a0<\/p>\n<center><iframe style=\"border: 0;\" src=\"https:\/\/www.google.com\/maps\/embed?pb=!1m18!1m12!1m3!1d2531.98580629771!2d3.3863107157371264!3d50.60880127949746!2m3!1f0!2f0!3f0!3m2!1i1024!2i768!4f13.1!3m3!1m2!1s0x47c2e075455ef9cf%3A0x5eefaabb7c678f48!2sRue+des+Foss%C3%A9s+12%2C+7500+Tournai!5e0!3m2!1sfr!2sbe!4v1565357031551!5m2!1sfr!2sbe\" width=\"600\" height=\"450\" frameborder=\"0\" allowfullscreen=\"allowfullscreen\"><\/iframe><\/center><!-- \/wp:html --><!-- wp:themeisle-blocks\/advanced-columns {\"id\":\"wp-block-themeisle-blocks-advanced-columns-5d46d729\",\"columns\":2,\"layout\":\"equal\",\"layoutMobile\":\"collapsedRows\"} -->\n<p>\u00a0<\/p>\n<div style=\"border-radius: 0px; justify-content: unset; border: 0px solid #000000;\">\n<div style=\"opacity: 0.5; mix-blend-mode: normal;\">\u00a0<\/div>\n<div>\n<p><!-- wp:themeisle-blocks\/advanced-column {\"id\":\"wp-block-themeisle-blocks-advanced-column-44297db4\",\"columnWidth\":50} --><\/p>\n<div style=\"border-radius: 0px; border: 0px solid #000000;\">\n<p><!-- wp:tadv\/classic-paragraph --><\/p>\n<h3 style=\"text-align: center;\"><strong>Bureaux<\/strong><\/h3>\n<p style=\"text-align: center;\"><strong>Esc&rsquo;ALE ASBL &#8211; Bureaux de Tournai\u00a0<\/strong><br \/>Rue des Foss\u00e9s, 12\/1<br \/>7500 Tournai<\/p>\n<p style=\"text-align: center;\">069 \/ 777.938<\/p>\n<p style=\"text-align: center;\" align=\"center\"><strong><span style=\"font-size: 10.5pt; line-height: 107%; font-family: Arial, sans-serif; background-image: initial; background-position: initial; background-size: initial; background-repeat: initial; background-attachment: initial; background-origin: initial; background-clip: initial;\">Esc&rsquo;ALE ASBL &#8211; Bureaux de Pecq<\/span><\/strong><span style=\"font-size: 10.5pt; line-height: 107%; font-family: Arial, sans-serif;\"><br \/><span style=\"background-image: initial; background-position: initial; background-size: initial; background-repeat: initial; background-attachment: initial; background-origin: initial; background-clip: initial;\">Rue des D\u00e9port\u00e9s, 8<br \/><span style=\"background-image: initial; background-position: initial; background-size: initial; background-repeat: initial; background-attachment: initial; background-origin: initial; background-clip: initial;\">7740 Pecq<\/span><\/span><\/span><\/p>\n<p style=\"text-align: center;\" align=\"center\"><span style=\"font-size: 10.5pt; line-height: 107%; font-family: Arial, sans-serif;\"><span style=\"background-image: initial; background-position: initial; background-size: initial; background-repeat: initial; background-attachment: initial; background-origin: initial; background-clip: initial;\"><span style=\"background-image: initial; background-position: initial; background-size: initial; background-repeat: initial; background-attachment: initial; background-origin: initial; background-clip: initial;\"><span style=\"font-size: 10.5pt; text-align: start;\">069 \/ 259.540<\/span><\/span><\/span><\/span><\/p>\n<p style=\"text-align: center;\"><strong>Vit\u2019Ale (titres-services)<\/strong><br \/>Rue des Foss\u00e9s, 12\/2<br \/>7500 Tournai<\/p>\n<p style=\"text-align: center;\"><strong>Ale\u2018Iz\u00e9e<\/strong><br \/>Rue des Foss\u00e9s, 16\/1<br \/>7500 Tournai<\/p>\n<p><!-- \/wp:tadv\/classic-paragraph --><\/p>\n<\/div>\n<p><!-- \/wp:themeisle-blocks\/advanced-column --><!-- wp:themeisle-blocks\/advanced-column {\"id\":\"wp-block-themeisle-blocks-advanced-column-98700f45\",\"columnWidth\":50} --><\/p>\n<div style=\"border-radius: 0px; border: 0px solid #000000;\">\n<p><!-- wp:tadv\/classic-paragraph --><\/p>\n<h3 style=\"text-align: center;\"><strong>T\u00e9l\u00e9phones<\/strong><\/h3>\n<p style=\"text-align: center;\">ALE \/ ALE R\u00e9cup \/ Taxi Soci&rsquo;ale : 069\/777.938<\/p>\n<p style=\"text-align: center;\">Vit\u2019Ale : 069\/773.784<\/p>\n<p style=\"text-align: center;\">Ale\u2018Iz\u00e9e : 069\/556.604<\/p>\n<p>\u00a0<\/p>\n<h3 style=\"text-align: center;\"><strong>E-mail<\/strong><\/h3>\n<p style=\"text-align: center;\">Secr\u00e9tariat g\u00e9n\u00e9ral<br \/><a href=\"mailto:info@ale-tournai.be\">info@esc-ale.be<\/a><\/p>\n<p><!-- \/wp:tadv\/classic-paragraph --><\/p>\n<\/div>\n<p><!-- \/wp:themeisle-blocks\/advanced-column --><\/p>\n<\/div>\n<\/div>\n<p><!-- \/wp:themeisle-blocks\/advanced-columns --><\/p>\t\t\t\t\t\t\t\t<\/div>\n\t\t\t\t<\/div>\n\t\t\t\t\t<\/div>\n\t\t\t\t<\/div>\n\t\t\t\t<\/div>\n\t\t","protected":false},"excerpt":{"rendered":"<p>\u00a0 \u00a0 \u00a0 Bureaux Esc&rsquo;ALE ASBL &#8211; Bureaux de Tournai\u00a0Rue des Foss\u00e9s, 12\/17500 Tournai 069 \/ 777.938 Esc&rsquo;ALE ASBL &#8211; Bureaux de PecqRue des D\u00e9port\u00e9s, 87740 Pecq 069 \/ 259.540 &#8230;<\/p>\n","protected":false},"author":1,"featured_media":0,"parent":0,"menu_order":0,"comment_status":"closed","ping_status":"closed","template":"template-fullwidth.php","meta":{"footnotes":""},"class_list":["post-46","page","type-page","status-publish","hentry"],"yoast_head":"<!-- This site is optimized with the Yoast SEO plugin v27.3 - https:\/\/yoast.com\/product\/yoast-seo-wordpress\/ -->\n<title>Contacts - Esc&#039;ALE ASBL - ALE de Tournai-Pecq<\/title>\n<meta name=\"description\" content=\"Agence Locale pour l&#039;Emploi (ALE) Rue des Foss\u00e9s, 12\/1 7500 Tournai. Vit&#039;Ale (titres-services) Rue des Foss\u00e9s, 12\/2 7500 Tournai. Ale&#039;Iz\u00e9e Rue des Foss\u00e9s 16\/1 7500 Tournai\" \/>\n<meta name=\"robots\" content=\"index, follow, max-snippet:-1, max-image-preview:large, max-video-preview:-1\" \/>\n<link rel=\"canonical\" href=\"https:\/\/esc-ale.be\/index.php\/contacts\/\" \/>\n<meta property=\"og:locale\" content=\"fr_FR\" \/>\n<meta property=\"og:type\" content=\"article\" \/>\n<meta property=\"og:title\" content=\"Contacts - Esc&#039;ALE ASBL - ALE de Tournai-Pecq\" \/>\n<meta property=\"og:description\" content=\"Agence Locale pour l&#039;Emploi (ALE) Rue des Foss\u00e9s, 12\/1 7500 Tournai. Vit&#039;Ale (titres-services) Rue des Foss\u00e9s, 12\/2 7500 Tournai. Ale&#039;Iz\u00e9e Rue des Foss\u00e9s 16\/1 7500 Tournai\" \/>\n<meta property=\"og:url\" content=\"https:\/\/esc-ale.be\/index.php\/contacts\/\" \/>\n<meta property=\"og:site_name\" content=\"Esc&#039;ALE ASBL - ALE de Tournai-Pecq\" \/>\n<meta property=\"article:modified_time\" content=\"2026-03-23T14:09:08+00:00\" \/>\n<meta name=\"twitter:card\" content=\"summary_large_image\" \/>\n<meta name=\"twitter:label1\" content=\"Dur\u00e9e de lecture estim\u00e9e\" \/>\n\t<meta name=\"twitter:data1\" content=\"1 minute\" \/>\n<script type=\"application\/ld+json\" class=\"yoast-schema-graph\">{\"@context\":\"https:\\\/\\\/schema.org\",\"@graph\":[{\"@type\":\"WebPage\",\"@id\":\"https:\\\/\\\/esc-ale.be\\\/index.php\\\/contacts\\\/\",\"url\":\"https:\\\/\\\/esc-ale.be\\\/index.php\\\/contacts\\\/\",\"name\":\"Contacts - Esc&#039;ALE ASBL - ALE de Tournai-Pecq\",\"isPartOf\":{\"@id\":\"https:\\\/\\\/esc-ale.be\\\/#website\"},\"datePublished\":\"2019-08-07T10:05:14+00:00\",\"dateModified\":\"2026-03-23T14:09:08+00:00\",\"description\":\"Agence Locale pour l'Emploi (ALE) Rue des Foss\u00e9s, 12\\\/1 7500 Tournai. Vit'Ale (titres-services) Rue des Foss\u00e9s, 12\\\/2 7500 Tournai. Ale'Iz\u00e9e Rue des Foss\u00e9s 16\\\/1 7500 Tournai\",\"breadcrumb\":{\"@id\":\"https:\\\/\\\/esc-ale.be\\\/index.php\\\/contacts\\\/#breadcrumb\"},\"inLanguage\":\"fr-FR\",\"potentialAction\":[{\"@type\":\"ReadAction\",\"target\":[\"https:\\\/\\\/esc-ale.be\\\/index.php\\\/contacts\\\/\"]}]},{\"@type\":\"BreadcrumbList\",\"@id\":\"https:\\\/\\\/esc-ale.be\\\/index.php\\\/contacts\\\/#breadcrumb\",\"itemListElement\":[{\"@type\":\"ListItem\",\"position\":1,\"name\":\"Accueil\",\"item\":\"https:\\\/\\\/esc-ale.be\\\/\"},{\"@type\":\"ListItem\",\"position\":2,\"name\":\"Contacts\"}]},{\"@type\":\"WebSite\",\"@id\":\"https:\\\/\\\/esc-ale.be\\\/#website\",\"url\":\"https:\\\/\\\/esc-ale.be\\\/\",\"name\":\"Esc&#039;ALE ASBL - ALE de Tournai-Pecq\",\"description\":\"Vous \u00e9prouvez des difficult\u00e9s \u00e0 vous d\u00e9placer ? Vous souhaitez vous rendre chez le m\u00e9decin, \u00e0 une consultation \u00e0 l&#039;h\u00f4pital, faire des courses, \u2026\",\"publisher\":{\"@id\":\"https:\\\/\\\/esc-ale.be\\\/#organization\"},\"potentialAction\":[{\"@type\":\"SearchAction\",\"target\":{\"@type\":\"EntryPoint\",\"urlTemplate\":\"https:\\\/\\\/esc-ale.be\\\/?s={search_term_string}\"},\"query-input\":{\"@type\":\"PropertyValueSpecification\",\"valueRequired\":true,\"valueName\":\"search_term_string\"}}],\"inLanguage\":\"fr-FR\"},{\"@type\":\"Organization\",\"@id\":\"https:\\\/\\\/esc-ale.be\\\/#organization\",\"name\":\"Esc&#039;ALE ASBL - ALE de Tournai-Pecq\",\"url\":\"https:\\\/\\\/esc-ale.be\\\/\",\"logo\":{\"@type\":\"ImageObject\",\"inLanguage\":\"fr-FR\",\"@id\":\"https:\\\/\\\/esc-ale.be\\\/#\\\/schema\\\/logo\\\/image\\\/\",\"url\":\"https:\\\/\\\/esc-ale.be\\\/wp-content\\\/uploads\\\/2025\\\/10\\\/cropped-Petit-Logo-EscALE.jpg\",\"contentUrl\":\"https:\\\/\\\/esc-ale.be\\\/wp-content\\\/uploads\\\/2025\\\/10\\\/cropped-Petit-Logo-EscALE.jpg\",\"width\":125,\"height\":110,\"caption\":\"Esc&#039;ALE ASBL - ALE de Tournai-Pecq\"},\"image\":{\"@id\":\"https:\\\/\\\/esc-ale.be\\\/#\\\/schema\\\/logo\\\/image\\\/\"}}]}<\/script>\n<!-- \/ Yoast SEO plugin. -->","yoast_head_json":{"title":"Contacts - Esc&#039;ALE ASBL - ALE de Tournai-Pecq","description":"Agence Locale pour l'Emploi (ALE) Rue des Foss\u00e9s, 12\/1 7500 Tournai. Vit'Ale (titres-services) Rue des Foss\u00e9s, 12\/2 7500 Tournai. Ale'Iz\u00e9e Rue des Foss\u00e9s 16\/1 7500 Tournai","robots":{"index":"index","follow":"follow","max-snippet":"max-snippet:-1","max-image-preview":"max-image-preview:large","max-video-preview":"max-video-preview:-1"},"canonical":"https:\/\/esc-ale.be\/index.php\/contacts\/","og_locale":"fr_FR","og_type":"article","og_title":"Contacts - Esc&#039;ALE ASBL - ALE de Tournai-Pecq","og_description":"Agence Locale pour l'Emploi (ALE) Rue des Foss\u00e9s, 12\/1 7500 Tournai. Vit'Ale (titres-services) Rue des Foss\u00e9s, 12\/2 7500 Tournai. Ale'Iz\u00e9e Rue des Foss\u00e9s 16\/1 7500 Tournai","og_url":"https:\/\/esc-ale.be\/index.php\/contacts\/","og_site_name":"Esc&#039;ALE ASBL - ALE de Tournai-Pecq","article_modified_time":"2026-03-23T14:09:08+00:00","twitter_card":"summary_large_image","twitter_misc":{"Dur\u00e9e de lecture estim\u00e9e":"1 minute"},"schema":{"@context":"https:\/\/schema.org","@graph":[{"@type":"WebPage","@id":"https:\/\/esc-ale.be\/index.php\/contacts\/","url":"https:\/\/esc-ale.be\/index.php\/contacts\/","name":"Contacts - Esc&#039;ALE ASBL - ALE de Tournai-Pecq","isPartOf":{"@id":"https:\/\/esc-ale.be\/#website"},"datePublished":"2019-08-07T10:05:14+00:00","dateModified":"2026-03-23T14:09:08+00:00","description":"Agence Locale pour l'Emploi (ALE) Rue des Foss\u00e9s, 12\/1 7500 Tournai. Vit'Ale (titres-services) Rue des Foss\u00e9s, 12\/2 7500 Tournai. Ale'Iz\u00e9e Rue des Foss\u00e9s 16\/1 7500 Tournai","breadcrumb":{"@id":"https:\/\/esc-ale.be\/index.php\/contacts\/#breadcrumb"},"inLanguage":"fr-FR","potentialAction":[{"@type":"ReadAction","target":["https:\/\/esc-ale.be\/index.php\/contacts\/"]}]},{"@type":"BreadcrumbList","@id":"https:\/\/esc-ale.be\/index.php\/contacts\/#breadcrumb","itemListElement":[{"@type":"ListItem","position":1,"name":"Accueil","item":"https:\/\/esc-ale.be\/"},{"@type":"ListItem","position":2,"name":"Contacts"}]},{"@type":"WebSite","@id":"https:\/\/esc-ale.be\/#website","url":"https:\/\/esc-ale.be\/","name":"Esc&#039;ALE ASBL - ALE de Tournai-Pecq","description":"Vous \u00e9prouvez des difficult\u00e9s \u00e0 vous d\u00e9placer ? Vous souhaitez vous rendre chez le m\u00e9decin, \u00e0 une consultation \u00e0 l&#039;h\u00f4pital, faire des courses, \u2026","publisher":{"@id":"https:\/\/esc-ale.be\/#organization"},"potentialAction":[{"@type":"SearchAction","target":{"@type":"EntryPoint","urlTemplate":"https:\/\/esc-ale.be\/?s={search_term_string}"},"query-input":{"@type":"PropertyValueSpecification","valueRequired":true,"valueName":"search_term_string"}}],"inLanguage":"fr-FR"},{"@type":"Organization","@id":"https:\/\/esc-ale.be\/#organization","name":"Esc&#039;ALE ASBL - ALE de Tournai-Pecq","url":"https:\/\/esc-ale.be\/","logo":{"@type":"ImageObject","inLanguage":"fr-FR","@id":"https:\/\/esc-ale.be\/#\/schema\/logo\/image\/","url":"https:\/\/esc-ale.be\/wp-content\/uploads\/2025\/10\/cropped-Petit-Logo-EscALE.jpg","contentUrl":"https:\/\/esc-ale.be\/wp-content\/uploads\/2025\/10\/cropped-Petit-Logo-EscALE.jpg","width":125,"height":110,"caption":"Esc&#039;ALE ASBL - ALE de Tournai-Pecq"},"image":{"@id":"https:\/\/esc-ale.be\/#\/schema\/logo\/image\/"}}]}},"jetpack_sharing_enabled":true,"_links":{"self":[{"href":"https:\/\/esc-ale.be\/index.php\/wp-json\/wp\/v2\/pages\/46","targetHints":{"allow":["GET"]}}],"collection":[{"href":"https:\/\/esc-ale.be\/index.php\/wp-json\/wp\/v2\/pages"}],"about":[{"href":"https:\/\/esc-ale.be\/index.php\/wp-json\/wp\/v2\/types\/page"}],"author":[{"embeddable":true,"href":"https:\/\/esc-ale.be\/index.php\/wp-json\/wp\/v2\/users\/1"}],"replies":[{"embeddable":true,"href":"https:\/\/esc-ale.be\/index.php\/wp-json\/wp\/v2\/comments?post=46"}],"version-history":[{"count":32,"href":"https:\/\/esc-ale.be\/index.php\/wp-json\/wp\/v2\/pages\/46\/revisions"}],"predecessor-version":[{"id":2245,"href":"https:\/\/esc-ale.be\/index.php\/wp-json\/wp\/v2\/pages\/46\/revisions\/2245"}],"wp:attachment":[{"href":"https:\/\/esc-ale.be\/index.php\/wp-json\/wp\/v2\/media?parent=46"}],"curies":[{"name":"wp","href":"https:\/\/api.w.org\/{rel}","templated":true}]}}