{"id":42,"date":"2019-08-07T12:01:11","date_gmt":"2019-08-07T10:01:11","guid":{"rendered":"http:\/\/ale-tournai.be\/?page_id=42"},"modified":"2025-11-07T15:06:21","modified_gmt":"2025-11-07T14:06:21","slug":"vitale","status":"publish","type":"page","link":"https:\/\/esc-ale.be\/index.php\/vitale\/","title":{"rendered":"VIT\u2019ALE"},"content":{"rendered":"\t\t<div data-elementor-type=\"wp-page\" data-elementor-id=\"42\" class=\"elementor elementor-42\">\n\t\t\t\t\t\t<section class=\"elementor-section elementor-top-section elementor-element elementor-element-5e8eb499 elementor-section-boxed elementor-section-height-default elementor-section-height-default\" data-id=\"5e8eb499\" data-element_type=\"section\">\n\t\t\t\t\t\t<div class=\"elementor-container elementor-column-gap-default\">\n\t\t\t\t\t<div class=\"elementor-column elementor-col-100 elementor-top-column elementor-element elementor-element-5e0aafc0\" data-id=\"5e0aafc0\" data-element_type=\"column\">\n\t\t\t<div class=\"elementor-widget-wrap elementor-element-populated\">\n\t\t\t\t\t\t<div class=\"elementor-element elementor-element-3db5c580 elementor-widget elementor-widget-text-editor\" data-id=\"3db5c580\" data-element_type=\"widget\" data-widget_type=\"text-editor.default\">\n\t\t\t\t<div class=\"elementor-widget-container\">\n\t\t\t\t\t\t\t\t\t<h2 style=\"text-align: center;\"><span style=\"font-size: 2rem;\">Vous souhaitez faire appel \u00e0 un.e aide-m\u00e9nager.\u00e8re dans la r\u00e9gion de Tournai ou Pecq ?<\/span><\/h2>\n<p><!-- \/wp:tadv\/classic-paragraph --><!-- wp:themeisle-blocks\/advanced-columns {\"id\":\"wp-block-themeisle-blocks-advanced-columns-22e80d54\",\"columns\":2,\"layout\":\"oneTwo\",\"layoutMobile\":\"collapsedRows\",\"paddingTablet\":20,\"paddingMobile\":20,\"paddingTopTablet\":20,\"paddingTopMobile\":20,\"paddingRightTablet\":20,\"paddingRightMobile\":20,\"paddingBottomTablet\":20,\"paddingBottomMobile\":20,\"paddingLeftTablet\":20,\"paddingLeftMobile\":20,\"marginTablet\":20,\"marginMobile\":20,\"marginTopTablet\":20,\"marginTopMobile\":20,\"marginBottomTablet\":20,\"marginBottomMobile\":20,\"align\":\"wide\"} --><!-- \/wp:button --><!-- wp:themeisle-blocks\/advanced-columns {\"id\":\"wp-block-themeisle-blocks-advanced-columns-1e7a52da\",\"columns\":1,\"layout\":\"equal\",\"columnsGap\":\"wider\",\"paddingTablet\":20,\"paddingMobile\":20,\"paddingTopTablet\":20,\"paddingTopMobile\":20,\"paddingRightTablet\":20,\"paddingRightMobile\":20,\"paddingBottomTablet\":20,\"paddingBottomMobile\":20,\"paddingLeftTablet\":20,\"paddingLeftMobile\":20,\"marginTablet\":20,\"marginMobile\":20,\"marginTopTablet\":20,\"marginTopMobile\":20,\"marginBottomTablet\":20,\"marginBottomMobile\":20,\"align\":\"full\"} --><!-- \/wp:themeisle-blocks\/advanced-columns --><!-- wp:themeisle-blocks\/advanced-columns {\"id\":\"wp-block-themeisle-blocks-advanced-columns-e62c6546\",\"columns\":2,\"layout\":\"equal\",\"layoutMobile\":\"collapsedRows\",\"paddingTablet\":20,\"paddingMobile\":20,\"paddingTopTablet\":20,\"paddingTopMobile\":20,\"paddingRightTablet\":20,\"paddingRightMobile\":20,\"paddingBottomTablet\":20,\"paddingBottomMobile\":20,\"paddingLeftTablet\":20,\"paddingLeftMobile\":20,\"marginTablet\":20,\"marginMobile\":20,\"marginTopTablet\":20,\"marginTopMobile\":20,\"marginBottomTablet\":20,\"marginBottomMobile\":20} --><!-- \/wp:themeisle-blocks\/advanced-columns --><\/p>\n<div id=\"ConnectiveDocSignExtentionInstalled\" data-extension-version=\"1.0.4\">\u00a0<\/div>\t\t\t\t\t\t\t\t<\/div>\n\t\t\t\t<\/div>\n\t\t\t\t\t<\/div>\n\t\t<\/div>\n\t\t\t\t\t<\/div>\n\t\t<\/section>\n\t\t<div class=\"elementor-element elementor-element-283b608 e-flex e-con-boxed e-con e-parent\" data-id=\"283b608\" data-element_type=\"container\">\n\t\t\t\t\t<div class=\"e-con-inner\">\n\t\t<div class=\"elementor-element elementor-element-1a1c17c e-con-full e-flex e-con e-child\" data-id=\"1a1c17c\" data-element_type=\"container\">\n\t\t\t\t<div class=\"elementor-element elementor-element-2794180 elementor-widget elementor-widget-image\" data-id=\"2794180\" data-element_type=\"widget\" data-widget_type=\"image.default\">\n\t\t\t\t<div class=\"elementor-widget-container\">\n\t\t\t\t\t\t\t\t\t\t\t\t\t\t\t<img fetchpriority=\"high\" decoding=\"async\" width=\"768\" height=\"512\" src=\"https:\/\/esc-ale.be\/wp-content\/uploads\/2022\/06\/Fotolia_95186150_XXL-768x512-1.jpg\" class=\"attachment-large size-large wp-image-1427\" alt=\"\" srcset=\"https:\/\/esc-ale.be\/wp-content\/uploads\/2022\/06\/Fotolia_95186150_XXL-768x512-1.jpg 768w, https:\/\/esc-ale.be\/wp-content\/uploads\/2022\/06\/Fotolia_95186150_XXL-768x512-1-300x200.jpg 300w\" sizes=\"(max-width: 768px) 100vw, 768px\" \/>\t\t\t\t\t\t\t\t\t\t\t\t\t\t\t<\/div>\n\t\t\t\t<\/div>\n\t\t\t\t<\/div>\n\t\t<div class=\"elementor-element elementor-element-5faafd6 e-con-full e-flex e-con e-child\" data-id=\"5faafd6\" data-element_type=\"container\">\n\t\t\t\t<div class=\"elementor-element elementor-element-4ac5180 elementor-widget elementor-widget-text-editor\" data-id=\"4ac5180\" data-element_type=\"widget\" data-widget_type=\"text-editor.default\">\n\t\t\t\t<div class=\"elementor-widget-container\">\n\t\t\t\t\t\t\t\t\t<h2>Vit&rsquo;Ale<\/h2>\n<p>La section titres-services de l&rsquo;ALE met son exp\u00e9rience de plus de <strong>20 ans<\/strong> \u00e0 votre service.<\/p>\n<p>Pr\u00e8s de <strong>1.000 utilisateurs<\/strong> nous font confiance.<\/p>\n<p>Vit&rsquo;Ale emploie plus de <strong>90 aide-m\u00e9nagers<\/strong> de notre r\u00e9gion.<\/p>\n<div id=\"ConnectiveDocSignExtentionInstalled\" data-extension-version=\"1.0.4\">\u00a0<\/div>\t\t\t\t\t\t\t\t<\/div>\n\t\t\t\t<\/div>\n\t\t\t\t<\/div>\n\t\t\t\t\t<\/div>\n\t\t\t\t<\/div>\n\t\t<div class=\"elementor-element elementor-element-05d6edc e-flex e-con-boxed e-con e-parent\" data-id=\"05d6edc\" data-element_type=\"container\">\n\t\t\t\t\t<div class=\"e-con-inner\">\n\t\t\t\t<div class=\"elementor-element elementor-element-be58d27 elementor-widget elementor-widget-text-editor\" data-id=\"be58d27\" data-element_type=\"widget\" data-widget_type=\"text-editor.default\">\n\t\t\t\t<div class=\"elementor-widget-container\">\n\t\t\t\t\t\t\t\t\t<div id=\"wp-block-themeisle-blocks-advanced-columns-e62c6546\" class=\"wp-block-themeisle-blocks-advanced-columns has-2-columns has-desktop-equal-layout has-tablet-equal-layout has-mobile-collapsedRows-layout has-default-gap has-vertical-unset\">\n<div class=\"innerblocks-wrap\">\n<div id=\"wp-block-themeisle-blocks-advanced-column-6810d3fb\" class=\"wp-block-themeisle-blocks-advanced-column\">\n<h4>Qu\u2019est-ce que le titre-service ?<\/h4>\n<p>Le titre-service est un syst\u00e8me dans lequel une entreprise agr\u00e9\u00e9e (Vit\u2019Ale) engage des travailleurs pour effectuer des activit\u00e9s d\u2019aide-m\u00e9nag\u00e8re au domicile d\u2019un utilisateur.<\/p>\n<h4>La d\u00e9duction fiscale<\/h4>\n<p>La d\u00e9duction fiscale est accord\u00e9e sur les 150 premiers titres command\u00e9s.<\/p>\n<p>Nous vous rappelons qu\u2019il est toujours possible d\u2019inscrire, sous certaines conditions, plusieurs personnes majeures par adresse et par cons\u00e9quent de multiplier le nombre de titres commandables mais \u00e9galement d\u00e9ductibles fiscalement.<\/p>\n<p><!-- \/wp:tadv\/classic-paragraph --><\/p>\n<\/div>\n<p><!-- \/wp:themeisle-blocks\/advanced-column --><!-- wp:themeisle-blocks\/advanced-column {\"id\":\"wp-block-themeisle-blocks-advanced-column-9fb706ae\",\"paddingTablet\":20,\"paddingMobile\":20,\"paddingTopTablet\":20,\"paddingTopMobile\":20,\"paddingRightTablet\":20,\"paddingRightMobile\":20,\"paddingBottomTablet\":20,\"paddingBottomMobile\":20,\"paddingLeftTablet\":20,\"paddingLeftMobile\":20,\"marginTablet\":20,\"marginMobile\":20,\"marginTopTablet\":20,\"marginTopMobile\":20,\"marginRightTablet\":0,\"marginRightMobile\":0,\"marginBottomTablet\":20,\"marginBottomMobile\":20,\"marginLeftTablet\":0,\"marginLeftMobile\":0,\"columnWidth\":\"50\"} --><\/p>\n<div id=\"wp-block-themeisle-blocks-advanced-column-9fb706ae\" class=\"wp-block-themeisle-blocks-advanced-column\">\n<p><!-- wp:tadv\/classic-paragraph --><\/p>\n<h4>Quel est le co\u00fbt ?<\/h4>\n<p>Pour l\u2019utilisateur, la valeur du titre-service est fix\u00e9e \u00e0&nbsp; 10,4 \u20ac et sa dur\u00e9e d\u2019utilisation est de 8 mois. Il vous suffit de signer le titre-service (1 titre par heure prest\u00e9e) et de le remettre \u00e0 votre aide-m\u00e9nag\u00e8re.<\/p>\n<p>* Apr\u00e8s d\u00e9duction fiscale, le co\u00fbt du titre-service sera de&nbsp; 9,4 \u20ac .<\/p>\n<p>Pour les utilisateurs habitant une autre commune que Tournai et Pecq, une facture reprenant les frais de d\u00e9placements (aller-retour) leur sera envoy\u00e9e. Ces frais s\u2019\u00e9l\u00e8vent \u00e0 0,11 \u20ac\/km.<\/p>\n<p><!-- \/wp:tadv\/classic-paragraph --><\/p>\n<\/div>\n<p><!-- \/wp:themeisle-blocks\/advanced-column --><\/p>\n<\/div>\n<\/div>\n<p><!-- \/wp:themeisle-blocks\/advanced-columns --><!-- wp:themeisle-blocks\/advanced-columns {\"id\":\"wp-block-themeisle-blocks-advanced-columns-698e3c2f\",\"columns\":1,\"layout\":\"equal\",\"paddingTablet\":20,\"paddingMobile\":20,\"paddingTopTablet\":20,\"paddingTopMobile\":20,\"paddingRightTablet\":20,\"paddingRightMobile\":20,\"paddingBottomTablet\":20,\"paddingBottomMobile\":20,\"paddingLeftTablet\":20,\"paddingLeftMobile\":20,\"marginTablet\":20,\"marginMobile\":20,\"marginTopTablet\":20,\"marginTopMobile\":20,\"marginBottomTablet\":20,\"marginBottomMobile\":20} --><\/p>\n<div id=\"wp-block-themeisle-blocks-advanced-columns-698e3c2f\" class=\"wp-block-themeisle-blocks-advanced-columns has-1-columns has-desktop-equal-layout has-tablet-equal-layout has-mobile-equal-layout has-default-gap has-vertical-unset\">\n<div class=\"wp-block-themeisle-blocks-advanced-columns-overlay\">&nbsp;<\/div>\n<div class=\"innerblocks-wrap\">\n<p><!-- wp:themeisle-blocks\/advanced-column {\"id\":\"wp-block-themeisle-blocks-advanced-column-32b6262b\",\"paddingTablet\":20,\"paddingMobile\":20,\"paddingTopTablet\":20,\"paddingTopMobile\":20,\"paddingRightTablet\":20,\"paddingRightMobile\":20,\"paddingBottomTablet\":20,\"paddingBottomMobile\":20,\"paddingLeftTablet\":20,\"paddingLeftMobile\":20,\"marginTablet\":20,\"marginMobile\":20,\"marginTopTablet\":20,\"marginTopMobile\":20,\"marginRightTablet\":0,\"marginRightMobile\":0,\"marginBottomTablet\":20,\"marginBottomMobile\":20,\"marginLeftTablet\":0,\"marginLeftMobile\":0,\"backgroundColor\":\"#0071a1\",\"columnWidth\":\"100\"} --><\/p>\n<div id=\"wp-block-themeisle-blocks-advanced-column-32b6262b\" class=\"wp-block-themeisle-blocks-advanced-column\">\n<p><!-- wp:tadv\/classic-paragraph --><\/p>\n<h4>Quelles sont les activit\u00e9s autoris\u00e9es ?<\/h4>\n<h4>&nbsp;<\/h4>\n<p style=\"text-align: center;\">Vous pouvez utiliser vos titres-services pour les activit\u00e9s suivantes :<\/p>\n<p style=\"text-align: center;\">Nettoyage<\/p>\n<p style=\"text-align: center;\">Lessive<\/p>\n<p style=\"text-align: center;\">Repassage (au domicile de l\u2019utilisateur)<\/p>\n<p style=\"text-align: center;\">Petits travaux de couture<\/p>\n<p style=\"text-align: center;\">Pr\u00e9paration des repas<\/p>\n<p style=\"text-align: center;\">Courses m\u00e9nag\u00e8res (d\u00e9placements factur\u00e9s)<\/p>\n<p><!-- \/wp:tadv\/classic-paragraph --><\/p>\n<\/div>\n<p><!-- \/wp:themeisle-blocks\/advanced-column --><\/p>\n<\/div>\n<\/div>\n<p><!-- \/wp:themeisle-blocks\/advanced-columns --><!-- wp:themeisle-blocks\/advanced-columns {\"id\":\"wp-block-themeisle-blocks-advanced-columns-6db9c055\",\"columns\":2,\"layout\":\"equal\",\"layoutMobile\":\"collapsedRows\",\"paddingTablet\":20,\"paddingMobile\":20,\"paddingTopTablet\":20,\"paddingTopMobile\":20,\"paddingRightTablet\":20,\"paddingRightMobile\":20,\"paddingBottomTablet\":20,\"paddingBottomMobile\":20,\"paddingLeftTablet\":20,\"paddingLeftMobile\":20,\"marginTablet\":20,\"marginMobile\":20,\"marginTopTablet\":20,\"marginTopMobile\":20,\"marginBottomTablet\":20,\"marginBottomMobile\":20} --><\/p>\n<div id=\"wp-block-themeisle-blocks-advanced-columns-6db9c055\" class=\"wp-block-themeisle-blocks-advanced-columns has-2-columns has-desktop-equal-layout has-tablet-equal-layout has-mobile-collapsedRows-layout has-default-gap has-vertical-unset\">\n<div class=\"wp-block-themeisle-blocks-advanced-columns-overlay\">&nbsp;<\/div>\n<div class=\"innerblocks-wrap\">\n<p><!-- wp:themeisle-blocks\/advanced-column {\"id\":\"wp-block-themeisle-blocks-advanced-column-34dc2f6b\",\"paddingTablet\":20,\"paddingMobile\":20,\"paddingTopTablet\":20,\"paddingTopMobile\":20,\"paddingRightTablet\":20,\"paddingRightMobile\":20,\"paddingBottomTablet\":20,\"paddingBottomMobile\":20,\"paddingLeftTablet\":20,\"paddingLeftMobile\":20,\"marginTablet\":20,\"marginMobile\":20,\"marginTopTablet\":20,\"marginTopMobile\":20,\"marginRightTablet\":0,\"marginRightMobile\":0,\"marginBottomTablet\":20,\"marginBottomMobile\":20,\"marginLeftTablet\":0,\"marginLeftMobile\":0,\"columnWidth\":\"50\"} --><\/p>\n<div id=\"wp-block-themeisle-blocks-advanced-column-34dc2f6b\" class=\"wp-block-themeisle-blocks-advanced-column\">\n<p><!-- wp:tadv\/classic-paragraph --><\/p>\n<h4>Informations utiles<\/h4>\n<ul>\n<li>Chaque personne majeure peut commander jusqu\u2019\u00e0 175 titres-services par ann\u00e9e civile avec maximum de 350 titres par foyer.<\/li>\n<li>Au-del\u00e0 de ce plafond, l\u2019utilisateur aura la possibilit\u00e9 d\u2019acqu\u00e9rir 225 titres suppl\u00e9mentaires mais avec une augmentation d\u20191 \u20ac par titre.<\/li>\n<li>Pour certaines cat\u00e9gories de personnes, la limite est port\u00e9e \u00e0 2000 titres-services par ann\u00e9e civile. Cette d\u00e9rogation a \u00e9t\u00e9 accord\u00e9e aux familles monoparentales, aux personnes handicap\u00e9es (et parents d\u2019enfants mineurs handicap\u00e9s) et aux personnes \u00e2g\u00e9es b\u00e9n\u00e9ficiant d\u2019une allocation pour l\u2019aide aux personnes \u00e2g\u00e9es.<\/li>\n<li>Un minimum de 3h de prestation d\u2019affil\u00e9e est obligatoire.<\/li>\n<li>Les travailleurs sont engag\u00e9s sous contrat de travail et sont donc assur\u00e9s contre les accidents du travail et sur le chemin du travail.<\/li>\n<li>Les utilisateurs b\u00e9n\u00e9ficient d\u2019une assurance couvrant les d\u00e9g\u00e2ts \u00e9ventuels de l\u2019aide-m\u00e9nag\u00e8re avec une d\u00e9duction de franchise de 125 \u20ac.<\/li>\n<\/ul>\n<p><!-- \/wp:tadv\/classic-paragraph --><\/p>\n<\/div>\n<p><!-- \/wp:themeisle-blocks\/advanced-column --><!-- wp:themeisle-blocks\/advanced-column {\"id\":\"wp-block-themeisle-blocks-advanced-column-205a0d5f\",\"paddingTablet\":20,\"paddingMobile\":20,\"paddingTopTablet\":20,\"paddingTopMobile\":20,\"paddingRightTablet\":20,\"paddingRightMobile\":20,\"paddingBottomTablet\":20,\"paddingBottomMobile\":20,\"paddingLeftTablet\":20,\"paddingLeftMobile\":20,\"marginTablet\":20,\"marginMobile\":20,\"marginTopTablet\":20,\"marginTopMobile\":20,\"marginRightTablet\":0,\"marginRightMobile\":0,\"marginBottomTablet\":20,\"marginBottomMobile\":20,\"marginLeftTablet\":0,\"marginLeftMobile\":0,\"columnWidth\":\"50\"} --><\/p>\n<div id=\"wp-block-themeisle-blocks-advanced-column-205a0d5f\" class=\"wp-block-themeisle-blocks-advanced-column\">\n<p><!-- wp:tadv\/classic-paragraph --><\/p>\n<h4>Modalit\u00e9s d\u2019inscription<\/h4>\n<p>Pour vous inscrire, il suffit de prendre contact avec Vit\u2019Ale soit par t\u00e9l\u00e9phone soit par mail, en vous rendant directement dans nos locaux ou en compl\u00e9tant le formulaire ci-dessus.<\/p>\n<p>Nous nous chargeons de votre inscription chez Sodexo afin de vous permettre de commander vos titres\u2013services.<\/p>\n<p>Pour tout renseignement compl\u00e9mentaire ou demande, n\u2019h\u00e9sitez surtout pas \u00e0 nous contacter<\/p>\n<\/div>\n<\/div>\n<\/div>\n<div id=\"ConnectiveDocSignExtentionInstalled\" data-extension-version=\"1.0.4\"><a href=\"http:\/\/www.ale-tournai.be\/feries2025.jpg\">&nbsp;La liste des cong\u00e9s 2025<\/a><\/div>\t\t\t\t\t\t\t\t<\/div>\n\t\t\t\t<\/div>\n\t\t\t\t\t<\/div>\n\t\t\t\t<\/div>\n\t\t\t\t<\/div>\n\t\t","protected":false},"excerpt":{"rendered":"<p>Vous souhaitez faire appel \u00e0 un.e aide-m\u00e9nager.\u00e8re dans la r\u00e9gion de Tournai ou Pecq ? \u00a0 Vit&rsquo;Ale La section titres-services de l&rsquo;ALE met son exp\u00e9rience de plus de 20 ans &#8230;<\/p>\n","protected":false},"author":1,"featured_media":0,"parent":0,"menu_order":0,"comment_status":"closed","ping_status":"closed","template":"template-fullwidth.php","meta":{"footnotes":""},"class_list":["post-42","page","type-page","status-publish","hentry"],"yoast_head":"<!-- This site is optimized with the Yoast SEO plugin v27.3 - https:\/\/yoast.com\/product\/yoast-seo-wordpress\/ -->\n<title>VIT\u2019ALE - Esc&#039;ALE ASBL - ALE de Tournai-Pecq<\/title>\n<meta name=\"description\" content=\"Vit\u2019Ale peut vous apporter la solution via le syst\u00e8me des titres-services ! Le titre-service est un syst\u00e8me dans lequel une entreprise agr\u00e9\u00e9e (Vit\u2019Ale) engage des travailleurs pour effectuer des activit\u00e9s d\u2019aide-m\u00e9nag\u00e8re au domicile d\u2019un utilisateur.\" \/>\n<meta name=\"robots\" content=\"index, follow, max-snippet:-1, max-image-preview:large, max-video-preview:-1\" \/>\n<link rel=\"canonical\" href=\"https:\/\/esc-ale.be\/index.php\/vitale\/\" \/>\n<meta property=\"og:locale\" content=\"fr_FR\" \/>\n<meta property=\"og:type\" content=\"article\" \/>\n<meta property=\"og:title\" content=\"VIT\u2019ALE - Esc&#039;ALE ASBL - ALE de Tournai-Pecq\" \/>\n<meta property=\"og:description\" content=\"Vit\u2019Ale peut vous apporter la solution via le syst\u00e8me des titres-services ! Le titre-service est un syst\u00e8me dans lequel une entreprise agr\u00e9\u00e9e (Vit\u2019Ale) engage des travailleurs pour effectuer des activit\u00e9s d\u2019aide-m\u00e9nag\u00e8re au domicile d\u2019un utilisateur.\" \/>\n<meta property=\"og:url\" content=\"https:\/\/esc-ale.be\/index.php\/vitale\/\" \/>\n<meta property=\"og:site_name\" content=\"Esc&#039;ALE ASBL - ALE de Tournai-Pecq\" \/>\n<meta property=\"article:modified_time\" content=\"2025-11-07T14:06:21+00:00\" \/>\n<meta property=\"og:image\" content=\"https:\/\/esc-ale.be\/wp-content\/uploads\/2022\/06\/Fotolia_95186150_XXL-768x512-1.jpg\" \/>\n\t<meta property=\"og:image:width\" content=\"768\" \/>\n\t<meta property=\"og:image:height\" content=\"512\" \/>\n\t<meta property=\"og:image:type\" content=\"image\/jpeg\" \/>\n<meta name=\"twitter:card\" content=\"summary_large_image\" \/>\n<meta name=\"twitter:label1\" content=\"Dur\u00e9e de lecture estim\u00e9e\" \/>\n\t<meta name=\"twitter:data1\" content=\"3 minutes\" \/>\n<script type=\"application\/ld+json\" class=\"yoast-schema-graph\">{\"@context\":\"https:\\\/\\\/schema.org\",\"@graph\":[{\"@type\":\"WebPage\",\"@id\":\"https:\\\/\\\/esc-ale.be\\\/index.php\\\/vitale\\\/\",\"url\":\"https:\\\/\\\/esc-ale.be\\\/index.php\\\/vitale\\\/\",\"name\":\"VIT\u2019ALE - Esc&#039;ALE ASBL - ALE de Tournai-Pecq\",\"isPartOf\":{\"@id\":\"https:\\\/\\\/esc-ale.be\\\/#website\"},\"primaryImageOfPage\":{\"@id\":\"https:\\\/\\\/esc-ale.be\\\/index.php\\\/vitale\\\/#primaryimage\"},\"image\":{\"@id\":\"https:\\\/\\\/esc-ale.be\\\/index.php\\\/vitale\\\/#primaryimage\"},\"thumbnailUrl\":\"https:\\\/\\\/esc-ale.be\\\/wp-content\\\/uploads\\\/2022\\\/06\\\/Fotolia_95186150_XXL-768x512-1.jpg\",\"datePublished\":\"2019-08-07T10:01:11+00:00\",\"dateModified\":\"2025-11-07T14:06:21+00:00\",\"description\":\"Vit\u2019Ale peut vous apporter la solution via le syst\u00e8me des titres-services ! Le titre-service est un syst\u00e8me dans lequel une entreprise agr\u00e9\u00e9e (Vit\u2019Ale) engage des travailleurs pour effectuer des activit\u00e9s d\u2019aide-m\u00e9nag\u00e8re au domicile d\u2019un utilisateur.\",\"breadcrumb\":{\"@id\":\"https:\\\/\\\/esc-ale.be\\\/index.php\\\/vitale\\\/#breadcrumb\"},\"inLanguage\":\"fr-FR\",\"potentialAction\":[{\"@type\":\"ReadAction\",\"target\":[\"https:\\\/\\\/esc-ale.be\\\/index.php\\\/vitale\\\/\"]}]},{\"@type\":\"ImageObject\",\"inLanguage\":\"fr-FR\",\"@id\":\"https:\\\/\\\/esc-ale.be\\\/index.php\\\/vitale\\\/#primaryimage\",\"url\":\"https:\\\/\\\/esc-ale.be\\\/wp-content\\\/uploads\\\/2022\\\/06\\\/Fotolia_95186150_XXL-768x512-1.jpg\",\"contentUrl\":\"https:\\\/\\\/esc-ale.be\\\/wp-content\\\/uploads\\\/2022\\\/06\\\/Fotolia_95186150_XXL-768x512-1.jpg\",\"width\":768,\"height\":512,\"caption\":\"Suction grey carpet cleaning with vacuum cleaner\"},{\"@type\":\"BreadcrumbList\",\"@id\":\"https:\\\/\\\/esc-ale.be\\\/index.php\\\/vitale\\\/#breadcrumb\",\"itemListElement\":[{\"@type\":\"ListItem\",\"position\":1,\"name\":\"Accueil\",\"item\":\"https:\\\/\\\/esc-ale.be\\\/\"},{\"@type\":\"ListItem\",\"position\":2,\"name\":\"VIT\u2019ALE\"}]},{\"@type\":\"WebSite\",\"@id\":\"https:\\\/\\\/esc-ale.be\\\/#website\",\"url\":\"https:\\\/\\\/esc-ale.be\\\/\",\"name\":\"Esc&#039;ALE ASBL - ALE de Tournai-Pecq\",\"description\":\"Vous \u00e9prouvez des difficult\u00e9s \u00e0 vous d\u00e9placer ? Vous souhaitez vous rendre chez le m\u00e9decin, \u00e0 une consultation \u00e0 l&#039;h\u00f4pital, faire des courses, \u2026\",\"publisher\":{\"@id\":\"https:\\\/\\\/esc-ale.be\\\/#organization\"},\"potentialAction\":[{\"@type\":\"SearchAction\",\"target\":{\"@type\":\"EntryPoint\",\"urlTemplate\":\"https:\\\/\\\/esc-ale.be\\\/?s={search_term_string}\"},\"query-input\":{\"@type\":\"PropertyValueSpecification\",\"valueRequired\":true,\"valueName\":\"search_term_string\"}}],\"inLanguage\":\"fr-FR\"},{\"@type\":\"Organization\",\"@id\":\"https:\\\/\\\/esc-ale.be\\\/#organization\",\"name\":\"Esc&#039;ALE ASBL - ALE de Tournai-Pecq\",\"url\":\"https:\\\/\\\/esc-ale.be\\\/\",\"logo\":{\"@type\":\"ImageObject\",\"inLanguage\":\"fr-FR\",\"@id\":\"https:\\\/\\\/esc-ale.be\\\/#\\\/schema\\\/logo\\\/image\\\/\",\"url\":\"https:\\\/\\\/esc-ale.be\\\/wp-content\\\/uploads\\\/2025\\\/10\\\/cropped-Petit-Logo-EscALE.jpg\",\"contentUrl\":\"https:\\\/\\\/esc-ale.be\\\/wp-content\\\/uploads\\\/2025\\\/10\\\/cropped-Petit-Logo-EscALE.jpg\",\"width\":125,\"height\":110,\"caption\":\"Esc&#039;ALE ASBL - ALE de Tournai-Pecq\"},\"image\":{\"@id\":\"https:\\\/\\\/esc-ale.be\\\/#\\\/schema\\\/logo\\\/image\\\/\"}}]}<\/script>\n<!-- \/ Yoast SEO plugin. -->","yoast_head_json":{"title":"VIT\u2019ALE - Esc&#039;ALE ASBL - ALE de Tournai-Pecq","description":"Vit\u2019Ale peut vous apporter la solution via le syst\u00e8me des titres-services ! Le titre-service est un syst\u00e8me dans lequel une entreprise agr\u00e9\u00e9e (Vit\u2019Ale) engage des travailleurs pour effectuer des activit\u00e9s d\u2019aide-m\u00e9nag\u00e8re au domicile d\u2019un utilisateur.","robots":{"index":"index","follow":"follow","max-snippet":"max-snippet:-1","max-image-preview":"max-image-preview:large","max-video-preview":"max-video-preview:-1"},"canonical":"https:\/\/esc-ale.be\/index.php\/vitale\/","og_locale":"fr_FR","og_type":"article","og_title":"VIT\u2019ALE - Esc&#039;ALE ASBL - ALE de Tournai-Pecq","og_description":"Vit\u2019Ale peut vous apporter la solution via le syst\u00e8me des titres-services ! Le titre-service est un syst\u00e8me dans lequel une entreprise agr\u00e9\u00e9e (Vit\u2019Ale) engage des travailleurs pour effectuer des activit\u00e9s d\u2019aide-m\u00e9nag\u00e8re au domicile d\u2019un utilisateur.","og_url":"https:\/\/esc-ale.be\/index.php\/vitale\/","og_site_name":"Esc&#039;ALE ASBL - ALE de Tournai-Pecq","article_modified_time":"2025-11-07T14:06:21+00:00","og_image":[{"width":768,"height":512,"url":"https:\/\/esc-ale.be\/wp-content\/uploads\/2022\/06\/Fotolia_95186150_XXL-768x512-1.jpg","type":"image\/jpeg"}],"twitter_card":"summary_large_image","twitter_misc":{"Dur\u00e9e de lecture estim\u00e9e":"3 minutes"},"schema":{"@context":"https:\/\/schema.org","@graph":[{"@type":"WebPage","@id":"https:\/\/esc-ale.be\/index.php\/vitale\/","url":"https:\/\/esc-ale.be\/index.php\/vitale\/","name":"VIT\u2019ALE - Esc&#039;ALE ASBL - ALE de Tournai-Pecq","isPartOf":{"@id":"https:\/\/esc-ale.be\/#website"},"primaryImageOfPage":{"@id":"https:\/\/esc-ale.be\/index.php\/vitale\/#primaryimage"},"image":{"@id":"https:\/\/esc-ale.be\/index.php\/vitale\/#primaryimage"},"thumbnailUrl":"https:\/\/esc-ale.be\/wp-content\/uploads\/2022\/06\/Fotolia_95186150_XXL-768x512-1.jpg","datePublished":"2019-08-07T10:01:11+00:00","dateModified":"2025-11-07T14:06:21+00:00","description":"Vit\u2019Ale peut vous apporter la solution via le syst\u00e8me des titres-services ! Le titre-service est un syst\u00e8me dans lequel une entreprise agr\u00e9\u00e9e (Vit\u2019Ale) engage des travailleurs pour effectuer des activit\u00e9s d\u2019aide-m\u00e9nag\u00e8re au domicile d\u2019un utilisateur.","breadcrumb":{"@id":"https:\/\/esc-ale.be\/index.php\/vitale\/#breadcrumb"},"inLanguage":"fr-FR","potentialAction":[{"@type":"ReadAction","target":["https:\/\/esc-ale.be\/index.php\/vitale\/"]}]},{"@type":"ImageObject","inLanguage":"fr-FR","@id":"https:\/\/esc-ale.be\/index.php\/vitale\/#primaryimage","url":"https:\/\/esc-ale.be\/wp-content\/uploads\/2022\/06\/Fotolia_95186150_XXL-768x512-1.jpg","contentUrl":"https:\/\/esc-ale.be\/wp-content\/uploads\/2022\/06\/Fotolia_95186150_XXL-768x512-1.jpg","width":768,"height":512,"caption":"Suction grey carpet cleaning with vacuum cleaner"},{"@type":"BreadcrumbList","@id":"https:\/\/esc-ale.be\/index.php\/vitale\/#breadcrumb","itemListElement":[{"@type":"ListItem","position":1,"name":"Accueil","item":"https:\/\/esc-ale.be\/"},{"@type":"ListItem","position":2,"name":"VIT\u2019ALE"}]},{"@type":"WebSite","@id":"https:\/\/esc-ale.be\/#website","url":"https:\/\/esc-ale.be\/","name":"Esc&#039;ALE ASBL - ALE de Tournai-Pecq","description":"Vous \u00e9prouvez des difficult\u00e9s \u00e0 vous d\u00e9placer ? Vous souhaitez vous rendre chez le m\u00e9decin, \u00e0 une consultation \u00e0 l&#039;h\u00f4pital, faire des courses, \u2026","publisher":{"@id":"https:\/\/esc-ale.be\/#organization"},"potentialAction":[{"@type":"SearchAction","target":{"@type":"EntryPoint","urlTemplate":"https:\/\/esc-ale.be\/?s={search_term_string}"},"query-input":{"@type":"PropertyValueSpecification","valueRequired":true,"valueName":"search_term_string"}}],"inLanguage":"fr-FR"},{"@type":"Organization","@id":"https:\/\/esc-ale.be\/#organization","name":"Esc&#039;ALE ASBL - ALE de Tournai-Pecq","url":"https:\/\/esc-ale.be\/","logo":{"@type":"ImageObject","inLanguage":"fr-FR","@id":"https:\/\/esc-ale.be\/#\/schema\/logo\/image\/","url":"https:\/\/esc-ale.be\/wp-content\/uploads\/2025\/10\/cropped-Petit-Logo-EscALE.jpg","contentUrl":"https:\/\/esc-ale.be\/wp-content\/uploads\/2025\/10\/cropped-Petit-Logo-EscALE.jpg","width":125,"height":110,"caption":"Esc&#039;ALE ASBL - ALE de Tournai-Pecq"},"image":{"@id":"https:\/\/esc-ale.be\/#\/schema\/logo\/image\/"}}]}},"jetpack_sharing_enabled":true,"_links":{"self":[{"href":"https:\/\/esc-ale.be\/index.php\/wp-json\/wp\/v2\/pages\/42","targetHints":{"allow":["GET"]}}],"collection":[{"href":"https:\/\/esc-ale.be\/index.php\/wp-json\/wp\/v2\/pages"}],"about":[{"href":"https:\/\/esc-ale.be\/index.php\/wp-json\/wp\/v2\/types\/page"}],"author":[{"embeddable":true,"href":"https:\/\/esc-ale.be\/index.php\/wp-json\/wp\/v2\/users\/1"}],"replies":[{"embeddable":true,"href":"https:\/\/esc-ale.be\/index.php\/wp-json\/wp\/v2\/comments?post=42"}],"version-history":[{"count":101,"href":"https:\/\/esc-ale.be\/index.php\/wp-json\/wp\/v2\/pages\/42\/revisions"}],"predecessor-version":[{"id":2200,"href":"https:\/\/esc-ale.be\/index.php\/wp-json\/wp\/v2\/pages\/42\/revisions\/2200"}],"wp:attachment":[{"href":"https:\/\/esc-ale.be\/index.php\/wp-json\/wp\/v2\/media?parent=42"}],"curies":[{"name":"wp","href":"https:\/\/api.w.org\/{rel}","templated":true}]}}