{"id":39,"date":"2019-08-07T11:59:47","date_gmt":"2019-08-07T09:59:47","guid":{"rendered":"http:\/\/ale-tournai.be\/?page_id=39"},"modified":"2025-11-07T15:08:32","modified_gmt":"2025-11-07T14:08:32","slug":"mobilite","status":"publish","type":"page","link":"https:\/\/esc-ale.be\/index.php\/mobilite\/","title":{"rendered":"TAXI SOCI&rsquo;ALE"},"content":{"rendered":"\t\t<div data-elementor-type=\"wp-page\" data-elementor-id=\"39\" class=\"elementor elementor-39\">\n\t\t\t\t<div class=\"elementor-element elementor-element-85b7ac8 e-flex e-con-boxed e-con e-parent\" data-id=\"85b7ac8\" data-element_type=\"container\">\n\t\t\t\t\t<div class=\"e-con-inner\">\n\t\t\t\t<div class=\"elementor-element elementor-element-0894923 elementor-widget elementor-widget-heading\" data-id=\"0894923\" data-element_type=\"widget\" data-widget_type=\"heading.default\">\n\t\t\t\t<div class=\"elementor-widget-container\">\n\t\t\t\t\t<h2 class=\"elementor-heading-title elementor-size-default\">Vos d\u00e9placements facilit\u00e9s gr\u00e2ce au Taxi Soci\u2019Ale\n\n<\/h2>\t\t\t\t<\/div>\n\t\t\t\t<\/div>\n\t\t\t\t\t<\/div>\n\t\t\t\t<\/div>\n\t\t<div class=\"elementor-element elementor-element-3b6afb7 e-flex e-con-boxed e-con e-parent\" data-id=\"3b6afb7\" data-element_type=\"container\">\n\t\t\t\t\t<div class=\"e-con-inner\">\n\t\t<div class=\"elementor-element elementor-element-35c3c92 e-con-full e-flex e-con e-child\" data-id=\"35c3c92\" data-element_type=\"container\">\n\t\t\t\t<div class=\"elementor-element elementor-element-b826631 elementor-widget elementor-widget-image\" data-id=\"b826631\" data-element_type=\"widget\" data-widget_type=\"image.default\">\n\t\t\t\t<div class=\"elementor-widget-container\">\n\t\t\t\t\t\t\t\t\t\t\t\t\t\t\t<img fetchpriority=\"high\" decoding=\"async\" width=\"768\" height=\"485\" src=\"https:\/\/esc-ale.be\/wp-content\/uploads\/2022\/06\/Photo-Messenger-Taxi-768x485-1.png\" class=\"attachment-large size-large wp-image-1431\" alt=\"\" srcset=\"https:\/\/esc-ale.be\/wp-content\/uploads\/2022\/06\/Photo-Messenger-Taxi-768x485-1.png 768w, https:\/\/esc-ale.be\/wp-content\/uploads\/2022\/06\/Photo-Messenger-Taxi-768x485-1-300x189.png 300w\" sizes=\"(max-width: 768px) 100vw, 768px\" \/>\t\t\t\t\t\t\t\t\t\t\t\t\t\t\t<\/div>\n\t\t\t\t<\/div>\n\t\t\t\t<\/div>\n\t\t<div class=\"elementor-element elementor-element-0cf5a4e e-con-full e-flex e-con e-child\" data-id=\"0cf5a4e\" data-element_type=\"container\">\n\t\t\t\t<div class=\"elementor-element elementor-element-7b6e2f9 elementor-widget elementor-widget-text-editor\" data-id=\"7b6e2f9\" data-element_type=\"widget\" data-widget_type=\"text-editor.default\">\n\t\t\t\t<div class=\"elementor-widget-container\">\n\t\t\t\t\t\t\t\t\t<h2>Taxi Soci&rsquo;ale<\/h2>\n<p>Vous n&rsquo;avez pas de moyen de locomotion (v\u00e9hicule personnel, bus, train, etc.) et vous \u00e9prouvez des difficult\u00e9s \u00e0 vous d\u00e9placer? Vous souhaitez vous rendre chez le m\u00e9decin, \u00e0 l&rsquo;h\u00f4pital ou simplement faire vos courses&#8230; .<\/p>\n<p>Vous suivez une formation loin de chez vous ou vous commencez un travail dans une entreprise non desservie par le bus&#8230;<\/p>\n<p>Le Taxi Soci&rsquo;ale vous apporte la solution !<\/p>\n<div id=\"ConnectiveDocSignExtentionInstalled\" data-extension-version=\"1.0.4\">\u00a0<\/div>\t\t\t\t\t\t\t\t<\/div>\n\t\t\t\t<\/div>\n\t\t\t\t<\/div>\n\t\t\t\t\t<\/div>\n\t\t\t\t<\/div>\n\t\t\t\t<section class=\"elementor-section elementor-top-section elementor-element elementor-element-ff9c4e4 elementor-section-boxed elementor-section-height-default elementor-section-height-default\" data-id=\"ff9c4e4\" data-element_type=\"section\">\n\t\t\t\t\t\t<div class=\"elementor-container elementor-column-gap-default\">\n\t\t\t\t\t<div class=\"elementor-column elementor-col-100 elementor-top-column elementor-element elementor-element-38c0102\" data-id=\"38c0102\" data-element_type=\"column\">\n\t\t\t<div class=\"elementor-widget-wrap elementor-element-populated\">\n\t\t\t\t\t\t<div class=\"elementor-element elementor-element-39183df7 elementor-widget elementor-widget-text-editor\" data-id=\"39183df7\" data-element_type=\"widget\" data-widget_type=\"text-editor.default\">\n\t\t\t\t<div class=\"elementor-widget-container\">\n\t\t\t\t\t\t\t\t\t<div><strong style=\"color: #333333; font-family: Raleway, Helvetica, Arial, sans-serif; font-size: 1.0625rem;\">Pouvez-vous avoir acc\u00e8s au service \u00ab\u00a0Taxi Soci&rsquo;ale\u00a0\u00bb ?<\/strong><\/div>\n<div>\u00a0<\/div>\n<div>\n<div>\n<p>Notre service dispose de 4 taxis collectifs mais pour y avoir acc\u00e8s, il faut imp\u00e9rativement :<\/p>\n<ul>\n<li><span style=\"font-size: 12.0pt; font-family: 'Times New Roman',serif; mso-fareast-font-family: 'Times New Roman'; mso-fareast-language: FR-BE;\">\u00eatre <b>domicili\u00e9<\/b> sur l\u2019entit\u00e9 de <b>Tournai<\/b> ou l&rsquo;entit\u00e9 de<b> Pecq<\/b>,<\/span><\/li>\n<li><span style=\"text-decoration: underline;\"><strong>NE PAS<\/strong><\/span> disposer d\u2019un moyen de locomotion.<\/li>\n<\/ul>\n<p><strong>ET remplir une des conditions suivantes:<\/strong><\/p>\n<ul>\n<li>avoir plus de 65 ans<\/li>\n<li>ne pas disposer de ressources mensuelles nettes de plus de 1834,32\u20ac pour un isol\u00e9 et de 2439,65\u20ac pour un m\u00e9nage (+256,80\u20ac\/personne \u00e0 charge)<\/li>\n<li>avoir un handicap reconnu<\/li>\n<li>\u00eatre parent seul avec un enfant de \u2013 de 12 ans<\/li>\n<li>\u00eatre \u00e2g\u00e9 de 12 \u00e0 18 ans et vous d\u00e9placez pour des soins m\u00e9dicaux ou param\u00e9dicaux<\/li>\n<li>\u00eatre en parcours d\u2019insertion socioprofessionnelle (formation, premier emploi\u2026)<strong style=\"color: #333333; font-family: Raleway, Helvetica, Arial, sans-serif; font-size: 1.2em;\">\u00a0<\/strong><\/li>\n<\/ul>\n<p><!-- \/wp:tadv\/classic-paragraph --><\/p>\n<\/div>\n<p><!-- \/wp:themeisle-blocks\/advanced-column --><!-- wp:themeisle-blocks\/advanced-column {\"id\":\"wp-block-themeisle-blocks-advanced-column-df8cb40e\",\"paddingTablet\":20,\"paddingMobile\":20,\"paddingTopTablet\":20,\"paddingTopMobile\":20,\"paddingRightTablet\":20,\"paddingRightMobile\":20,\"paddingBottomTablet\":20,\"paddingBottomMobile\":20,\"paddingLeftTablet\":20,\"paddingLeftMobile\":20,\"marginTablet\":20,\"marginMobile\":20,\"marginTopTablet\":20,\"marginTopMobile\":20,\"marginRightTablet\":0,\"marginRightMobile\":0,\"marginBottomTablet\":20,\"marginBottomMobile\":20,\"marginLeftTablet\":0,\"marginLeftMobile\":0,\"columnWidth\":\"50\"} --><\/p>\n<div>\n<h4><strong>Quand pouvez-vous joindre le service du Taxi Soci&rsquo;ale ?<\/strong><\/h4>\n<p>\u00a0<\/p>\n<div>1) <span style=\"text-decoration: underline;\"><strong>Pour les annulations et inscriptions<\/strong><\/span> : Du lundi au vendredi de 8h \u00e0 12h.<\/div>\n<div>\u00a0<\/div>\n<\/div>\n<div>2) <span style=\"text-decoration: underline;\"><strong>Pour la prise de RDV<\/strong><\/span> : Du lundi au vendredi de 13h \u00e0 16h sauf les mercredis.<\/div>\n<div>\u00a0<\/div>\n<div>\u00a0<\/div>\n<div>\n<h4><strong>Quand pouvez-vous emprunter nos taxis\u00a0?<\/strong><\/h4>\n<p>Du lundi au vendredi de 7h \u00e0 19h.<\/p>\n<p>Le samedi de 9h \u00e0 21h, le dimanche de 11h \u00e0 19h.<\/p>\n<p>Les taxis ne circulent pas les jours f\u00e9ri\u00e9s et si les routes sont impraticables suite \u00e0 des intemp\u00e9ries.<\/p>\n<p>Attention: le Taxi Soci&rsquo;ale est un service de collectivit\u00e9, et non un service de transport priv\u00e9. L&rsquo;horaire de prise en charge qui vous est donn\u00e9 le jour de la prise de rendez-vous l&rsquo;est \u00e0 titre indicatif et peut varier.<\/p>\n<\/div>\n<p><!-- \/wp:themeisle-blocks\/advanced-column --><\/p>\n<\/div>\n<p><!-- \/wp:themeisle-blocks\/advanced-columns --><!-- wp:themeisle-blocks\/advanced-columns {\"id\":\"wp-block-themeisle-blocks-advanced-columns-88ba94f4\",\"columns\":1,\"layout\":\"equal\",\"paddingTablet\":20,\"paddingMobile\":20,\"paddingTopTablet\":20,\"paddingTopMobile\":20,\"paddingRightTablet\":20,\"paddingRightMobile\":20,\"paddingBottomTablet\":20,\"paddingBottomMobile\":20,\"paddingLeftTablet\":20,\"paddingLeftMobile\":20,\"marginTablet\":20,\"marginMobile\":20,\"marginTopTablet\":20,\"marginTopMobile\":20,\"marginBottomTablet\":20,\"marginBottomMobile\":20} --><\/p>\n<div>\n<div>\u00a0<\/div>\n<div>\n<p><!-- wp:themeisle-blocks\/advanced-column {\"id\":\"wp-block-themeisle-blocks-advanced-column-8c4f7d4b\",\"padding\":0,\"paddingTablet\":20,\"paddingMobile\":20,\"paddingTopTablet\":20,\"paddingTopMobile\":20,\"paddingRightTablet\":20,\"paddingRightMobile\":20,\"paddingBottomTablet\":20,\"paddingBottomMobile\":20,\"paddingLeftTablet\":20,\"paddingLeftMobile\":20,\"marginTablet\":20,\"marginMobile\":20,\"marginTop\":5,\"marginTopTablet\":20,\"marginTopMobile\":20,\"marginRightTablet\":0,\"marginRightMobile\":0,\"marginBottom\":5,\"marginBottomTablet\":20,\"marginBottomMobile\":20,\"marginLeftTablet\":0,\"marginLeftMobile\":0,\"columnWidth\":\"100\"} --><\/p>\n<div>\n<p><!-- wp:heading {\"level\":4} --><\/p>\n<h4><strong>Quel est le co\u00fbt d\u2019un d\u00e9placement\u00a0?*<\/strong><\/h4>\n<p><!-- \/wp:heading --><!-- wp:table {\"extUtilities\":[]} --><\/p>\n<figure>\n<table style=\"height: 905px;\" width=\"376\">\n<tbody>\n<tr>\n<td><strong>Calcul de trajet<\/strong>\u00a0\u00a0\u00a0\u00a0\u00a0\u00a0\u00a0\u00a0\u00a0\u00a0\u00a0\u00a0\u00a0\u00a0\u00a0\u00a0\u00a0\u00a0\u00a0\u00a0\u00a0\u00a0\u00a0\u00a0\u00a0\u00a0\u00a0\u00a0\u00a0\u00a0\u00a0\u00a0\u00a0\u00a0\u00a0\u00a0\u00a0\u00a0\u00a0\u00a0\u00a0\u00a0\u00a0\u00a0\u00a0\u00a0\u00a0<\/td>\n<td><strong>Trajet dans l\u2019entit\u00e9 de Tournai <\/strong><\/td>\n<td><strong>Trajet hors entit\u00e9 <\/strong><\/td>\n<\/tr>\n<tr>\n<td><strong>D\u00e9placement avec l\u2019usager pr\u00e9sent dans le v\u00e9hicule<\/strong><\/td>\n<td>0,45\u20ac\/km parcouru<strong>\u00a0<\/strong><\/td>\n<\/tr>\n<tr>\n<td><strong>D\u00e9placement sans l\u2019usager (pour reprendre l\u2019usager)<\/strong><\/td>\n<td>gratuit<\/td>\n<td>0,35 \u20ac\/km parcouru<\/td>\n<\/tr>\n<tr>\n<td><strong>Chauffeur\u00a0<\/strong><\/td>\n<td>4 \u20ac\/trajet<\/td>\n<\/tr>\n<tr>\n<td><strong>Temps d\u2019attente + de 10 min (option)<\/strong><\/td>\n<td>5,95 \u20ac\/heure entam\u00e9e<\/td>\n<\/tr>\n<tr>\n<td><strong>Enfant \u2013 12 ans accompagn\u00e9 <\/strong><\/td>\n<td>Gratuit. Seul l\u2019accompagnant paie le prix usager.<\/td>\n<\/tr>\n<tr>\n<td><strong>Accompagnateur d\u2019adulte (option)<\/strong><\/td>\n<td>1 \u20ac\/trajet. L\u2019usager payant le prix plein.<\/td>\n<\/tr>\n<tr>\n<td><strong>Groupe <\/strong><\/td>\n<td>0,45 \u20ac\/km pour 1 usager <br \/>1 \u20ac\/trajet autres usagers <br \/>3 \u20ac de mise en route du chauffeur<\/td>\n<td>0,45 \u20ac\/km pour 1 usager <br \/>0,35 \u20ac\/km (retour sans l\u2019usager) 1 \u20ac\/trajet autres usagers <br \/>3 \u20ac de mise en route chauffeur<\/td>\n<\/tr>\n<tr>\n<td><strong>Frais de parking (option)<br \/><\/strong><\/td>\n<td>\u00c0 charge de l\u2019usager. Les personnes handicap\u00e9es doivent se munir de leur carte de stationnement handicap\u00e9.<\/td>\n<\/tr>\n<\/tbody>\n<\/table>\n<\/figure>\n<p><strong>\u00a0<\/strong><\/p>\n<p><strong>Quelques exemples<\/strong>\u00a0:<\/p>\n<p><img decoding=\"async\" src=\"https:\/\/ale-tournai.be\/wp-content\/uploads\/2025\/01\/Capture-decran-2025-01-03-142008-300x76.jpg\" alt=\"\" width=\"325\" height=\"83\" \/><\/p>\n<p><!-- \/wp:paragraph --><!-- wp:image {\"id\":1167,\"width\":577,\"height\":152,\"sizeSlug\":\"full\",\"linkDestination\":\"none\"} --><\/p>\n<figure><\/figure>\n<p><!-- \/wp:image --><!-- wp:tadv\/classic-paragraph \/--><\/p>\n<\/div>\n<p><!-- \/wp:themeisle-blocks\/advanced-column --><\/p>\n<\/div>\n<\/div>\n<p><!-- \/wp:themeisle-blocks\/advanced-columns --><\/p>\n<div data-extension-version=\"1.0.4\">\u00a0<\/div>\t\t\t\t\t\t\t\t<\/div>\n\t\t\t\t<\/div>\n\t\t\t\t\t<\/div>\n\t\t<\/div>\n\t\t\t\t\t<\/div>\n\t\t<\/section>\n\t\t\t\t<\/div>\n\t\t","protected":false},"excerpt":{"rendered":"<p>Vos d\u00e9placements facilit\u00e9s gr\u00e2ce au Taxi Soci\u2019Ale Taxi Soci&rsquo;ale Vous n&rsquo;avez pas de moyen de locomotion (v\u00e9hicule personnel, bus, train, etc.) et vous \u00e9prouvez des difficult\u00e9s \u00e0 vous d\u00e9placer? Vous &#8230;<\/p>\n","protected":false},"author":1,"featured_media":0,"parent":0,"menu_order":0,"comment_status":"closed","ping_status":"closed","template":"template-fullwidth.php","meta":{"footnotes":""},"class_list":["post-39","page","type-page","status-publish","hentry"],"yoast_head":"<!-- This site is optimized with the Yoast SEO plugin v27.3 - https:\/\/yoast.com\/product\/yoast-seo-wordpress\/ -->\n<title>TAXI SOCI&#039;ALE - Esc&#039;ALE ASBL - ALE de Tournai-Pecq<\/title>\n<meta name=\"description\" content=\"Vos d\u00e9placements facilit\u00e9s gr\u00e2ce au Taxi Soci\u2019Ale et \u00e0 l\u2019ALE mobile! Il faut imp\u00e9rativement .\u00catre domicili\u00e9 sur l\u2019entit\u00e9 de Tournai, et Ne pas disposer d\u2019un moyen de locomotion.\" \/>\n<meta name=\"robots\" content=\"index, follow, max-snippet:-1, max-image-preview:large, max-video-preview:-1\" \/>\n<link rel=\"canonical\" href=\"https:\/\/esc-ale.be\/index.php\/mobilite\/\" \/>\n<meta property=\"og:locale\" content=\"fr_FR\" \/>\n<meta property=\"og:type\" content=\"article\" \/>\n<meta property=\"og:title\" content=\"TAXI SOCI&#039;ALE - Esc&#039;ALE ASBL - ALE de Tournai-Pecq\" \/>\n<meta property=\"og:description\" content=\"Vos d\u00e9placements facilit\u00e9s gr\u00e2ce au Taxi Soci\u2019Ale et \u00e0 l\u2019ALE mobile! Il faut imp\u00e9rativement .\u00catre domicili\u00e9 sur l\u2019entit\u00e9 de Tournai, et Ne pas disposer d\u2019un moyen de locomotion.\" \/>\n<meta property=\"og:url\" content=\"https:\/\/esc-ale.be\/index.php\/mobilite\/\" \/>\n<meta property=\"og:site_name\" content=\"Esc&#039;ALE ASBL - ALE de Tournai-Pecq\" \/>\n<meta property=\"article:modified_time\" content=\"2025-11-07T14:08:32+00:00\" \/>\n<meta property=\"og:image\" content=\"https:\/\/esc-ale.be\/wp-content\/uploads\/2022\/06\/Photo-Messenger-Taxi-768x485-1.png\" \/>\n\t<meta property=\"og:image:width\" content=\"768\" \/>\n\t<meta property=\"og:image:height\" content=\"485\" \/>\n\t<meta property=\"og:image:type\" content=\"image\/png\" \/>\n<meta name=\"twitter:card\" content=\"summary_large_image\" \/>\n<meta name=\"twitter:label1\" content=\"Dur\u00e9e de lecture estim\u00e9e\" \/>\n\t<meta name=\"twitter:data1\" content=\"3 minutes\" \/>\n<script type=\"application\/ld+json\" class=\"yoast-schema-graph\">{\"@context\":\"https:\\\/\\\/schema.org\",\"@graph\":[{\"@type\":\"WebPage\",\"@id\":\"https:\\\/\\\/esc-ale.be\\\/index.php\\\/mobilite\\\/\",\"url\":\"https:\\\/\\\/esc-ale.be\\\/index.php\\\/mobilite\\\/\",\"name\":\"TAXI SOCI'ALE - Esc&#039;ALE ASBL - ALE de Tournai-Pecq\",\"isPartOf\":{\"@id\":\"https:\\\/\\\/esc-ale.be\\\/#website\"},\"primaryImageOfPage\":{\"@id\":\"https:\\\/\\\/esc-ale.be\\\/index.php\\\/mobilite\\\/#primaryimage\"},\"image\":{\"@id\":\"https:\\\/\\\/esc-ale.be\\\/index.php\\\/mobilite\\\/#primaryimage\"},\"thumbnailUrl\":\"https:\\\/\\\/esc-ale.be\\\/wp-content\\\/uploads\\\/2022\\\/06\\\/Photo-Messenger-Taxi-768x485-1.png\",\"datePublished\":\"2019-08-07T09:59:47+00:00\",\"dateModified\":\"2025-11-07T14:08:32+00:00\",\"description\":\"Vos d\u00e9placements facilit\u00e9s gr\u00e2ce au Taxi Soci\u2019Ale et \u00e0 l\u2019ALE mobile! Il faut imp\u00e9rativement .\u00catre domicili\u00e9 sur l\u2019entit\u00e9 de Tournai, et Ne pas disposer d\u2019un moyen de locomotion.\",\"breadcrumb\":{\"@id\":\"https:\\\/\\\/esc-ale.be\\\/index.php\\\/mobilite\\\/#breadcrumb\"},\"inLanguage\":\"fr-FR\",\"potentialAction\":[{\"@type\":\"ReadAction\",\"target\":[\"https:\\\/\\\/esc-ale.be\\\/index.php\\\/mobilite\\\/\"]}]},{\"@type\":\"ImageObject\",\"inLanguage\":\"fr-FR\",\"@id\":\"https:\\\/\\\/esc-ale.be\\\/index.php\\\/mobilite\\\/#primaryimage\",\"url\":\"https:\\\/\\\/esc-ale.be\\\/wp-content\\\/uploads\\\/2022\\\/06\\\/Photo-Messenger-Taxi-768x485-1.png\",\"contentUrl\":\"https:\\\/\\\/esc-ale.be\\\/wp-content\\\/uploads\\\/2022\\\/06\\\/Photo-Messenger-Taxi-768x485-1.png\",\"width\":768,\"height\":485},{\"@type\":\"BreadcrumbList\",\"@id\":\"https:\\\/\\\/esc-ale.be\\\/index.php\\\/mobilite\\\/#breadcrumb\",\"itemListElement\":[{\"@type\":\"ListItem\",\"position\":1,\"name\":\"Accueil\",\"item\":\"https:\\\/\\\/esc-ale.be\\\/\"},{\"@type\":\"ListItem\",\"position\":2,\"name\":\"TAXI SOCI&rsquo;ALE\"}]},{\"@type\":\"WebSite\",\"@id\":\"https:\\\/\\\/esc-ale.be\\\/#website\",\"url\":\"https:\\\/\\\/esc-ale.be\\\/\",\"name\":\"Esc&#039;ALE ASBL - ALE de Tournai-Pecq\",\"description\":\"Vous \u00e9prouvez des difficult\u00e9s \u00e0 vous d\u00e9placer ? Vous souhaitez vous rendre chez le m\u00e9decin, \u00e0 une consultation \u00e0 l&#039;h\u00f4pital, faire des courses, \u2026\",\"publisher\":{\"@id\":\"https:\\\/\\\/esc-ale.be\\\/#organization\"},\"potentialAction\":[{\"@type\":\"SearchAction\",\"target\":{\"@type\":\"EntryPoint\",\"urlTemplate\":\"https:\\\/\\\/esc-ale.be\\\/?s={search_term_string}\"},\"query-input\":{\"@type\":\"PropertyValueSpecification\",\"valueRequired\":true,\"valueName\":\"search_term_string\"}}],\"inLanguage\":\"fr-FR\"},{\"@type\":\"Organization\",\"@id\":\"https:\\\/\\\/esc-ale.be\\\/#organization\",\"name\":\"Esc&#039;ALE ASBL - ALE de Tournai-Pecq\",\"url\":\"https:\\\/\\\/esc-ale.be\\\/\",\"logo\":{\"@type\":\"ImageObject\",\"inLanguage\":\"fr-FR\",\"@id\":\"https:\\\/\\\/esc-ale.be\\\/#\\\/schema\\\/logo\\\/image\\\/\",\"url\":\"https:\\\/\\\/esc-ale.be\\\/wp-content\\\/uploads\\\/2025\\\/10\\\/cropped-Petit-Logo-EscALE.jpg\",\"contentUrl\":\"https:\\\/\\\/esc-ale.be\\\/wp-content\\\/uploads\\\/2025\\\/10\\\/cropped-Petit-Logo-EscALE.jpg\",\"width\":125,\"height\":110,\"caption\":\"Esc&#039;ALE ASBL - ALE de Tournai-Pecq\"},\"image\":{\"@id\":\"https:\\\/\\\/esc-ale.be\\\/#\\\/schema\\\/logo\\\/image\\\/\"}}]}<\/script>\n<!-- \/ Yoast SEO plugin. -->","yoast_head_json":{"title":"TAXI SOCI'ALE - Esc&#039;ALE ASBL - ALE de Tournai-Pecq","description":"Vos d\u00e9placements facilit\u00e9s gr\u00e2ce au Taxi Soci\u2019Ale et \u00e0 l\u2019ALE mobile! Il faut imp\u00e9rativement .\u00catre domicili\u00e9 sur l\u2019entit\u00e9 de Tournai, et Ne pas disposer d\u2019un moyen de locomotion.","robots":{"index":"index","follow":"follow","max-snippet":"max-snippet:-1","max-image-preview":"max-image-preview:large","max-video-preview":"max-video-preview:-1"},"canonical":"https:\/\/esc-ale.be\/index.php\/mobilite\/","og_locale":"fr_FR","og_type":"article","og_title":"TAXI SOCI'ALE - Esc&#039;ALE ASBL - ALE de Tournai-Pecq","og_description":"Vos d\u00e9placements facilit\u00e9s gr\u00e2ce au Taxi Soci\u2019Ale et \u00e0 l\u2019ALE mobile! Il faut imp\u00e9rativement .\u00catre domicili\u00e9 sur l\u2019entit\u00e9 de Tournai, et Ne pas disposer d\u2019un moyen de locomotion.","og_url":"https:\/\/esc-ale.be\/index.php\/mobilite\/","og_site_name":"Esc&#039;ALE ASBL - ALE de Tournai-Pecq","article_modified_time":"2025-11-07T14:08:32+00:00","og_image":[{"width":768,"height":485,"url":"https:\/\/esc-ale.be\/wp-content\/uploads\/2022\/06\/Photo-Messenger-Taxi-768x485-1.png","type":"image\/png"}],"twitter_card":"summary_large_image","twitter_misc":{"Dur\u00e9e de lecture estim\u00e9e":"3 minutes"},"schema":{"@context":"https:\/\/schema.org","@graph":[{"@type":"WebPage","@id":"https:\/\/esc-ale.be\/index.php\/mobilite\/","url":"https:\/\/esc-ale.be\/index.php\/mobilite\/","name":"TAXI SOCI'ALE - Esc&#039;ALE ASBL - ALE de Tournai-Pecq","isPartOf":{"@id":"https:\/\/esc-ale.be\/#website"},"primaryImageOfPage":{"@id":"https:\/\/esc-ale.be\/index.php\/mobilite\/#primaryimage"},"image":{"@id":"https:\/\/esc-ale.be\/index.php\/mobilite\/#primaryimage"},"thumbnailUrl":"https:\/\/esc-ale.be\/wp-content\/uploads\/2022\/06\/Photo-Messenger-Taxi-768x485-1.png","datePublished":"2019-08-07T09:59:47+00:00","dateModified":"2025-11-07T14:08:32+00:00","description":"Vos d\u00e9placements facilit\u00e9s gr\u00e2ce au Taxi Soci\u2019Ale et \u00e0 l\u2019ALE mobile! Il faut imp\u00e9rativement .\u00catre domicili\u00e9 sur l\u2019entit\u00e9 de Tournai, et Ne pas disposer d\u2019un moyen de locomotion.","breadcrumb":{"@id":"https:\/\/esc-ale.be\/index.php\/mobilite\/#breadcrumb"},"inLanguage":"fr-FR","potentialAction":[{"@type":"ReadAction","target":["https:\/\/esc-ale.be\/index.php\/mobilite\/"]}]},{"@type":"ImageObject","inLanguage":"fr-FR","@id":"https:\/\/esc-ale.be\/index.php\/mobilite\/#primaryimage","url":"https:\/\/esc-ale.be\/wp-content\/uploads\/2022\/06\/Photo-Messenger-Taxi-768x485-1.png","contentUrl":"https:\/\/esc-ale.be\/wp-content\/uploads\/2022\/06\/Photo-Messenger-Taxi-768x485-1.png","width":768,"height":485},{"@type":"BreadcrumbList","@id":"https:\/\/esc-ale.be\/index.php\/mobilite\/#breadcrumb","itemListElement":[{"@type":"ListItem","position":1,"name":"Accueil","item":"https:\/\/esc-ale.be\/"},{"@type":"ListItem","position":2,"name":"TAXI SOCI&rsquo;ALE"}]},{"@type":"WebSite","@id":"https:\/\/esc-ale.be\/#website","url":"https:\/\/esc-ale.be\/","name":"Esc&#039;ALE ASBL - ALE de Tournai-Pecq","description":"Vous \u00e9prouvez des difficult\u00e9s \u00e0 vous d\u00e9placer ? Vous souhaitez vous rendre chez le m\u00e9decin, \u00e0 une consultation \u00e0 l&#039;h\u00f4pital, faire des courses, \u2026","publisher":{"@id":"https:\/\/esc-ale.be\/#organization"},"potentialAction":[{"@type":"SearchAction","target":{"@type":"EntryPoint","urlTemplate":"https:\/\/esc-ale.be\/?s={search_term_string}"},"query-input":{"@type":"PropertyValueSpecification","valueRequired":true,"valueName":"search_term_string"}}],"inLanguage":"fr-FR"},{"@type":"Organization","@id":"https:\/\/esc-ale.be\/#organization","name":"Esc&#039;ALE ASBL - ALE de Tournai-Pecq","url":"https:\/\/esc-ale.be\/","logo":{"@type":"ImageObject","inLanguage":"fr-FR","@id":"https:\/\/esc-ale.be\/#\/schema\/logo\/image\/","url":"https:\/\/esc-ale.be\/wp-content\/uploads\/2025\/10\/cropped-Petit-Logo-EscALE.jpg","contentUrl":"https:\/\/esc-ale.be\/wp-content\/uploads\/2025\/10\/cropped-Petit-Logo-EscALE.jpg","width":125,"height":110,"caption":"Esc&#039;ALE ASBL - ALE de Tournai-Pecq"},"image":{"@id":"https:\/\/esc-ale.be\/#\/schema\/logo\/image\/"}}]}},"jetpack_sharing_enabled":true,"_links":{"self":[{"href":"https:\/\/esc-ale.be\/index.php\/wp-json\/wp\/v2\/pages\/39","targetHints":{"allow":["GET"]}}],"collection":[{"href":"https:\/\/esc-ale.be\/index.php\/wp-json\/wp\/v2\/pages"}],"about":[{"href":"https:\/\/esc-ale.be\/index.php\/wp-json\/wp\/v2\/types\/page"}],"author":[{"embeddable":true,"href":"https:\/\/esc-ale.be\/index.php\/wp-json\/wp\/v2\/users\/1"}],"replies":[{"embeddable":true,"href":"https:\/\/esc-ale.be\/index.php\/wp-json\/wp\/v2\/comments?post=39"}],"version-history":[{"count":101,"href":"https:\/\/esc-ale.be\/index.php\/wp-json\/wp\/v2\/pages\/39\/revisions"}],"predecessor-version":[{"id":2206,"href":"https:\/\/esc-ale.be\/index.php\/wp-json\/wp\/v2\/pages\/39\/revisions\/2206"}],"wp:attachment":[{"href":"https:\/\/esc-ale.be\/index.php\/wp-json\/wp\/v2\/media?parent=39"}],"curies":[{"name":"wp","href":"https:\/\/api.w.org\/{rel}","templated":true}]}}