{"id":30,"date":"2019-08-07T11:45:47","date_gmt":"2019-08-07T09:45:47","guid":{"rendered":"http:\/\/ale-tournai.be\/?page_id=30"},"modified":"2025-11-12T08:39:00","modified_gmt":"2025-11-12T07:39:00","slug":"ale-recup","status":"publish","type":"page","link":"https:\/\/esc-ale.be\/index.php\/ale-recup\/","title":{"rendered":"ALE RECUP"},"content":{"rendered":"\t\t<div data-elementor-type=\"wp-page\" data-elementor-id=\"30\" class=\"elementor elementor-30\">\n\t\t\t\t<div class=\"elementor-element elementor-element-d40e981 e-flex e-con-boxed e-con e-parent\" data-id=\"d40e981\" data-element_type=\"container\">\n\t\t\t\t\t<div class=\"e-con-inner\">\n\t\t\t\t<div class=\"elementor-element elementor-element-a2c9320 elementor-widget elementor-widget-heading\" data-id=\"a2c9320\" data-element_type=\"widget\" data-widget_type=\"heading.default\">\n\t\t\t\t<div class=\"elementor-widget-container\">\n\t\t\t\t\t<h2 class=\"elementor-heading-title elementor-size-default\">Besoin d\u2019aide pour \u00e9vacuer vos d\u00e9chets\u00a0?<\/h2>\t\t\t\t<\/div>\n\t\t\t\t<\/div>\n\t\t\t\t\t<\/div>\n\t\t\t\t<\/div>\n\t\t<div class=\"elementor-element elementor-element-f7bc131 e-flex e-con-boxed e-con e-parent\" data-id=\"f7bc131\" data-element_type=\"container\">\n\t\t\t\t\t<div class=\"e-con-inner\">\n\t\t<div class=\"elementor-element elementor-element-3f7b5a6 e-con-full e-flex e-con e-child\" data-id=\"3f7b5a6\" data-element_type=\"container\">\n\t\t\t\t<div class=\"elementor-element elementor-element-2bb669d elementor-widget elementor-widget-image\" data-id=\"2bb669d\" data-element_type=\"widget\" data-widget_type=\"image.default\">\n\t\t\t\t<div class=\"elementor-widget-container\">\n\t\t\t\t\t\t\t\t\t\t\t\t\t\t\t<img fetchpriority=\"high\" decoding=\"async\" width=\"390\" height=\"390\" src=\"https:\/\/esc-ale.be\/wp-content\/uploads\/2019\/08\/recup-2.jpg\" class=\"attachment-large size-large wp-image-867\" alt=\"\" srcset=\"https:\/\/esc-ale.be\/wp-content\/uploads\/2019\/08\/recup-2.jpg 390w, https:\/\/esc-ale.be\/wp-content\/uploads\/2019\/08\/recup-2-150x150.jpg 150w, https:\/\/esc-ale.be\/wp-content\/uploads\/2019\/08\/recup-2-300x300.jpg 300w\" sizes=\"(max-width: 390px) 100vw, 390px\" \/>\t\t\t\t\t\t\t\t\t\t\t\t\t\t\t<\/div>\n\t\t\t\t<\/div>\n\t\t\t\t<\/div>\n\t\t<div class=\"elementor-element elementor-element-52fe859 e-con-full e-flex e-con e-child\" data-id=\"52fe859\" data-element_type=\"container\">\n\t\t\t\t<div class=\"elementor-element elementor-element-6b0a1a1 elementor-widget elementor-widget-text-editor\" data-id=\"6b0a1a1\" data-element_type=\"widget\" data-widget_type=\"text-editor.default\">\n\t\t\t\t<div class=\"elementor-widget-container\">\n\t\t\t\t\t\t\t\t\t<h6>1- Le service d&rsquo;\u00e9vacuation d&rsquo;encombrants et de d\u00e9chets RECYCLABLES :<\/h6>\n<p>Faites \u00e9vacuer vos encombrants, vos d\u00e9chets recyclables\u2026 vers les parcs \u00e0 conteneurs de l\u2019entit\u00e9 selon les r\u00e8gles de quantit\u00e9 et de tri en vigueur au sein des parcs de la soci\u00e9t\u00e9 IPALLE.<\/p>\n<h6>2- Le service d&rsquo;\u00e9vacuation de vos d\u00e9chets confidentiels (Uniquement pour les ASBL):<\/h6>\n<p>Faites \u00e9vacuer vos d\u00e9chets confidentiels, dans le respect de la vie priv\u00e9e et du R\u00e8glement G\u00e9n\u00e9ral de Protection des Donn\u00e9es &#8211; RGPD.<\/p>\n<h6>3- Le service petits travaux de jardinage et bricolage:<\/h6>\n<p>Le service ex\u00e9cute des petits travaux de jardinage et de bricolage avec le mat\u00e9riel n\u00e9cessaire pour r\u00e9aliser ceux-ci. Le service propose une \u00e9vacuation une fois le travail termin\u00e9 (sous conditions).<\/p>\n<h6>4- Le service petits d\u00e9m\u00e9nagements:<\/h6>\n<p>Le service petits d\u00e9m\u00e9nagements permet de d\u00e9m\u00e9nager \u00e0 faible co\u00fbt vers votre nouveau logement.<\/p>\n<div id=\"ConnectiveDocSignExtentionInstalled\" data-extension-version=\"1.0.4\">\u00a0<\/div>\t\t\t\t\t\t\t\t<\/div>\n\t\t\t\t<\/div>\n\t\t\t\t<\/div>\n\t\t\t\t\t<\/div>\n\t\t\t\t<\/div>\n\t\t<div class=\"elementor-element elementor-element-3337642 e-flex e-con-boxed e-con e-parent\" data-id=\"3337642\" data-element_type=\"container\">\n\t\t\t\t\t<div class=\"e-con-inner\">\n\t\t\t\t<div class=\"elementor-element elementor-element-f1c12e0 elementor-widget elementor-widget-text-editor\" data-id=\"f1c12e0\" data-element_type=\"widget\" data-widget_type=\"text-editor.default\">\n\t\t\t\t<div class=\"elementor-widget-container\">\n\t\t\t\t\t\t\t\t\t<h3 style=\"text-align: center;\"><span style=\"color: #008000;\">\u00c9vacuation de vos d\u00e9chets<\/span><\/h3>\n<p><!-- \/wp:html --><!-- wp:html --><\/p>\n<div id=\"wp-block-themeisle-blocks-advanced-columns-93deb78b\" class=\"wp-block-themeisle-blocks-advanced-columns has-2-columns has-desktop-equal-layout has-tablet-equal-layout has-mobile-collapsedRows-layout has-default-gap has-vertical-unset\">\n<div class=\"wp-block-themeisle-blocks-advanced-columns-overlay\">\u00a0<\/div>\n<div class=\"innerblocks-wrap\">\n<div id=\"wp-block-themeisle-blocks-advanced-column-eaad592f\" class=\"wp-block-themeisle-blocks-advanced-column\">\n<h4>Quel est le co\u00fbt pour \u00e9vacuer vos d\u00e9chets?<\/h4>\n<ul>\n<li>la prestation du travailleur ALE: entre 5,95 \u20ac\/heure et 7,45 \u20ac suivant votre statut (personne priv\u00e9e, b\u00e9n\u00e9ficiaire de l\u2019intervention major\u00e9e, association) ;<\/li>\n<li>un forfait de prise en charge de 5 \u20ac ;<\/li>\n<li>un forfait horaire (de 30 \u00e0 60 min.) pour le dernier d\u00e9chargement de vos encombrants vers le parc IPALLE le plus proche ;<\/li>\n<li>les frais de d\u00e9placement: 0,45\u20ac\/km entre entre notre entrep\u00f4t, votre domicile et le parc \u00e0 conteneurs le plus proche.\u00a0<\/li>\n<\/ul>\n<\/div>\n<div id=\"wp-block-themeisle-blocks-advanced-column-c02e45ad\" class=\"wp-block-themeisle-blocks-advanced-column\">\n<h4>Quel type de d\u00e9chets ?<\/h4>\n<p>Attention les d\u00e9chets pr\u00e9c\u00e9der d\u2019un * sont soumis \u00e0 points.<\/p>\n<p>Chaque utilisateur a un quota de points maximum par an (renseignements aupr\u00e8s du service ou vous pouvez consulter le <a href=\"https:\/\/esc-ale.be\/wp-content\/uploads\/2025\/11\/Reglement-Brigade-Ale.pdf\">R\u00e8glement Brigade Ale<\/a><a href=\"http:\/\/ale-tournai.be\/wp-content\/uploads\/2018\/02\/R\u00e8glement-\u00e9vac-encombrants.pdf\">\u00a0 <\/a><a href=\"http:\/\/ale-tournai.be\/wp-content\/uploads\/2018\/06\/R\u00e8glement-\u00e9vac-encombrants.docx\">et\u00a0<\/a><a href=\"https:\/\/esc-ale.be\/wp-content\/uploads\/2025\/11\/Reglement-evac-encombrants.pdf\">R\u00e8glement \u00e9vac encombrants<\/a>).<\/p>\n<ul>\n<li>PMC : bouteilles et flacons en plastique, emballages m\u00e9talliques et cartons \u00e0 boissons<\/li>\n<li>PAPIER et CARTON<\/li>\n<li>VERRE : bouteilles, bocaux et flacons en verre<\/li>\n<li>METAUX<\/li>\n<li>* BOIS<\/li>\n<li>* ENCOMBRANTS : tout d\u00e9chet trop grand et\/ou trop lourd pour entrer dans un sac poubelle !!!<\/li>\n<li>* DECHETS VERTS<\/li>\n<li>* DECHETS INERTES: d\u00e9chets de construction, soit plaques ondul\u00e9es, ardoises, plaques de sous-toitures, appuis de fen\u00eatre, conduits de chemin\u00e9e, goutti\u00e8res, carrelage, bacs \u00e0 fleurs, flocage ou pl\u00e2tre d\u2019isolation<\/li>\n<li>* AMIANTE conditionn\u00e9 en sacs sp\u00e9cifiques en vente chez Ipalle ou \u00e0 l\u2019ALE au prix d\u20191 \u20ac; les sacs doivent \u00eatre ferm\u00e9s et ne pas peser plus de 25 kg<\/li>\n<li>DECHETS D\u2019EQUIPEMENTS ELECTRIQUES ET ELECTRONIQUES : tout appareil fonctionnant \u00e0 l\u2019aide de piles ou de courant \u00e9lectriques<\/li>\n<li>DECHETS SPECIAUX DES MENAGES (petits d\u00e9chets chimiques)<\/li>\n<li>HUILES ET GRAISSES ALIMENTAIRES<\/li>\n<li>HUILES DE MOTEURS<\/li>\n<li>PNEUS, PILES, BOUCHONS DE LIEGE<\/li>\n<li>PLASTICS D\u2019EMBALLAGE, SACHETS DE COURSES\u2026<\/li>\n<li>TEXTILES et accessoires en bon \u00e9tat<\/li>\n<\/ul>\n<\/div>\n<\/div>\n<\/div>\n<p><!-- \/wp:html --><!-- wp:html --><\/p>\n<div id=\"wp-block-themeisle-blocks-advanced-columns-f28e101b\" class=\"wp-block-themeisle-blocks-advanced-columns alignfull has-1-columns has-desktop-equal-layout has-tablet-equal-layout has-mobile-equal-layout has-default-gap has-vertical-unset\">\n<div class=\"wp-block-themeisle-blocks-advanced-columns-overlay\">\u00a0<\/div>\n<div class=\"innerblocks-wrap\">\n<div id=\"wp-block-themeisle-blocks-advanced-column-5670a708\" class=\"wp-block-themeisle-blocks-advanced-column\">\u00a0<\/div>\n<\/div>\n<\/div>\n<p><!-- \/wp:html --><!-- wp:html --><\/p>\n<h3 style=\"text-align: center;\"><span style=\"color: #008000;\">\u00c9vacuation de vos d\u00e9chets confidentiels<\/span><\/h3>\n<p><!-- \/wp:html --><!-- wp:html --><\/p>\n<div id=\"wp-block-themeisle-blocks-advanced-columns-a0403375\" class=\"wp-block-themeisle-blocks-advanced-columns has-2-columns has-desktop-equal-layout has-tablet-equal-layout has-mobile-collapsedRows-layout has-default-gap has-vertical-unset\">\n<div class=\"wp-block-themeisle-blocks-advanced-columns-overlay\">\u00a0<\/div>\n<div class=\"innerblocks-wrap\">\n<div id=\"wp-block-themeisle-blocks-advanced-column-122d21f3\" class=\"wp-block-themeisle-blocks-advanced-column\">\n<h4><strong>Comment\u00a0?<\/strong><\/h4>\n<p>Les services publics, \u00e9coles, ASBL, et associations non commerciales peuvent faire \u00e9vacuer des documents confidentiels. Notre service ALE r\u00e9cup achemine directement vos documents confidentiels vers l\u2019entreprise Dufour. Nos prestataires ale d\u00e9posent, eux-m\u00eames, les boites de documents sur la bande transporteuse et attendent qu\u2019elles tombent dans le d\u00e9chiqueteur.<\/p>\n<h4>\u00a0<\/h4>\n<h4>Quel est le co\u00fbt pour \u00e9vacuer vos d\u00e9chets?<\/h4>\n<ul>\n<li>5\u20ac de prise en charge\u00a0;<\/li>\n<li>Tarif horaire: 5,95\u20ac ou 7,45\u20ac (suivant votre statut) payable en ch\u00e8que ale + liquide\u00a0ou sur demande de facture;<\/li>\n<li>frais de d\u00e9placement\u00a0: 0,45\u20ac par km parcouru.\u00a0<\/li>\n<\/ul>\n<\/div>\n<div id=\"wp-block-themeisle-blocks-advanced-column-97570023\" class=\"wp-block-themeisle-blocks-advanced-column\">\n<h4>Quelles sont les garanties de confidentialit\u00e9\u00a0?<\/h4>\n<ol>\n<li>Nos prestataires ale signent une charte de confidentialit\u00e9 qui les expose \u00e0 des sanctions en cas de non respect\u00a0;<\/li>\n<li>Nous vous demandons de mettre les documents \u00e0 d\u00e9truire dans des <u>boites en carton ferm\u00e9es<\/u>. Attention, ces boites ne doivent contenir que du papier ou du carton (pas de farde ou chemise en plastique, pas de reliure en plastique ou en m\u00e9tal\u2026) ;<\/li>\n<li>Apr\u00e8s le chargement, nos prestataires ale se rendent <u>directement<\/u> chez Dufour et veillent \u00e0 la destruction des boites en carton\u00a0;<\/li>\n<li>L\u2019entreprise Dufour vous envoie par la poste, dans les quinze jours qui suivent notre passage, une attestation de destruction.<\/li>\n<\/ol>\n<h4>Quels sont les jours pour l\u2019\u00e9vacuation des d\u00e9chets confidentiels\u00a0? \u00a0<\/h4>\n<p>Id\u00e9alement, lundi matin ou vendredi matin (sauf jours f\u00e9ri\u00e9s ou fermeture de l\u2019entreprise Dufour).<\/p>\n<\/div>\n<\/div>\n<\/div>\n<p><!-- \/wp:html --><!-- wp:html --><\/p>\n<div id=\"wp-block-themeisle-blocks-advanced-columns-395c7eea\" class=\"wp-block-themeisle-blocks-advanced-columns alignfull has-1-columns has-desktop-equal-layout has-tablet-equal-layout has-mobile-equal-layout has-default-gap has-vertical-unset\">\n<div class=\"wp-block-themeisle-blocks-advanced-columns-overlay\">\u00a0<\/div>\n<div class=\"innerblocks-wrap\">\n<div id=\"wp-block-themeisle-blocks-advanced-column-b088fac5\" class=\"wp-block-themeisle-blocks-advanced-column\">\u00a0<\/div>\n<\/div>\n<\/div>\n<p><!-- \/wp:html --><!-- wp:html --><\/p>\n<h3 style=\"text-align: center;\"><span style=\"color: #008000;\">Aide au petit d\u00e9m\u00e9nagement<\/span><\/h3>\n<p><!-- \/wp:html --><!-- wp:html --><\/p>\n<div id=\"wp-block-themeisle-blocks-advanced-columns-40cfd7b9\" class=\"wp-block-themeisle-blocks-advanced-columns has-2-columns has-desktop-equal-layout has-tablet-equal-layout has-mobile-collapsedRows-layout has-default-gap has-vertical-unset\">\n<div class=\"wp-block-themeisle-blocks-advanced-columns-overlay\">\u00a0<\/div>\n<div class=\"innerblocks-wrap\">\n<div id=\"wp-block-themeisle-blocks-advanced-column-5254ecab\" class=\"wp-block-themeisle-blocks-advanced-column\">\n<h4>Pour qui ?<\/h4>\n<p>Ce service est\u00a0accessible\u00a0<strong>uniquement<\/strong> aux personnes pr\u00e9caris\u00e9es r\u00e9pondant aux conditions BIM + conditions IDESS.<\/p>\n<p>Une attestation de statut\/de revenus ou une attestation d\u2019un service social est obligatoire \u00e0 l\u2019inscription.<\/p>\n<h4>Marche \u00e0 suivre<\/h4>\n<p>L&rsquo;utilisateur s&rsquo;engage \u00e0:\u00a0<\/p>\n<ul>\n<li>d\u00e9monter ce qui est d\u00e9montable<\/li>\n<li>vider tiroirs, armoires, frigos et \u00e0 les fermer au moyen de ruban adh\u00e9sif<\/li>\n<li>emballer tout ce qui est cassable dans des bo\u00eetes sur lesquelles il sera not\u00e9 FRAGILE<\/li>\n<li>v\u00e9rifier l&rsquo;accessibilit\u00e9 par ascenseur.<\/li>\n<\/ul>\n<\/div>\n<div id=\"wp-block-themeisle-blocks-advanced-column-c58fcfa4\" class=\"wp-block-themeisle-blocks-advanced-column\">\n<h4>Quel est le co\u00fbt?<\/h4>\n<p>Le prix comprend:<\/p>\n<ul>\n<li>la prestation du travailleur ALE: soit 5,95 \u20ac\/heure ;<\/li>\n<li>un forfait de prise en charge de 5 \u20ac ;<\/li>\n<li>les frais de d\u00e9placements: 0,45 \u20ac\/km entre notre entrep\u00f4t\/le premier domicile et le second domicile.\u00a0<\/li>\n<\/ul>\n<p>Remarque importante :<\/p>\n<ul>\n<li><strong> tout doit \u00eatre pr\u00eat \u00e0 emporter.<\/strong><\/li>\n<\/ul>\n<p>Vous pouvez consulter le <a href=\"http:\/\/R\u00e8glement d\u00e9m\u00e9nagement.pdf\" data-wplink-url-error=\"true\">r\u00e8glement utilisateurs: demande de d\u00e9m\u00e9nagement.<\/a><\/p>\n<\/div>\n<\/div>\n<\/div>\n<p><!-- \/wp:html --><!-- wp:html --><\/p>\n<div id=\"wp-block-themeisle-blocks-advanced-columns-b5764b52\" class=\"wp-block-themeisle-blocks-advanced-columns alignfull has-1-columns has-desktop-equal-layout has-tablet-equal-layout has-mobile-equal-layout has-default-gap has-vertical-unset\">\n<div class=\"wp-block-themeisle-blocks-advanced-columns-overlay\">\u00a0<\/div>\n<div class=\"innerblocks-wrap\">\n<div id=\"wp-block-themeisle-blocks-advanced-column-7741a429\" class=\"wp-block-themeisle-blocks-advanced-column\">\u00a0<\/div>\n<\/div>\n<\/div>\n<p><!-- \/wp:html --><!-- wp:html --><\/p>\n<h3 style=\"text-align: center;\"><span style=\"color: #008000;\">Petits travaux de jardin et de bricolage<\/span><\/h3>\n<p><!-- \/wp:html --><!-- wp:html --><\/p>\n<div id=\"wp-block-themeisle-blocks-advanced-columns-b764b611\" class=\"wp-block-themeisle-blocks-advanced-columns has-2-columns has-desktop-equal-layout has-tablet-equal-layout has-mobile-collapsedRows-layout has-default-gap has-vertical-unset\">\n<div class=\"wp-block-themeisle-blocks-advanced-columns-overlay\">\u00a0<\/div>\n<div class=\"innerblocks-wrap\">\n<div id=\"wp-block-themeisle-blocks-advanced-column-e78a9ec5\" class=\"wp-block-themeisle-blocks-advanced-column\">\n<h4>Pour qui ?<\/h4>\n<p>Ce service est\u00a0accessible\u00a0<strong>uniquement<\/strong> aux personnes b\u00e9n\u00e9ficiant du statut BIM et conditions IDESS.<\/p>\n<p>Une attestation de statut\/de revenus ou une attestation d\u2019un service social est obligatoire \u00e0 l\u2019inscription.<\/p>\n<ul>\n<li>La tonte de pelouse d&rsquo;une surface inf\u00e9rieure \u00e0 300m\u00b2<\/li>\n<li>La taille de haies de maximum 40m de long et de 3 m de haut<\/li>\n<li>Le d\u00e9sherbage des jardins et des potagers d&rsquo;une surface inf\u00e9rieure \u00e0 150 m\u00b2<\/li>\n<li>Le fa\u00e7onnage de bois de chauffage<\/li>\n<li>Monter une \u00e9tag\u00e8re , remplacer un lustre , d\u00e9monter et remonter des meubles<\/li>\n<li>Tapisser (maximum deux pi\u00e8ces par an)&#8230;<\/li>\n<\/ul>\n<\/div>\n<div id=\"wp-block-themeisle-blocks-advanced-column-0dfcd093\" class=\"wp-block-themeisle-blocks-advanced-column\">\n<h4>Quel est le co\u00fbt?<\/h4>\n<p>Le prix comprend:<\/p>\n<ul>\n<li>la prestation du travailleur, soit 5,95 \u20ac\/h ;<\/li>\n<li>un forfait de 5 \u20ac de prise en charge ;<\/li>\n<li>un forfait pour la mise \u00e0 disposition du mat\u00e9riel, soit : <br \/>&#8211; 20 \u20ac\/h (essence comprise ) pour le mat\u00e9riel thermique montant plafonn\u00e9 \u00e0 50\u20ac \/Jours,<br \/>&#8211; 5 \u20ac\/h pour le mat\u00e9riel \u00e9lectrique, <br \/>&#8211; 2 \u20ac\/h pour tout autre mat\u00e9riel ;<\/li>\n<li>les frais de d\u00e9placements entre notre entrep\u00f4t et votre domicile, soit 0,45 \u20ac\/ km.\u00a0<\/li>\n<\/ul>\n<p>Ne sont r\u00e9alis\u00e9s que de petits travaux de jardinage ou de bricolage (conditions de superficie).<\/p>\n<p>Cette demande peut \u00eatre coupl\u00e9e a une demande d\u2019\u00e9vacuation des d\u00e9chets.<\/p>\n<p>\u00a0<\/p>\n<\/div>\n<div>\n<h4><strong>Quand pouvez-vous joindre le service de l&rsquo;ALE R\u00e9cup&rsquo; ?<\/strong><\/h4>\n<div>Du lundi au vendredi de 8h \u00e0 12 et de 13h \u00e0 16h sauf les mercredis apr\u00e8s-midi.<\/div>\n<\/div>\n<div>\u00a0<\/div>\n<div id=\"wp-block-themeisle-blocks-advanced-column-0dfcd093\" class=\"wp-block-themeisle-blocks-advanced-column\">\n<p><strong>Pour tout renseignement compl\u00e9mentaire ou demande, n\u2019h\u00e9sitez surtout pas \u00e0 nous contacter au 069\/777.938 (Option 3)<\/strong><\/p>\n<\/div>\n<\/div>\n<\/div>\n<div id=\"ConnectiveDocSignExtentionInstalled\" data-extension-version=\"1.0.4\">\u00a0<\/div>\t\t\t\t\t\t\t\t<\/div>\n\t\t\t\t<\/div>\n\t\t\t\t\t<\/div>\n\t\t\t\t<\/div>\n\t\t\t\t<\/div>\n\t\t","protected":false},"excerpt":{"rendered":"<p>Besoin d\u2019aide pour \u00e9vacuer vos d\u00e9chets\u00a0? 1- Le service d&rsquo;\u00e9vacuation d&rsquo;encombrants et de d\u00e9chets RECYCLABLES : Faites \u00e9vacuer vos encombrants, vos d\u00e9chets recyclables\u2026 vers les parcs \u00e0 conteneurs de l\u2019entit\u00e9 &#8230;<\/p>\n","protected":false},"author":1,"featured_media":0,"parent":0,"menu_order":0,"comment_status":"closed","ping_status":"closed","template":"elementor_header_footer","meta":{"footnotes":""},"class_list":["post-30","page","type-page","status-publish","hentry"],"yoast_head":"<!-- This site is optimized with the Yoast SEO plugin v27.3 - https:\/\/yoast.com\/product\/yoast-seo-wordpress\/ -->\n<title>ALE RECUP - Esc&#039;ALE ASBL - ALE de Tournai-Pecq<\/title>\n<meta name=\"description\" content=\"Besoin d&#039;un coup de main (jardinage, petits travaux divers)..\" \/>\n<meta name=\"robots\" content=\"index, follow, max-snippet:-1, max-image-preview:large, max-video-preview:-1\" \/>\n<link rel=\"canonical\" href=\"https:\/\/esc-ale.be\/index.php\/ale-recup\/\" \/>\n<meta property=\"og:locale\" content=\"fr_FR\" \/>\n<meta property=\"og:type\" content=\"article\" \/>\n<meta property=\"og:title\" content=\"ALE RECUP - Esc&#039;ALE ASBL - ALE de Tournai-Pecq\" \/>\n<meta property=\"og:description\" content=\"Besoin d&#039;un coup de main (jardinage, petits travaux divers)..\" \/>\n<meta property=\"og:url\" content=\"https:\/\/esc-ale.be\/index.php\/ale-recup\/\" \/>\n<meta property=\"og:site_name\" content=\"Esc&#039;ALE ASBL - ALE de Tournai-Pecq\" \/>\n<meta property=\"article:modified_time\" content=\"2025-11-12T07:39:00+00:00\" \/>\n<meta property=\"og:image\" content=\"https:\/\/esc-ale.be\/wp-content\/uploads\/2019\/08\/recup-2.jpg\" \/>\n\t<meta property=\"og:image:width\" content=\"390\" \/>\n\t<meta property=\"og:image:height\" content=\"390\" \/>\n\t<meta property=\"og:image:type\" content=\"image\/jpeg\" \/>\n<meta name=\"twitter:card\" content=\"summary_large_image\" \/>\n<meta name=\"twitter:label1\" content=\"Dur\u00e9e de lecture estim\u00e9e\" \/>\n\t<meta name=\"twitter:data1\" content=\"6 minutes\" \/>\n<script type=\"application\/ld+json\" class=\"yoast-schema-graph\">{\"@context\":\"https:\\\/\\\/schema.org\",\"@graph\":[{\"@type\":\"WebPage\",\"@id\":\"https:\\\/\\\/esc-ale.be\\\/index.php\\\/ale-recup\\\/\",\"url\":\"https:\\\/\\\/esc-ale.be\\\/index.php\\\/ale-recup\\\/\",\"name\":\"ALE RECUP - Esc&#039;ALE ASBL - ALE de Tournai-Pecq\",\"isPartOf\":{\"@id\":\"https:\\\/\\\/esc-ale.be\\\/#website\"},\"primaryImageOfPage\":{\"@id\":\"https:\\\/\\\/esc-ale.be\\\/index.php\\\/ale-recup\\\/#primaryimage\"},\"image\":{\"@id\":\"https:\\\/\\\/esc-ale.be\\\/index.php\\\/ale-recup\\\/#primaryimage\"},\"thumbnailUrl\":\"https:\\\/\\\/esc-ale.be\\\/wp-content\\\/uploads\\\/2019\\\/08\\\/recup-2.jpg\",\"datePublished\":\"2019-08-07T09:45:47+00:00\",\"dateModified\":\"2025-11-12T07:39:00+00:00\",\"description\":\"Besoin d'un coup de main (jardinage, petits travaux divers)..\",\"breadcrumb\":{\"@id\":\"https:\\\/\\\/esc-ale.be\\\/index.php\\\/ale-recup\\\/#breadcrumb\"},\"inLanguage\":\"fr-FR\",\"potentialAction\":[{\"@type\":\"ReadAction\",\"target\":[\"https:\\\/\\\/esc-ale.be\\\/index.php\\\/ale-recup\\\/\"]}]},{\"@type\":\"ImageObject\",\"inLanguage\":\"fr-FR\",\"@id\":\"https:\\\/\\\/esc-ale.be\\\/index.php\\\/ale-recup\\\/#primaryimage\",\"url\":\"https:\\\/\\\/esc-ale.be\\\/wp-content\\\/uploads\\\/2019\\\/08\\\/recup-2.jpg\",\"contentUrl\":\"https:\\\/\\\/esc-ale.be\\\/wp-content\\\/uploads\\\/2019\\\/08\\\/recup-2.jpg\",\"width\":390,\"height\":390},{\"@type\":\"BreadcrumbList\",\"@id\":\"https:\\\/\\\/esc-ale.be\\\/index.php\\\/ale-recup\\\/#breadcrumb\",\"itemListElement\":[{\"@type\":\"ListItem\",\"position\":1,\"name\":\"Accueil\",\"item\":\"https:\\\/\\\/esc-ale.be\\\/\"},{\"@type\":\"ListItem\",\"position\":2,\"name\":\"ALE RECUP\"}]},{\"@type\":\"WebSite\",\"@id\":\"https:\\\/\\\/esc-ale.be\\\/#website\",\"url\":\"https:\\\/\\\/esc-ale.be\\\/\",\"name\":\"Esc&#039;ALE ASBL - ALE de Tournai-Pecq\",\"description\":\"Vous \u00e9prouvez des difficult\u00e9s \u00e0 vous d\u00e9placer ? Vous souhaitez vous rendre chez le m\u00e9decin, \u00e0 une consultation \u00e0 l&#039;h\u00f4pital, faire des courses, \u2026\",\"publisher\":{\"@id\":\"https:\\\/\\\/esc-ale.be\\\/#organization\"},\"potentialAction\":[{\"@type\":\"SearchAction\",\"target\":{\"@type\":\"EntryPoint\",\"urlTemplate\":\"https:\\\/\\\/esc-ale.be\\\/?s={search_term_string}\"},\"query-input\":{\"@type\":\"PropertyValueSpecification\",\"valueRequired\":true,\"valueName\":\"search_term_string\"}}],\"inLanguage\":\"fr-FR\"},{\"@type\":\"Organization\",\"@id\":\"https:\\\/\\\/esc-ale.be\\\/#organization\",\"name\":\"Esc&#039;ALE ASBL - ALE de Tournai-Pecq\",\"url\":\"https:\\\/\\\/esc-ale.be\\\/\",\"logo\":{\"@type\":\"ImageObject\",\"inLanguage\":\"fr-FR\",\"@id\":\"https:\\\/\\\/esc-ale.be\\\/#\\\/schema\\\/logo\\\/image\\\/\",\"url\":\"https:\\\/\\\/esc-ale.be\\\/wp-content\\\/uploads\\\/2025\\\/10\\\/cropped-Petit-Logo-EscALE.jpg\",\"contentUrl\":\"https:\\\/\\\/esc-ale.be\\\/wp-content\\\/uploads\\\/2025\\\/10\\\/cropped-Petit-Logo-EscALE.jpg\",\"width\":125,\"height\":110,\"caption\":\"Esc&#039;ALE ASBL - ALE de Tournai-Pecq\"},\"image\":{\"@id\":\"https:\\\/\\\/esc-ale.be\\\/#\\\/schema\\\/logo\\\/image\\\/\"}}]}<\/script>\n<!-- \/ Yoast SEO plugin. -->","yoast_head_json":{"title":"ALE RECUP - Esc&#039;ALE ASBL - ALE de Tournai-Pecq","description":"Besoin d'un coup de main (jardinage, petits travaux divers)..","robots":{"index":"index","follow":"follow","max-snippet":"max-snippet:-1","max-image-preview":"max-image-preview:large","max-video-preview":"max-video-preview:-1"},"canonical":"https:\/\/esc-ale.be\/index.php\/ale-recup\/","og_locale":"fr_FR","og_type":"article","og_title":"ALE RECUP - Esc&#039;ALE ASBL - ALE de Tournai-Pecq","og_description":"Besoin d'un coup de main (jardinage, petits travaux divers)..","og_url":"https:\/\/esc-ale.be\/index.php\/ale-recup\/","og_site_name":"Esc&#039;ALE ASBL - ALE de Tournai-Pecq","article_modified_time":"2025-11-12T07:39:00+00:00","og_image":[{"width":390,"height":390,"url":"https:\/\/esc-ale.be\/wp-content\/uploads\/2019\/08\/recup-2.jpg","type":"image\/jpeg"}],"twitter_card":"summary_large_image","twitter_misc":{"Dur\u00e9e de lecture estim\u00e9e":"6 minutes"},"schema":{"@context":"https:\/\/schema.org","@graph":[{"@type":"WebPage","@id":"https:\/\/esc-ale.be\/index.php\/ale-recup\/","url":"https:\/\/esc-ale.be\/index.php\/ale-recup\/","name":"ALE RECUP - Esc&#039;ALE ASBL - ALE de Tournai-Pecq","isPartOf":{"@id":"https:\/\/esc-ale.be\/#website"},"primaryImageOfPage":{"@id":"https:\/\/esc-ale.be\/index.php\/ale-recup\/#primaryimage"},"image":{"@id":"https:\/\/esc-ale.be\/index.php\/ale-recup\/#primaryimage"},"thumbnailUrl":"https:\/\/esc-ale.be\/wp-content\/uploads\/2019\/08\/recup-2.jpg","datePublished":"2019-08-07T09:45:47+00:00","dateModified":"2025-11-12T07:39:00+00:00","description":"Besoin d'un coup de main (jardinage, petits travaux divers)..","breadcrumb":{"@id":"https:\/\/esc-ale.be\/index.php\/ale-recup\/#breadcrumb"},"inLanguage":"fr-FR","potentialAction":[{"@type":"ReadAction","target":["https:\/\/esc-ale.be\/index.php\/ale-recup\/"]}]},{"@type":"ImageObject","inLanguage":"fr-FR","@id":"https:\/\/esc-ale.be\/index.php\/ale-recup\/#primaryimage","url":"https:\/\/esc-ale.be\/wp-content\/uploads\/2019\/08\/recup-2.jpg","contentUrl":"https:\/\/esc-ale.be\/wp-content\/uploads\/2019\/08\/recup-2.jpg","width":390,"height":390},{"@type":"BreadcrumbList","@id":"https:\/\/esc-ale.be\/index.php\/ale-recup\/#breadcrumb","itemListElement":[{"@type":"ListItem","position":1,"name":"Accueil","item":"https:\/\/esc-ale.be\/"},{"@type":"ListItem","position":2,"name":"ALE RECUP"}]},{"@type":"WebSite","@id":"https:\/\/esc-ale.be\/#website","url":"https:\/\/esc-ale.be\/","name":"Esc&#039;ALE ASBL - ALE de Tournai-Pecq","description":"Vous \u00e9prouvez des difficult\u00e9s \u00e0 vous d\u00e9placer ? Vous souhaitez vous rendre chez le m\u00e9decin, \u00e0 une consultation \u00e0 l&#039;h\u00f4pital, faire des courses, \u2026","publisher":{"@id":"https:\/\/esc-ale.be\/#organization"},"potentialAction":[{"@type":"SearchAction","target":{"@type":"EntryPoint","urlTemplate":"https:\/\/esc-ale.be\/?s={search_term_string}"},"query-input":{"@type":"PropertyValueSpecification","valueRequired":true,"valueName":"search_term_string"}}],"inLanguage":"fr-FR"},{"@type":"Organization","@id":"https:\/\/esc-ale.be\/#organization","name":"Esc&#039;ALE ASBL - ALE de Tournai-Pecq","url":"https:\/\/esc-ale.be\/","logo":{"@type":"ImageObject","inLanguage":"fr-FR","@id":"https:\/\/esc-ale.be\/#\/schema\/logo\/image\/","url":"https:\/\/esc-ale.be\/wp-content\/uploads\/2025\/10\/cropped-Petit-Logo-EscALE.jpg","contentUrl":"https:\/\/esc-ale.be\/wp-content\/uploads\/2025\/10\/cropped-Petit-Logo-EscALE.jpg","width":125,"height":110,"caption":"Esc&#039;ALE ASBL - ALE de Tournai-Pecq"},"image":{"@id":"https:\/\/esc-ale.be\/#\/schema\/logo\/image\/"}}]}},"jetpack_sharing_enabled":true,"_links":{"self":[{"href":"https:\/\/esc-ale.be\/index.php\/wp-json\/wp\/v2\/pages\/30","targetHints":{"allow":["GET"]}}],"collection":[{"href":"https:\/\/esc-ale.be\/index.php\/wp-json\/wp\/v2\/pages"}],"about":[{"href":"https:\/\/esc-ale.be\/index.php\/wp-json\/wp\/v2\/types\/page"}],"author":[{"embeddable":true,"href":"https:\/\/esc-ale.be\/index.php\/wp-json\/wp\/v2\/users\/1"}],"replies":[{"embeddable":true,"href":"https:\/\/esc-ale.be\/index.php\/wp-json\/wp\/v2\/comments?post=30"}],"version-history":[{"count":168,"href":"https:\/\/esc-ale.be\/index.php\/wp-json\/wp\/v2\/pages\/30\/revisions"}],"predecessor-version":[{"id":2213,"href":"https:\/\/esc-ale.be\/index.php\/wp-json\/wp\/v2\/pages\/30\/revisions\/2213"}],"wp:attachment":[{"href":"https:\/\/esc-ale.be\/index.php\/wp-json\/wp\/v2\/media?parent=30"}],"curies":[{"name":"wp","href":"https:\/\/api.w.org\/{rel}","templated":true}]}}