{"id":180,"date":"2019-08-09T14:05:33","date_gmt":"2019-08-09T12:05:33","guid":{"rendered":"http:\/\/ale-tournai.be\/?page_id=180"},"modified":"2025-11-05T13:37:06","modified_gmt":"2025-11-05T12:37:06","slug":"ca-ag","status":"publish","type":"page","link":"https:\/\/esc-ale.be\/index.php\/ca-ag\/","title":{"rendered":"OA &#8211; AG"},"content":{"rendered":"\t\t<div data-elementor-type=\"wp-page\" data-elementor-id=\"180\" class=\"elementor elementor-180\">\n\t\t\t\t<div class=\"elementor-element elementor-element-78e01df2 e-flex e-con-boxed e-con e-parent\" data-id=\"78e01df2\" data-element_type=\"container\">\n\t\t\t\t\t<div class=\"e-con-inner\">\n\t\t\t\t<div class=\"elementor-element elementor-element-3054bb8e elementor-widget elementor-widget-text-editor\" data-id=\"3054bb8e\" data-element_type=\"widget\" data-widget_type=\"text-editor.default\">\n\t\t\t\t<div class=\"elementor-widget-container\">\n\t\t\t\t\t\t\t\t\t<div class=\"vce-row-container\">\n<div id=\"el-83bf04fe\" class=\"vce-row vce-row--col-gap-30 vce-row-columns--top vce-row-content--top\" data-vce-do-apply=\"all el-83bf04fe\">\n<div class=\"vce-row-content\" data-vce-element-content=\"true\">\n<div id=\"el-1503253c\" class=\"vce-col vce-col--md-auto vce-col--xs-1 vce-col--xs-last vce-col--xs-first vce-col--sm-last vce-col--sm-first vce-col--md-last vce-col--lg-last vce-col--xl-last vce-col--md-first vce-col--lg-first vce-col--xl-first\">\n<div class=\"vce-col-inner\" data-vce-do-apply=\"border margin background el-1503253c\">\n<div class=\"vce-col-content\" data-vce-element-content=\"true\" data-vce-do-apply=\"padding el-1503253c\">\n<p><strong>Qu\u2019est-ce que l\u2019ALE ?<\/strong><\/p>\n<p>L\u2019Agence Locale pour l\u2019Emploi (ALE) est une Association Sans But Lucratif (ASBL) cr\u00e9\u00e9e par la commune ou par un groupe de communes. L\u2019ALE propose des services d\u2019aide aux personnes ou aux associations, pour l\u2019ex\u00e9cution de certains travaux, services non-rencontr\u00e9s dans le circuit de travail r\u00e9gulier. Il s\u2019agit d\u2019un service non-concurrentiel aux activit\u00e9s des entreprises commerciales existantes.<\/p>\n<p>L\u2019ALE permet aux demandeurs d\u2019emploi de longue dur\u00e9e ainsi qu\u2019\u00e0 certaines cat\u00e9gories de personnes aid\u00e9es par le CPAS, d\u2019obtenir l\u00e9galement un compl\u00e9ment \u00e0 leurs allocations de ch\u00f4mage ou d\u2019int\u00e9gration sociale, en exer\u00e7ant des travaux de proximit\u00e9. Ceci leur permet aussi de maintenir un contact avec le monde professionnel.<\/p>\n<p>C\u2019est un service d\u2019accueil et de coordination, \u0153uvrant d\u2019une part en faveur de l\u2019aide \u00e0 la r\u00e9insertion socio-professionnelle et proposant, d\u2019autre part, des services de proximit\u00e9 \u00e0 tout un chacun.<\/p>\n<p>Des personnes priv\u00e9es, des autorit\u00e9s locales (communes, CPAS), des ASBL et autres associations non-commerciales, des \u00e9tablissements d\u2019enseignement et des entreprises des secteurs horticole et agricole, peuvent faire effectuer des activit\u00e9s par des travailleurs ALE.<\/p>\n<p>L\u2019ALE a la possibilit\u00e9 de s\u2019investir dans des initiatives locales pour l\u2019emploi et s\u2019inscrit dans un partenariat d\u2019institutions locales travaillant en ce sens.<\/p>\n<p>De plus, depuis plusieurs ann\u00e9es et pour un certain nombre d\u2019ALE, une section sui generis de l\u2019ALE&nbsp; a vu le jour&nbsp;: ce sont les titres-services. Le Titre-Service est un syst\u00e8me subventionn\u00e9 par l\u2019Etat F\u00e9d\u00e9ral permettant aux particuliers de disposer d\u2019un travailleur d\u2019une entreprise agr\u00e9\u00e9e pour l\u2019ex\u00e9cution de t\u00e2ches m\u00e9nag\u00e8res au domicile ou en dehors de celui-ci.<\/p>\n<p>Gr\u00e2ce aux subsides du gouvernement f\u00e9d\u00e9ral, le Titre-Service, d\u2019une valeur de 29,95 \u20ac par heure de prestation, a r\u00e9ellement une valeur d\u2019achat de 10,40\u20ac (voir conditions) pour le particulier qui profitera \u00e9galement d\u2019une d\u00e9duction fiscale.<\/p>\n<p>Et enfin, le Titre-Service permet \u00e0 de nombreux travailleurs de revenir dans le circuit du travail et de disposer d\u2019un salaire mensuel garanti.<\/p>\n<p style=\"text-align: center;\"><u style=\"font-size: 0.875rem;\">OA-AG<\/u><\/p>\n<table id=\"toonfctie\" width=\"100%\" cellspacing=\"0\" cellpadding=\"7\">\n<tbody>\n<tr>\n<td class=\"RL\">Administrateur<\/td>\n<td class=\"RL\">Ara ,&nbsp; Linda&nbsp;<\/td>\n<td class=\"RL\"><span class=\"upd\">Depuis le 26 avril 2013<\/span><\/td>\n<\/tr>\n<tr>\n<td class=\"QL\">Administrateur<\/td>\n<td class=\"QL\">Bequet ,&nbsp; Jean-Fran\u00e7ois&nbsp;<\/td>\n<td class=\"QL\"><span class=\"upd\">Depuis le 26 septembre 2025<\/span><\/td>\n<\/tr>\n<tr>\n<td class=\"RL\">Administrateur<\/td>\n<td class=\"RL\">Cougnet ,&nbsp; R\u00e9mi&nbsp;<\/td>\n<td class=\"RL\"><span class=\"upd\">Depuis le 26 septembre 2025<\/span><\/td>\n<\/tr>\n<tr>\n<td class=\"QL\">Administrateur<\/td>\n<td class=\"QL\">Dambroise ,&nbsp; Delphine&nbsp;<\/td>\n<td class=\"QL\"><span class=\"upd\">Depuis le 26 septembre 2025<\/span><\/td>\n<\/tr>\n<tr>\n<td class=\"RL\">Administrateur<\/td>\n<td class=\"RL\">De Rodder ,&nbsp; Doroth\u00e9e&nbsp;<\/td>\n<td class=\"RL\"><span class=\"upd\">Depuis le 14 mars 2017<\/span><\/td>\n<\/tr>\n<tr>\n<td class=\"QL\">Administrateur<\/td>\n<td class=\"QL\">Delarue ,&nbsp; Virginie&nbsp;<\/td>\n<td class=\"QL\"><span class=\"upd\">Depuis le 6 juin 2019<\/span><\/td>\n<\/tr>\n<tr>\n<td class=\"RL\">Administrateur<\/td>\n<td class=\"RL\">Delrue ,&nbsp; Kara&nbsp;<\/td>\n<td class=\"RL\"><span class=\"upd\">Depuis le 28 juin 2023<\/span><\/td>\n<\/tr>\n<tr>\n<td class=\"QL\">Administrateur<\/td>\n<td class=\"QL\">Deside ,&nbsp; Christine&nbsp;<\/td>\n<td class=\"QL\"><span class=\"upd\">Depuis le 26 septembre 2025<\/span><\/td>\n<\/tr>\n<tr>\n<td class=\"RL\">Administrateur<\/td>\n<td class=\"RL\">Detournay ,&nbsp; Agn\u00e8s&nbsp;<\/td>\n<td class=\"RL\"><span class=\"upd\">Depuis le 26 septembre 2025<\/span><\/td>\n<\/tr>\n<tr>\n<td class=\"QL\">Administrateur<\/td>\n<td class=\"QL\">Dubois ,&nbsp; Gr\u00e9gory&nbsp;<\/td>\n<td class=\"QL\"><span class=\"upd\">Depuis le 5 f\u00e9vrier 2018<\/span><\/td>\n<\/tr>\n<tr>\n<td class=\"RL\">Administrateur<\/td>\n<td class=\"RL\">Gallez ,&nbsp; Catherine&nbsp;<\/td>\n<td class=\"RL\"><span class=\"upd\">Depuis le 26 septembre 2025<\/span><\/td>\n<\/tr>\n<tr>\n<td class=\"QL\">Administrateur<\/td>\n<td class=\"QL\">Glorieux ,&nbsp; Cl\u00e9ment&nbsp;<\/td>\n<td class=\"QL\"><span class=\"upd\">Depuis le 26 septembre 2025<\/span><\/td>\n<\/tr>\n<tr>\n<td class=\"RL\">Administrateur<\/td>\n<td class=\"RL\">Landr\u00e9 ,&nbsp; Alain&nbsp;<\/td>\n<td class=\"RL\"><span class=\"upd\">Depuis le 26 septembre 2025<\/span><\/td>\n<\/tr>\n<tr>\n<td class=\"QL\">Administrateur<\/td>\n<td class=\"QL\">Lefebvre ,&nbsp; Bernard&nbsp;<\/td>\n<td class=\"QL\"><span class=\"upd\">Depuis le 26 septembre 2025<\/span><\/td>\n<\/tr>\n<tr>\n<td class=\"RL\">Administrateur<\/td>\n<td class=\"RL\">Legrand ,&nbsp; Colette&nbsp;<\/td>\n<td class=\"RL\"><span class=\"upd\">Depuis le 17 juin 2022<\/span><\/td>\n<\/tr>\n<tr>\n<td class=\"QL\">Administrateur<\/td>\n<td class=\"QL\">Masure ,&nbsp; Audrey&nbsp;<\/td>\n<td class=\"QL\"><span class=\"upd\">Depuis le 26 septembre 2025<\/span><\/td>\n<\/tr>\n<tr>\n<td class=\"RL\">Administrateur<\/td>\n<td class=\"RL\">Masure ,&nbsp; Marie-Christine&nbsp;<\/td>\n<td class=\"RL\"><span class=\"upd\">Depuis le 26 septembre 2025<\/span><\/td>\n<\/tr>\n<tr>\n<td class=\"QL\">Administrateur<\/td>\n<td class=\"QL\">Peeters ,&nbsp; Doroth\u00e9e&nbsp;<\/td>\n<td class=\"QL\"><span class=\"upd\">Depuis le 26 septembre 2025<\/span><\/td>\n<\/tr>\n<tr>\n<td class=\"RL\">Administrateur<\/td>\n<td class=\"RL\">Ringoet ,&nbsp; Olivier&nbsp;<\/td>\n<td class=\"RL\"><span class=\"upd\">Depuis le 26 septembre 2025<\/span><\/td>\n<\/tr>\n<tr>\n<td class=\"QL\">Administrateur<\/td>\n<td class=\"QL\">Van den Bogaert ,&nbsp; El\u00e9onore&nbsp;<\/td>\n<td class=\"QL\"><span class=\"upd\">Depuis le 26 septembre 2025<\/span><\/td>\n<\/tr>\n<tr>\n<td class=\"RL\">Administrateur<\/td>\n<td class=\"RL\">Vanneste ,&nbsp; Ga\u00ebtan&nbsp;<\/td>\n<td class=\"RL\"><span class=\"upd\">Depuis le 5 f\u00e9vrier 2018<\/span><\/td>\n<\/tr>\n<tr>\n<td class=\"QL\">Administrateur<\/td>\n<td class=\"QL\">Verdonck ,&nbsp; Florence&nbsp;<\/td>\n<td class=\"QL\"><span class=\"upd\">Depuis le 26 septembre 2025<\/span><\/td>\n<\/tr>\n<tr>\n<td class=\"RL\">Administrateur<\/td>\n<td class=\"RL\">Vieren ,&nbsp; Jean&nbsp;<\/td>\n<td class=\"RL\"><span class=\"upd\">Depuis le 26 septembre 2025<\/span><\/td>\n<\/tr>\n<tr>\n<td class=\"QL\">Administrateur<\/td>\n<td class=\"QL\">Wanderpepen ,&nbsp; Mathieu&nbsp;<\/td>\n<td class=\"QL\"><span class=\"upd\">Depuis le 26 septembre 2025<\/span><\/td>\n<\/tr>\n<tr>\n<td class=\"RL\">Personne d\u00e9l\u00e9gu\u00e9e \u00e0 la gestion journali\u00e8re<\/td>\n<td class=\"RL\">Barbaix ,&nbsp; Laurence&nbsp;<\/td>\n<td class=\"RL\"><span class=\"upd\">Depuis le 7 d\u00e9cembre 2010<\/span><\/td>\n<\/tr>\n<\/tbody>\n<\/table>\n<h4>&nbsp;<\/h4>\n<p style=\"text-align: center;\"><u>BUREAU<\/u><\/p>\n<p>PR\u00c9SIDENTE : DE RODDER Doroth\u00e9e \/ VICE\u2013PR\u00c9SIDENTE : MASURE Marie-Christine \/ ADMINISTRATRICE D\u00c9L\u00c9GU\u00c9E : MASURE Audrey \/ SECR\u00c9TAIRE : ARA Linda \/ TR\u00c9SORIER : GLORIEUX Cl\u00e9ment \/ MEMBRES: DELRUE Kara et GALLEZ Catherine<\/p>\n<\/div>\n<\/div>\n<\/div>\n<\/div>\n<\/div>\n<\/div>\n<div class=\"vce-row-container\">\n<div id=\"el-f9dc317e\" class=\"vce-row vce-row--col-gap-30 vce-row-columns--top vce-row-content--top\" data-vce-do-apply=\"all el-f9dc317e\">\n<div class=\"vce-row-content\" data-vce-element-content=\"true\">\n<div id=\"el-7e0a20af\" class=\"vce-col vce-col--md-auto vce-col--xs-1 vce-col--xs-last vce-col--xs-first vce-col--sm-last vce-col--sm-first vce-col--md-last vce-col--lg-last vce-col--xl-last vce-col--md-first vce-col--lg-first vce-col--xl-first\">\n<div class=\"vce-col-inner\" data-vce-do-apply=\"border margin background el-7e0a20af\">\n<div class=\"vce-col-content\" data-vce-element-content=\"true\" data-vce-do-apply=\"padding el-7e0a20af\">&nbsp;<\/div>\n<\/div>\n<\/div>\n<\/div>\n<\/div>\n<\/div>\n<p><!--vcv no format--><\/p>\t\t\t\t\t\t\t\t<\/div>\n\t\t\t\t<\/div>\n\t\t\t\t\t<\/div>\n\t\t\t\t<\/div>\n\t\t\t\t<\/div>\n\t\t","protected":false},"excerpt":{"rendered":"<p>Qu\u2019est-ce que l\u2019ALE ? L\u2019Agence Locale pour l\u2019Emploi (ALE) est une Association Sans But Lucratif (ASBL) cr\u00e9\u00e9e par la commune ou par un groupe de communes. L\u2019ALE propose des services &#8230;<\/p>\n","protected":false},"author":2,"featured_media":0,"parent":0,"menu_order":0,"comment_status":"closed","ping_status":"closed","template":"template-fullwidth.php","meta":{"footnotes":""},"class_list":["post-180","page","type-page","status-publish","hentry"],"yoast_head":"<!-- This site is optimized with the Yoast SEO plugin v27.3 - https:\/\/yoast.com\/product\/yoast-seo-wordpress\/ -->\n<title>OA - AG - Esc&#039;ALE ASBL - ALE de Tournai-Pecq<\/title>\n<meta name=\"robots\" content=\"index, follow, max-snippet:-1, max-image-preview:large, max-video-preview:-1\" \/>\n<link rel=\"canonical\" href=\"https:\/\/esc-ale.be\/index.php\/ca-ag\/\" \/>\n<meta property=\"og:locale\" content=\"fr_FR\" \/>\n<meta property=\"og:type\" content=\"article\" \/>\n<meta property=\"og:title\" content=\"OA - AG - Esc&#039;ALE ASBL - ALE de Tournai-Pecq\" \/>\n<meta property=\"og:description\" content=\"Qu\u2019est-ce que l\u2019ALE ? L\u2019Agence Locale pour l\u2019Emploi (ALE) est une Association Sans But Lucratif (ASBL) cr\u00e9\u00e9e par la commune ou par un groupe de communes. L\u2019ALE propose des services ...\" \/>\n<meta property=\"og:url\" content=\"https:\/\/esc-ale.be\/index.php\/ca-ag\/\" \/>\n<meta property=\"og:site_name\" content=\"Esc&#039;ALE ASBL - ALE de Tournai-Pecq\" \/>\n<meta property=\"article:modified_time\" content=\"2025-11-05T12:37:06+00:00\" \/>\n<meta name=\"twitter:card\" content=\"summary_large_image\" \/>\n<meta name=\"twitter:label1\" content=\"Dur\u00e9e de lecture estim\u00e9e\" \/>\n\t<meta name=\"twitter:data1\" content=\"3 minutes\" \/>\n<script type=\"application\/ld+json\" class=\"yoast-schema-graph\">{\"@context\":\"https:\\\/\\\/schema.org\",\"@graph\":[{\"@type\":\"WebPage\",\"@id\":\"https:\\\/\\\/esc-ale.be\\\/index.php\\\/ca-ag\\\/\",\"url\":\"https:\\\/\\\/esc-ale.be\\\/index.php\\\/ca-ag\\\/\",\"name\":\"OA - AG - Esc&#039;ALE ASBL - ALE de Tournai-Pecq\",\"isPartOf\":{\"@id\":\"https:\\\/\\\/esc-ale.be\\\/#website\"},\"datePublished\":\"2019-08-09T12:05:33+00:00\",\"dateModified\":\"2025-11-05T12:37:06+00:00\",\"breadcrumb\":{\"@id\":\"https:\\\/\\\/esc-ale.be\\\/index.php\\\/ca-ag\\\/#breadcrumb\"},\"inLanguage\":\"fr-FR\",\"potentialAction\":[{\"@type\":\"ReadAction\",\"target\":[\"https:\\\/\\\/esc-ale.be\\\/index.php\\\/ca-ag\\\/\"]}]},{\"@type\":\"BreadcrumbList\",\"@id\":\"https:\\\/\\\/esc-ale.be\\\/index.php\\\/ca-ag\\\/#breadcrumb\",\"itemListElement\":[{\"@type\":\"ListItem\",\"position\":1,\"name\":\"Accueil\",\"item\":\"https:\\\/\\\/esc-ale.be\\\/\"},{\"@type\":\"ListItem\",\"position\":2,\"name\":\"OA &#8211; AG\"}]},{\"@type\":\"WebSite\",\"@id\":\"https:\\\/\\\/esc-ale.be\\\/#website\",\"url\":\"https:\\\/\\\/esc-ale.be\\\/\",\"name\":\"Esc&#039;ALE ASBL - ALE de Tournai-Pecq\",\"description\":\"Vous \u00e9prouvez des difficult\u00e9s \u00e0 vous d\u00e9placer ? Vous souhaitez vous rendre chez le m\u00e9decin, \u00e0 une consultation \u00e0 l&#039;h\u00f4pital, faire des courses, \u2026\",\"publisher\":{\"@id\":\"https:\\\/\\\/esc-ale.be\\\/#organization\"},\"potentialAction\":[{\"@type\":\"SearchAction\",\"target\":{\"@type\":\"EntryPoint\",\"urlTemplate\":\"https:\\\/\\\/esc-ale.be\\\/?s={search_term_string}\"},\"query-input\":{\"@type\":\"PropertyValueSpecification\",\"valueRequired\":true,\"valueName\":\"search_term_string\"}}],\"inLanguage\":\"fr-FR\"},{\"@type\":\"Organization\",\"@id\":\"https:\\\/\\\/esc-ale.be\\\/#organization\",\"name\":\"Esc&#039;ALE ASBL - ALE de Tournai-Pecq\",\"url\":\"https:\\\/\\\/esc-ale.be\\\/\",\"logo\":{\"@type\":\"ImageObject\",\"inLanguage\":\"fr-FR\",\"@id\":\"https:\\\/\\\/esc-ale.be\\\/#\\\/schema\\\/logo\\\/image\\\/\",\"url\":\"https:\\\/\\\/esc-ale.be\\\/wp-content\\\/uploads\\\/2025\\\/10\\\/cropped-Petit-Logo-EscALE.jpg\",\"contentUrl\":\"https:\\\/\\\/esc-ale.be\\\/wp-content\\\/uploads\\\/2025\\\/10\\\/cropped-Petit-Logo-EscALE.jpg\",\"width\":125,\"height\":110,\"caption\":\"Esc&#039;ALE ASBL - ALE de Tournai-Pecq\"},\"image\":{\"@id\":\"https:\\\/\\\/esc-ale.be\\\/#\\\/schema\\\/logo\\\/image\\\/\"}}]}<\/script>\n<!-- \/ Yoast SEO plugin. -->","yoast_head_json":{"title":"OA - AG - Esc&#039;ALE ASBL - ALE de Tournai-Pecq","robots":{"index":"index","follow":"follow","max-snippet":"max-snippet:-1","max-image-preview":"max-image-preview:large","max-video-preview":"max-video-preview:-1"},"canonical":"https:\/\/esc-ale.be\/index.php\/ca-ag\/","og_locale":"fr_FR","og_type":"article","og_title":"OA - AG - Esc&#039;ALE ASBL - ALE de Tournai-Pecq","og_description":"Qu\u2019est-ce que l\u2019ALE ? L\u2019Agence Locale pour l\u2019Emploi (ALE) est une Association Sans But Lucratif (ASBL) cr\u00e9\u00e9e par la commune ou par un groupe de communes. L\u2019ALE propose des services ...","og_url":"https:\/\/esc-ale.be\/index.php\/ca-ag\/","og_site_name":"Esc&#039;ALE ASBL - ALE de Tournai-Pecq","article_modified_time":"2025-11-05T12:37:06+00:00","twitter_card":"summary_large_image","twitter_misc":{"Dur\u00e9e de lecture estim\u00e9e":"3 minutes"},"schema":{"@context":"https:\/\/schema.org","@graph":[{"@type":"WebPage","@id":"https:\/\/esc-ale.be\/index.php\/ca-ag\/","url":"https:\/\/esc-ale.be\/index.php\/ca-ag\/","name":"OA - AG - Esc&#039;ALE ASBL - ALE de Tournai-Pecq","isPartOf":{"@id":"https:\/\/esc-ale.be\/#website"},"datePublished":"2019-08-09T12:05:33+00:00","dateModified":"2025-11-05T12:37:06+00:00","breadcrumb":{"@id":"https:\/\/esc-ale.be\/index.php\/ca-ag\/#breadcrumb"},"inLanguage":"fr-FR","potentialAction":[{"@type":"ReadAction","target":["https:\/\/esc-ale.be\/index.php\/ca-ag\/"]}]},{"@type":"BreadcrumbList","@id":"https:\/\/esc-ale.be\/index.php\/ca-ag\/#breadcrumb","itemListElement":[{"@type":"ListItem","position":1,"name":"Accueil","item":"https:\/\/esc-ale.be\/"},{"@type":"ListItem","position":2,"name":"OA &#8211; AG"}]},{"@type":"WebSite","@id":"https:\/\/esc-ale.be\/#website","url":"https:\/\/esc-ale.be\/","name":"Esc&#039;ALE ASBL - ALE de Tournai-Pecq","description":"Vous \u00e9prouvez des difficult\u00e9s \u00e0 vous d\u00e9placer ? Vous souhaitez vous rendre chez le m\u00e9decin, \u00e0 une consultation \u00e0 l&#039;h\u00f4pital, faire des courses, \u2026","publisher":{"@id":"https:\/\/esc-ale.be\/#organization"},"potentialAction":[{"@type":"SearchAction","target":{"@type":"EntryPoint","urlTemplate":"https:\/\/esc-ale.be\/?s={search_term_string}"},"query-input":{"@type":"PropertyValueSpecification","valueRequired":true,"valueName":"search_term_string"}}],"inLanguage":"fr-FR"},{"@type":"Organization","@id":"https:\/\/esc-ale.be\/#organization","name":"Esc&#039;ALE ASBL - ALE de Tournai-Pecq","url":"https:\/\/esc-ale.be\/","logo":{"@type":"ImageObject","inLanguage":"fr-FR","@id":"https:\/\/esc-ale.be\/#\/schema\/logo\/image\/","url":"https:\/\/esc-ale.be\/wp-content\/uploads\/2025\/10\/cropped-Petit-Logo-EscALE.jpg","contentUrl":"https:\/\/esc-ale.be\/wp-content\/uploads\/2025\/10\/cropped-Petit-Logo-EscALE.jpg","width":125,"height":110,"caption":"Esc&#039;ALE ASBL - ALE de Tournai-Pecq"},"image":{"@id":"https:\/\/esc-ale.be\/#\/schema\/logo\/image\/"}}]}},"jetpack_sharing_enabled":true,"_links":{"self":[{"href":"https:\/\/esc-ale.be\/index.php\/wp-json\/wp\/v2\/pages\/180","targetHints":{"allow":["GET"]}}],"collection":[{"href":"https:\/\/esc-ale.be\/index.php\/wp-json\/wp\/v2\/pages"}],"about":[{"href":"https:\/\/esc-ale.be\/index.php\/wp-json\/wp\/v2\/types\/page"}],"author":[{"embeddable":true,"href":"https:\/\/esc-ale.be\/index.php\/wp-json\/wp\/v2\/users\/2"}],"replies":[{"embeddable":true,"href":"https:\/\/esc-ale.be\/index.php\/wp-json\/wp\/v2\/comments?post=180"}],"version-history":[{"count":25,"href":"https:\/\/esc-ale.be\/index.php\/wp-json\/wp\/v2\/pages\/180\/revisions"}],"predecessor-version":[{"id":2158,"href":"https:\/\/esc-ale.be\/index.php\/wp-json\/wp\/v2\/pages\/180\/revisions\/2158"}],"wp:attachment":[{"href":"https:\/\/esc-ale.be\/index.php\/wp-json\/wp\/v2\/media?parent=180"}],"curies":[{"name":"wp","href":"https:\/\/api.w.org\/{rel}","templated":true}]}}