{"id":1573,"date":"2023-10-23T10:59:27","date_gmt":"2023-10-23T08:59:27","guid":{"rendered":"https:\/\/ale-tournai.be\/?page_id=1573"},"modified":"2023-10-25T09:10:38","modified_gmt":"2023-10-25T07:10:38","slug":"location-salles","status":"publish","type":"page","link":"https:\/\/esc-ale.be\/index.php\/location-salles\/","title":{"rendered":"Location salles"},"content":{"rendered":"\t\t<div data-elementor-type=\"wp-page\" data-elementor-id=\"1573\" class=\"elementor elementor-1573\">\n\t\t\t\t<div class=\"elementor-element elementor-element-f54ab11 e-flex e-con-boxed e-con e-parent\" data-id=\"f54ab11\" data-element_type=\"container\">\n\t\t\t\t\t<div class=\"e-con-inner\">\n\t\t<div class=\"elementor-element elementor-element-7c32610 e-con-full e-flex e-con e-child\" data-id=\"7c32610\" data-element_type=\"container\">\n\t\t\t\t<div class=\"elementor-element elementor-element-f2922fa elementor-widget elementor-widget-heading\" data-id=\"f2922fa\" data-element_type=\"widget\" data-widget_type=\"heading.default\">\n\t\t\t\t<div class=\"elementor-widget-container\">\n\t\t\t\t\t<h2 class=\"elementor-heading-title elementor-size-default\">Location Salles<\/h2>\t\t\t\t<\/div>\n\t\t\t\t<\/div>\n\t\t\t\t<div class=\"elementor-element elementor-element-f3987cb elementor-widget elementor-widget-text-editor\" data-id=\"f3987cb\" data-element_type=\"widget\" data-widget_type=\"text-editor.default\">\n\t\t\t\t<div class=\"elementor-widget-container\">\n\t\t\t\t\t\t\t\t\t<p>Nous vous offrons des espaces de travail \u00e0 la fois <strong>professionnels et confortables pour vous aider \u00e0 atteindre vos objectifs.<\/strong><\/p><p>Adresse : Rue des Foss\u00e9s, 16 \u2013 7500 Tournai<\/p><p><strong>\u00a0<\/strong><\/p><div id=\"ConnectiveDocSignExtentionInstalled\" data-extension-version=\"1.0.4\">\u00a0<\/div>\t\t\t\t\t\t\t\t<\/div>\n\t\t\t\t<\/div>\n\t\t\t\t<div class=\"elementor-element elementor-element-5772734 premium-lq__none elementor-widget elementor-widget-premium-addon-button\" data-id=\"5772734\" data-element_type=\"widget\" data-widget_type=\"premium-addon-button.default\">\n\t\t\t\t<div class=\"elementor-widget-container\">\n\t\t\t\t\t\n\n\t\t<a class=\"premium-button premium-button-none premium-btn-md premium-button-none\" href=\"https:\/\/ale-tournai.be\/index.php\/contacts\/\">\n\t\t\t<div class=\"premium-button-text-icon-wrapper\">\n\t\t\t\t\n\t\t\t\t\t\t\t\t\t<span >\n\t\t\t\t\t\tVisiter notre espace ?\t\t\t\t\t<\/span>\n\t\t\t\t\t\t\t<\/div>\n\n\t\t\t\n\t\t\t\n\t\t\t\n\t\t<\/a>\n\n\n\t\t\t\t\t\t<\/div>\n\t\t\t\t<\/div>\n\t\t\t\t<\/div>\n\t\t<div class=\"elementor-element elementor-element-3417434 e-con-full e-flex e-con e-child\" data-id=\"3417434\" data-element_type=\"container\">\n\t\t\t\t<div class=\"elementor-element elementor-element-c4cea82 elementor-widget elementor-widget-image\" data-id=\"c4cea82\" data-element_type=\"widget\" data-widget_type=\"image.default\">\n\t\t\t\t<div class=\"elementor-widget-container\">\n\t\t\t\t\t\t\t\t\t\t\t\t\t\t\t<img fetchpriority=\"high\" decoding=\"async\" width=\"625\" height=\"464\" src=\"https:\/\/esc-ale.be\/wp-content\/uploads\/2023\/10\/entree.jpg\" class=\"attachment-large size-large wp-image-1586\" alt=\"\" srcset=\"https:\/\/esc-ale.be\/wp-content\/uploads\/2023\/10\/entree.jpg 625w, https:\/\/esc-ale.be\/wp-content\/uploads\/2023\/10\/entree-300x223.jpg 300w\" sizes=\"(max-width: 625px) 100vw, 625px\" \/>\t\t\t\t\t\t\t\t\t\t\t\t\t\t\t<\/div>\n\t\t\t\t<\/div>\n\t\t\t\t<\/div>\n\t\t\t\t\t<\/div>\n\t\t\t\t<\/div>\n\t\t<div class=\"elementor-element elementor-element-a7ef179 e-flex e-con-boxed e-con e-parent\" data-id=\"a7ef179\" data-element_type=\"container\">\n\t\t\t\t\t<div class=\"e-con-inner\">\n\t\t<div class=\"elementor-element elementor-element-8658fba e-con-full e-flex e-con e-child\" data-id=\"8658fba\" data-element_type=\"container\">\n\t\t\t\t<div class=\"elementor-element elementor-element-0a075d9 elementor-widget elementor-widget-image\" data-id=\"0a075d9\" data-element_type=\"widget\" data-widget_type=\"image.default\">\n\t\t\t\t<div class=\"elementor-widget-container\">\n\t\t\t\t\t\t\t\t\t\t\t\t\t\t\t<img decoding=\"async\" width=\"800\" height=\"600\" src=\"https:\/\/esc-ale.be\/wp-content\/uploads\/2023\/10\/salle-maryline-1024x768.jpg\" class=\"attachment-large size-large wp-image-1585\" alt=\"\" srcset=\"https:\/\/esc-ale.be\/wp-content\/uploads\/2023\/10\/salle-maryline-1024x768.jpg 1024w, https:\/\/esc-ale.be\/wp-content\/uploads\/2023\/10\/salle-maryline-300x225.jpg 300w, https:\/\/esc-ale.be\/wp-content\/uploads\/2023\/10\/salle-maryline-768x576.jpg 768w, https:\/\/esc-ale.be\/wp-content\/uploads\/2023\/10\/salle-maryline-1536x1152.jpg 1536w, https:\/\/esc-ale.be\/wp-content\/uploads\/2023\/10\/salle-maryline-2048x1536.jpg 2048w\" sizes=\"(max-width: 800px) 100vw, 800px\" \/>\t\t\t\t\t\t\t\t\t\t\t\t\t\t\t<\/div>\n\t\t\t\t<\/div>\n\t\t\t\t<\/div>\n\t\t<div class=\"elementor-element elementor-element-c94a1db e-con-full e-flex e-con e-child\" data-id=\"c94a1db\" data-element_type=\"container\">\n\t\t\t\t<div class=\"elementor-element elementor-element-a66ef8c elementor-widget elementor-widget-heading\" data-id=\"a66ef8c\" data-element_type=\"widget\" data-widget_type=\"heading.default\">\n\t\t\t\t<div class=\"elementor-widget-container\">\n\t\t\t\t\t<h2 class=\"elementor-heading-title elementor-size-default\">Salle de r\u00e9union Marylin <\/h2>\t\t\t\t<\/div>\n\t\t\t\t<\/div>\n\t\t\t\t<div class=\"elementor-element elementor-element-5371bd5 elementor-position-left elementor-vertical-align-bottom elementor-view-default elementor-mobile-position-top elementor-widget elementor-widget-icon-box\" data-id=\"5371bd5\" data-element_type=\"widget\" data-widget_type=\"icon-box.default\">\n\t\t\t\t<div class=\"elementor-widget-container\">\n\t\t\t\t\t\t\t<div class=\"elementor-icon-box-wrapper\">\n\n\t\t\t\t\t\t<div class=\"elementor-icon-box-icon\">\n\t\t\t\t<span  class=\"elementor-icon\">\n\t\t\t\t<svg aria-hidden=\"true\" class=\"e-font-icon-svg e-fas-user-friends\" viewBox=\"0 0 640 512\" xmlns=\"http:\/\/www.w3.org\/2000\/svg\"><path d=\"M192 256c61.9 0 112-50.1 112-112S253.9 32 192 32 80 82.1 80 144s50.1 112 112 112zm76.8 32h-8.3c-20.8 10-43.9 16-68.5 16s-47.6-6-68.5-16h-8.3C51.6 288 0 339.6 0 403.2V432c0 26.5 21.5 48 48 48h288c26.5 0 48-21.5 48-48v-28.8c0-63.6-51.6-115.2-115.2-115.2zM480 256c53 0 96-43 96-96s-43-96-96-96-96 43-96 96 43 96 96 96zm48 32h-3.8c-13.9 4.8-28.6 8-44.2 8s-30.3-3.2-44.2-8H432c-20.4 0-39.2 5.9-55.7 15.4 24.4 26.3 39.7 61.2 39.7 99.8v38.4c0 2.2-.5 4.3-.6 6.4H592c26.5 0 48-21.5 48-48 0-61.9-50.1-112-112-112z\"><\/path><\/svg>\t\t\t\t<\/span>\n\t\t\t<\/div>\n\t\t\t\n\t\t\t\t\t\t<div class=\"elementor-icon-box-content\">\n\n\t\t\t\t\t\t\t\t\t<h5 class=\"elementor-icon-box-title\">\n\t\t\t\t\t\t<span  >\n\t\t\t\t\t\t\t10 personnes\t\t\t\t\t\t<\/span>\n\t\t\t\t\t<\/h5>\n\t\t\t\t\n\t\t\t\t\n\t\t\t<\/div>\n\t\t\t\n\t\t<\/div>\n\t\t\t\t\t\t<\/div>\n\t\t\t\t<\/div>\n\t\t\t\t<div class=\"elementor-element elementor-element-e99b567 elementor-widget elementor-widget-text-editor\" data-id=\"e99b567\" data-element_type=\"widget\" data-widget_type=\"text-editor.default\">\n\t\t\t\t<div class=\"elementor-widget-container\">\n\t\t\t\t\t\t\t\t\t<p>Salle lumineuse c\u00f4t\u00e9 cour, situ\u00e9e au troisi\u00e8me \u00e9tage du b\u00e2timent, avec acc\u00e8s \u00e0 une cuisine tout \u00e9quip\u00e9e.<\/p><p>Chauffage, air conditionn\u00e9 et tableau mis \u00e0 disposition.<\/p>\t\t\t\t\t\t\t\t<\/div>\n\t\t\t\t<\/div>\n\t\t\t\t<div class=\"elementor-element elementor-element-c4f134f premium-lq__none elementor-widget elementor-widget-premium-addon-button\" data-id=\"c4f134f\" data-element_type=\"widget\" data-widget_type=\"premium-addon-button.default\">\n\t\t\t\t<div class=\"elementor-widget-container\">\n\t\t\t\t\t\n\n\t\t<a class=\"premium-button premium-button-none premium-btn-md premium-button-none\" href=\"https:\/\/ale-tournai.be\/index.php\/salle-marylin\/\">\n\t\t\t<div class=\"premium-button-text-icon-wrapper\">\n\t\t\t\t\n\t\t\t\t\t\t\t\t\t<span >\n\t\t\t\t\t\tEn savoir plus\t\t\t\t\t<\/span>\n\t\t\t\t\t\t\t<\/div>\n\n\t\t\t\n\t\t\t\n\t\t\t\n\t\t<\/a>\n\n\n\t\t\t\t\t\t<\/div>\n\t\t\t\t<\/div>\n\t\t\t\t<\/div>\n\t\t<div class=\"elementor-element elementor-element-0f7d0cf e-con-full e-flex e-con e-child\" data-id=\"0f7d0cf\" data-element_type=\"container\">\n\t\t\t\t<div class=\"elementor-element elementor-element-84ebd7f elementor-widget elementor-widget-heading\" data-id=\"84ebd7f\" data-element_type=\"widget\" data-widget_type=\"heading.default\">\n\t\t\t\t<div class=\"elementor-widget-container\">\n\t\t\t\t\t<h2 class=\"elementor-heading-title elementor-size-default\">Salle de r\u00e9union New-York <\/h2>\t\t\t\t<\/div>\n\t\t\t\t<\/div>\n\t\t\t\t<div class=\"elementor-element elementor-element-52b0c50 elementor-widget elementor-widget-text-editor\" data-id=\"52b0c50\" data-element_type=\"widget\" data-widget_type=\"text-editor.default\">\n\t\t\t\t<div class=\"elementor-widget-container\">\n\t\t\t\t\t\t\t\t\t<p>Salle situ\u00e9e au troisi\u00e8me \u00e9tage du b\u00e2timent, c\u00f4t\u00e9 rue. Acc\u00e8s \u00e0 la cuisine tout \u00e9quip\u00e9e inclus. Chauffage et air conditionn\u00e9. Un tableau et un r\u00e9troprojecteur sont mis \u00e0 disposition.<\/p>\t\t\t\t\t\t\t\t<\/div>\n\t\t\t\t<\/div>\n\t\t\t\t<div class=\"elementor-element elementor-element-f7c1a94 elementor-position-left elementor-vertical-align-bottom elementor-view-default elementor-mobile-position-top elementor-widget elementor-widget-icon-box\" data-id=\"f7c1a94\" data-element_type=\"widget\" data-widget_type=\"icon-box.default\">\n\t\t\t\t<div class=\"elementor-widget-container\">\n\t\t\t\t\t\t\t<div class=\"elementor-icon-box-wrapper\">\n\n\t\t\t\t\t\t<div class=\"elementor-icon-box-icon\">\n\t\t\t\t<span  class=\"elementor-icon\">\n\t\t\t\t<svg aria-hidden=\"true\" class=\"e-font-icon-svg e-fas-user-friends\" viewBox=\"0 0 640 512\" xmlns=\"http:\/\/www.w3.org\/2000\/svg\"><path d=\"M192 256c61.9 0 112-50.1 112-112S253.9 32 192 32 80 82.1 80 144s50.1 112 112 112zm76.8 32h-8.3c-20.8 10-43.9 16-68.5 16s-47.6-6-68.5-16h-8.3C51.6 288 0 339.6 0 403.2V432c0 26.5 21.5 48 48 48h288c26.5 0 48-21.5 48-48v-28.8c0-63.6-51.6-115.2-115.2-115.2zM480 256c53 0 96-43 96-96s-43-96-96-96-96 43-96 96 43 96 96 96zm48 32h-3.8c-13.9 4.8-28.6 8-44.2 8s-30.3-3.2-44.2-8H432c-20.4 0-39.2 5.9-55.7 15.4 24.4 26.3 39.7 61.2 39.7 99.8v38.4c0 2.2-.5 4.3-.6 6.4H592c26.5 0 48-21.5 48-48 0-61.9-50.1-112-112-112z\"><\/path><\/svg>\t\t\t\t<\/span>\n\t\t\t<\/div>\n\t\t\t\n\t\t\t\t\t\t<div class=\"elementor-icon-box-content\">\n\n\t\t\t\t\t\t\t\t\t<h5 class=\"elementor-icon-box-title\">\n\t\t\t\t\t\t<span  >\n\t\t\t\t\t\t\t20 personnes\t\t\t\t\t\t<\/span>\n\t\t\t\t\t<\/h5>\n\t\t\t\t\n\t\t\t\t\n\t\t\t<\/div>\n\t\t\t\n\t\t<\/div>\n\t\t\t\t\t\t<\/div>\n\t\t\t\t<\/div>\n\t\t\t\t<div class=\"elementor-element elementor-element-189ed1a premium-lq__none elementor-widget elementor-widget-premium-addon-button\" data-id=\"189ed1a\" data-element_type=\"widget\" data-widget_type=\"premium-addon-button.default\">\n\t\t\t\t<div class=\"elementor-widget-container\">\n\t\t\t\t\t\n\n\t\t<a class=\"premium-button premium-button-none premium-btn-md premium-button-none\" href=\"https:\/\/ale-tournai.be\/index.php\/salle-new-york\/\">\n\t\t\t<div class=\"premium-button-text-icon-wrapper\">\n\t\t\t\t\n\t\t\t\t\t\t\t\t\t<span >\n\t\t\t\t\t\tEn savoir plus\t\t\t\t\t<\/span>\n\t\t\t\t\t\t\t<\/div>\n\n\t\t\t\n\t\t\t\n\t\t\t\n\t\t<\/a>\n\n\n\t\t\t\t\t\t<\/div>\n\t\t\t\t<\/div>\n\t\t\t\t<\/div>\n\t\t<div class=\"elementor-element elementor-element-72d036d e-con-full e-flex e-con e-child\" data-id=\"72d036d\" data-element_type=\"container\">\n\t\t\t\t<div class=\"elementor-element elementor-element-97c208d elementor-widget elementor-widget-image\" data-id=\"97c208d\" data-element_type=\"widget\" data-widget_type=\"image.default\">\n\t\t\t\t<div class=\"elementor-widget-container\">\n\t\t\t\t\t\t\t\t\t\t\t\t\t\t\t<img decoding=\"async\" width=\"800\" height=\"600\" src=\"https:\/\/esc-ale.be\/wp-content\/uploads\/2023\/10\/salle-NY-1024x768.jpg\" class=\"attachment-large size-large wp-image-1584\" alt=\"\" srcset=\"https:\/\/esc-ale.be\/wp-content\/uploads\/2023\/10\/salle-NY-1024x768.jpg 1024w, https:\/\/esc-ale.be\/wp-content\/uploads\/2023\/10\/salle-NY-300x225.jpg 300w, https:\/\/esc-ale.be\/wp-content\/uploads\/2023\/10\/salle-NY-768x576.jpg 768w, https:\/\/esc-ale.be\/wp-content\/uploads\/2023\/10\/salle-NY-1536x1152.jpg 1536w, https:\/\/esc-ale.be\/wp-content\/uploads\/2023\/10\/salle-NY-2048x1536.jpg 2048w\" sizes=\"(max-width: 800px) 100vw, 800px\" \/>\t\t\t\t\t\t\t\t\t\t\t\t\t\t\t<\/div>\n\t\t\t\t<\/div>\n\t\t\t\t<\/div>\n\t\t<div class=\"elementor-element elementor-element-e602df2 e-con-full e-flex e-con e-child\" data-id=\"e602df2\" data-element_type=\"container\">\n\t\t\t\t<div class=\"elementor-element elementor-element-42fdf95 elementor-widget elementor-widget-image\" data-id=\"42fdf95\" data-element_type=\"widget\" data-widget_type=\"image.default\">\n\t\t\t\t<div class=\"elementor-widget-container\">\n\t\t\t\t\t\t\t\t\t\t\t\t\t\t\t<img loading=\"lazy\" decoding=\"async\" width=\"800\" height=\"601\" src=\"https:\/\/esc-ale.be\/wp-content\/uploads\/2023\/10\/grand-canyon-1-1024x769.jpg\" class=\"attachment-large size-large wp-image-1617\" alt=\"\" srcset=\"https:\/\/esc-ale.be\/wp-content\/uploads\/2023\/10\/grand-canyon-1-1024x769.jpg 1024w, https:\/\/esc-ale.be\/wp-content\/uploads\/2023\/10\/grand-canyon-1-300x225.jpg 300w, https:\/\/esc-ale.be\/wp-content\/uploads\/2023\/10\/grand-canyon-1-768x577.jpg 768w, https:\/\/esc-ale.be\/wp-content\/uploads\/2023\/10\/grand-canyon-1-1536x1153.jpg 1536w, https:\/\/esc-ale.be\/wp-content\/uploads\/2023\/10\/grand-canyon-1-2048x1538.jpg 2048w\" sizes=\"(max-width: 800px) 100vw, 800px\" \/>\t\t\t\t\t\t\t\t\t\t\t\t\t\t\t<\/div>\n\t\t\t\t<\/div>\n\t\t\t\t<\/div>\n\t\t<div class=\"elementor-element elementor-element-334343d e-con-full e-flex e-con e-child\" data-id=\"334343d\" data-element_type=\"container\">\n\t\t\t\t<div class=\"elementor-element elementor-element-71bbc42 elementor-widget elementor-widget-heading\" data-id=\"71bbc42\" data-element_type=\"widget\" data-widget_type=\"heading.default\">\n\t\t\t\t<div class=\"elementor-widget-container\">\n\t\t\t\t\t<h2 class=\"elementor-heading-title elementor-size-default\">Salle Grand Canyon<\/h2>\t\t\t\t<\/div>\n\t\t\t\t<\/div>\n\t\t\t\t<div class=\"elementor-element elementor-element-8eafd5f elementor-widget elementor-widget-text-editor\" data-id=\"8eafd5f\" data-element_type=\"widget\" data-widget_type=\"text-editor.default\">\n\t\t\t\t<div class=\"elementor-widget-container\">\n\t\t\t\t\t\t\t\t\t<p><span style=\"color: var( --e-global-color-text ); text-align: var(--text-align);\">Salle de conf\u00e9rence pouvant accueillir jusqu&rsquo;\u00e0 80 personnes, situ\u00e9e au deuxi\u00e8me \u00e9tage du b\u00e2timent.<\/span><\/p><p><span style=\"color: var( --e-global-color-text ); text-align: var(--text-align);\">Chauffage, air conditionn\u00e9, cuisine \u00e9quip\u00e9e inclus dans nos tarifs.<\/span><\/p><p><span style=\"color: var( --e-global-color-text ); text-align: var(--text-align);\">Tableau et r\u00e9troprojecteur mis \u00e0 disposition.<\/span><\/p><p><span style=\"color: var( --e-global-color-text ); text-align: var(--text-align);\">\u00a0<\/span><\/p>\t\t\t\t\t\t\t\t<\/div>\n\t\t\t\t<\/div>\n\t\t\t\t<div class=\"elementor-element elementor-element-5b19bd8 elementor-position-left elementor-vertical-align-bottom elementor-view-default elementor-mobile-position-top elementor-widget elementor-widget-icon-box\" data-id=\"5b19bd8\" data-element_type=\"widget\" data-widget_type=\"icon-box.default\">\n\t\t\t\t<div class=\"elementor-widget-container\">\n\t\t\t\t\t\t\t<div class=\"elementor-icon-box-wrapper\">\n\n\t\t\t\t\t\t<div class=\"elementor-icon-box-icon\">\n\t\t\t\t<span  class=\"elementor-icon\">\n\t\t\t\t<svg aria-hidden=\"true\" class=\"e-font-icon-svg e-fas-user-friends\" viewBox=\"0 0 640 512\" xmlns=\"http:\/\/www.w3.org\/2000\/svg\"><path d=\"M192 256c61.9 0 112-50.1 112-112S253.9 32 192 32 80 82.1 80 144s50.1 112 112 112zm76.8 32h-8.3c-20.8 10-43.9 16-68.5 16s-47.6-6-68.5-16h-8.3C51.6 288 0 339.6 0 403.2V432c0 26.5 21.5 48 48 48h288c26.5 0 48-21.5 48-48v-28.8c0-63.6-51.6-115.2-115.2-115.2zM480 256c53 0 96-43 96-96s-43-96-96-96-96 43-96 96 43 96 96 96zm48 32h-3.8c-13.9 4.8-28.6 8-44.2 8s-30.3-3.2-44.2-8H432c-20.4 0-39.2 5.9-55.7 15.4 24.4 26.3 39.7 61.2 39.7 99.8v38.4c0 2.2-.5 4.3-.6 6.4H592c26.5 0 48-21.5 48-48 0-61.9-50.1-112-112-112z\"><\/path><\/svg>\t\t\t\t<\/span>\n\t\t\t<\/div>\n\t\t\t\n\t\t\t\t\t\t<div class=\"elementor-icon-box-content\">\n\n\t\t\t\t\t\t\t\t\t<h5 class=\"elementor-icon-box-title\">\n\t\t\t\t\t\t<span  >\n\t\t\t\t\t\t\t80 personnes\t\t\t\t\t\t<\/span>\n\t\t\t\t\t<\/h5>\n\t\t\t\t\n\t\t\t\t\n\t\t\t<\/div>\n\t\t\t\n\t\t<\/div>\n\t\t\t\t\t\t<\/div>\n\t\t\t\t<\/div>\n\t\t\t\t<div class=\"elementor-element elementor-element-cf8267f premium-lq__none elementor-widget elementor-widget-premium-addon-button\" data-id=\"cf8267f\" data-element_type=\"widget\" data-widget_type=\"premium-addon-button.default\">\n\t\t\t\t<div class=\"elementor-widget-container\">\n\t\t\t\t\t\n\n\t\t<a class=\"premium-button premium-button-none premium-btn-md premium-button-none\" href=\"https:\/\/ale-tournai.be\/index.php\/salle-grand-canyon\/\">\n\t\t\t<div class=\"premium-button-text-icon-wrapper\">\n\t\t\t\t\n\t\t\t\t\t\t\t\t\t<span >\n\t\t\t\t\t\tEn savoir plus\t\t\t\t\t<\/span>\n\t\t\t\t\t\t\t<\/div>\n\n\t\t\t\n\t\t\t\n\t\t\t\n\t\t<\/a>\n\n\n\t\t\t\t\t\t<\/div>\n\t\t\t\t<\/div>\n\t\t\t\t<\/div>\n\t\t\t\t\t<\/div>\n\t\t\t\t<\/div>\n\t\t\t\t<\/div>\n\t\t","protected":false},"excerpt":{"rendered":"<p>Location Salles Nous vous offrons des espaces de travail \u00e0 la fois professionnels et confortables pour vous aider \u00e0 atteindre vos objectifs. Adresse : Rue des Foss\u00e9s, 16 \u2013 7500 &#8230;<\/p>\n","protected":false},"author":2,"featured_media":0,"parent":0,"menu_order":0,"comment_status":"closed","ping_status":"closed","template":"elementor_header_footer","meta":{"footnotes":""},"class_list":["post-1573","page","type-page","status-publish","hentry"],"yoast_head":"<!-- This site is optimized with the Yoast SEO plugin v27.3 - https:\/\/yoast.com\/product\/yoast-seo-wordpress\/ -->\n<title>Location salles - Esc&#039;ALE ASBL - ALE de Tournai-Pecq<\/title>\n<meta name=\"robots\" content=\"index, follow, max-snippet:-1, max-image-preview:large, max-video-preview:-1\" \/>\n<link rel=\"canonical\" href=\"https:\/\/esc-ale.be\/index.php\/location-salles\/\" \/>\n<meta property=\"og:locale\" content=\"fr_FR\" \/>\n<meta property=\"og:type\" content=\"article\" \/>\n<meta property=\"og:title\" content=\"Location salles - Esc&#039;ALE ASBL - ALE de Tournai-Pecq\" \/>\n<meta property=\"og:description\" content=\"Location Salles Nous vous offrons des espaces de travail \u00e0 la fois professionnels et confortables pour vous aider \u00e0 atteindre vos objectifs. Adresse : Rue des Foss\u00e9s, 16 \u2013 7500 ...\" \/>\n<meta property=\"og:url\" content=\"https:\/\/esc-ale.be\/index.php\/location-salles\/\" \/>\n<meta property=\"og:site_name\" content=\"Esc&#039;ALE ASBL - ALE de Tournai-Pecq\" \/>\n<meta property=\"article:modified_time\" content=\"2023-10-25T07:10:38+00:00\" \/>\n<meta property=\"og:image\" content=\"http:\/\/ale-tournai.be\/wp-content\/uploads\/2023\/10\/entree.jpg\" \/>\n<meta name=\"twitter:card\" content=\"summary_large_image\" \/>\n<meta name=\"twitter:label1\" content=\"Dur\u00e9e de lecture estim\u00e9e\" \/>\n\t<meta name=\"twitter:data1\" content=\"2 minutes\" \/>\n<script type=\"application\/ld+json\" class=\"yoast-schema-graph\">{\"@context\":\"https:\\\/\\\/schema.org\",\"@graph\":[{\"@type\":\"WebPage\",\"@id\":\"https:\\\/\\\/esc-ale.be\\\/index.php\\\/location-salles\\\/\",\"url\":\"https:\\\/\\\/esc-ale.be\\\/index.php\\\/location-salles\\\/\",\"name\":\"Location salles - Esc&#039;ALE ASBL - ALE de Tournai-Pecq\",\"isPartOf\":{\"@id\":\"https:\\\/\\\/esc-ale.be\\\/#website\"},\"primaryImageOfPage\":{\"@id\":\"https:\\\/\\\/esc-ale.be\\\/index.php\\\/location-salles\\\/#primaryimage\"},\"image\":{\"@id\":\"https:\\\/\\\/esc-ale.be\\\/index.php\\\/location-salles\\\/#primaryimage\"},\"thumbnailUrl\":\"http:\\\/\\\/ale-tournai.be\\\/wp-content\\\/uploads\\\/2023\\\/10\\\/entree.jpg\",\"datePublished\":\"2023-10-23T08:59:27+00:00\",\"dateModified\":\"2023-10-25T07:10:38+00:00\",\"breadcrumb\":{\"@id\":\"https:\\\/\\\/esc-ale.be\\\/index.php\\\/location-salles\\\/#breadcrumb\"},\"inLanguage\":\"fr-FR\",\"potentialAction\":[{\"@type\":\"ReadAction\",\"target\":[\"https:\\\/\\\/esc-ale.be\\\/index.php\\\/location-salles\\\/\"]}]},{\"@type\":\"ImageObject\",\"inLanguage\":\"fr-FR\",\"@id\":\"https:\\\/\\\/esc-ale.be\\\/index.php\\\/location-salles\\\/#primaryimage\",\"url\":\"http:\\\/\\\/ale-tournai.be\\\/wp-content\\\/uploads\\\/2023\\\/10\\\/entree.jpg\",\"contentUrl\":\"http:\\\/\\\/ale-tournai.be\\\/wp-content\\\/uploads\\\/2023\\\/10\\\/entree.jpg\"},{\"@type\":\"BreadcrumbList\",\"@id\":\"https:\\\/\\\/esc-ale.be\\\/index.php\\\/location-salles\\\/#breadcrumb\",\"itemListElement\":[{\"@type\":\"ListItem\",\"position\":1,\"name\":\"Accueil\",\"item\":\"https:\\\/\\\/esc-ale.be\\\/\"},{\"@type\":\"ListItem\",\"position\":2,\"name\":\"Location salles\"}]},{\"@type\":\"WebSite\",\"@id\":\"https:\\\/\\\/esc-ale.be\\\/#website\",\"url\":\"https:\\\/\\\/esc-ale.be\\\/\",\"name\":\"Esc&#039;ALE ASBL - ALE de Tournai-Pecq\",\"description\":\"Vous \u00e9prouvez des difficult\u00e9s \u00e0 vous d\u00e9placer ? Vous souhaitez vous rendre chez le m\u00e9decin, \u00e0 une consultation \u00e0 l&#039;h\u00f4pital, faire des courses, \u2026\",\"publisher\":{\"@id\":\"https:\\\/\\\/esc-ale.be\\\/#organization\"},\"potentialAction\":[{\"@type\":\"SearchAction\",\"target\":{\"@type\":\"EntryPoint\",\"urlTemplate\":\"https:\\\/\\\/esc-ale.be\\\/?s={search_term_string}\"},\"query-input\":{\"@type\":\"PropertyValueSpecification\",\"valueRequired\":true,\"valueName\":\"search_term_string\"}}],\"inLanguage\":\"fr-FR\"},{\"@type\":\"Organization\",\"@id\":\"https:\\\/\\\/esc-ale.be\\\/#organization\",\"name\":\"Esc&#039;ALE ASBL - ALE de Tournai-Pecq\",\"url\":\"https:\\\/\\\/esc-ale.be\\\/\",\"logo\":{\"@type\":\"ImageObject\",\"inLanguage\":\"fr-FR\",\"@id\":\"https:\\\/\\\/esc-ale.be\\\/#\\\/schema\\\/logo\\\/image\\\/\",\"url\":\"https:\\\/\\\/esc-ale.be\\\/wp-content\\\/uploads\\\/2025\\\/10\\\/cropped-Petit-Logo-EscALE.jpg\",\"contentUrl\":\"https:\\\/\\\/esc-ale.be\\\/wp-content\\\/uploads\\\/2025\\\/10\\\/cropped-Petit-Logo-EscALE.jpg\",\"width\":125,\"height\":110,\"caption\":\"Esc&#039;ALE ASBL - ALE de Tournai-Pecq\"},\"image\":{\"@id\":\"https:\\\/\\\/esc-ale.be\\\/#\\\/schema\\\/logo\\\/image\\\/\"}}]}<\/script>\n<!-- \/ Yoast SEO plugin. -->","yoast_head_json":{"title":"Location salles - Esc&#039;ALE ASBL - ALE de Tournai-Pecq","robots":{"index":"index","follow":"follow","max-snippet":"max-snippet:-1","max-image-preview":"max-image-preview:large","max-video-preview":"max-video-preview:-1"},"canonical":"https:\/\/esc-ale.be\/index.php\/location-salles\/","og_locale":"fr_FR","og_type":"article","og_title":"Location salles - Esc&#039;ALE ASBL - ALE de Tournai-Pecq","og_description":"Location Salles Nous vous offrons des espaces de travail \u00e0 la fois professionnels et confortables pour vous aider \u00e0 atteindre vos objectifs. Adresse : Rue des Foss\u00e9s, 16 \u2013 7500 ...","og_url":"https:\/\/esc-ale.be\/index.php\/location-salles\/","og_site_name":"Esc&#039;ALE ASBL - ALE de Tournai-Pecq","article_modified_time":"2023-10-25T07:10:38+00:00","og_image":[{"url":"http:\/\/ale-tournai.be\/wp-content\/uploads\/2023\/10\/entree.jpg","type":"","width":"","height":""}],"twitter_card":"summary_large_image","twitter_misc":{"Dur\u00e9e de lecture estim\u00e9e":"2 minutes"},"schema":{"@context":"https:\/\/schema.org","@graph":[{"@type":"WebPage","@id":"https:\/\/esc-ale.be\/index.php\/location-salles\/","url":"https:\/\/esc-ale.be\/index.php\/location-salles\/","name":"Location salles - Esc&#039;ALE ASBL - ALE de Tournai-Pecq","isPartOf":{"@id":"https:\/\/esc-ale.be\/#website"},"primaryImageOfPage":{"@id":"https:\/\/esc-ale.be\/index.php\/location-salles\/#primaryimage"},"image":{"@id":"https:\/\/esc-ale.be\/index.php\/location-salles\/#primaryimage"},"thumbnailUrl":"http:\/\/ale-tournai.be\/wp-content\/uploads\/2023\/10\/entree.jpg","datePublished":"2023-10-23T08:59:27+00:00","dateModified":"2023-10-25T07:10:38+00:00","breadcrumb":{"@id":"https:\/\/esc-ale.be\/index.php\/location-salles\/#breadcrumb"},"inLanguage":"fr-FR","potentialAction":[{"@type":"ReadAction","target":["https:\/\/esc-ale.be\/index.php\/location-salles\/"]}]},{"@type":"ImageObject","inLanguage":"fr-FR","@id":"https:\/\/esc-ale.be\/index.php\/location-salles\/#primaryimage","url":"http:\/\/ale-tournai.be\/wp-content\/uploads\/2023\/10\/entree.jpg","contentUrl":"http:\/\/ale-tournai.be\/wp-content\/uploads\/2023\/10\/entree.jpg"},{"@type":"BreadcrumbList","@id":"https:\/\/esc-ale.be\/index.php\/location-salles\/#breadcrumb","itemListElement":[{"@type":"ListItem","position":1,"name":"Accueil","item":"https:\/\/esc-ale.be\/"},{"@type":"ListItem","position":2,"name":"Location salles"}]},{"@type":"WebSite","@id":"https:\/\/esc-ale.be\/#website","url":"https:\/\/esc-ale.be\/","name":"Esc&#039;ALE ASBL - ALE de Tournai-Pecq","description":"Vous \u00e9prouvez des difficult\u00e9s \u00e0 vous d\u00e9placer ? Vous souhaitez vous rendre chez le m\u00e9decin, \u00e0 une consultation \u00e0 l&#039;h\u00f4pital, faire des courses, \u2026","publisher":{"@id":"https:\/\/esc-ale.be\/#organization"},"potentialAction":[{"@type":"SearchAction","target":{"@type":"EntryPoint","urlTemplate":"https:\/\/esc-ale.be\/?s={search_term_string}"},"query-input":{"@type":"PropertyValueSpecification","valueRequired":true,"valueName":"search_term_string"}}],"inLanguage":"fr-FR"},{"@type":"Organization","@id":"https:\/\/esc-ale.be\/#organization","name":"Esc&#039;ALE ASBL - ALE de Tournai-Pecq","url":"https:\/\/esc-ale.be\/","logo":{"@type":"ImageObject","inLanguage":"fr-FR","@id":"https:\/\/esc-ale.be\/#\/schema\/logo\/image\/","url":"https:\/\/esc-ale.be\/wp-content\/uploads\/2025\/10\/cropped-Petit-Logo-EscALE.jpg","contentUrl":"https:\/\/esc-ale.be\/wp-content\/uploads\/2025\/10\/cropped-Petit-Logo-EscALE.jpg","width":125,"height":110,"caption":"Esc&#039;ALE ASBL - ALE de Tournai-Pecq"},"image":{"@id":"https:\/\/esc-ale.be\/#\/schema\/logo\/image\/"}}]}},"jetpack_sharing_enabled":true,"_links":{"self":[{"href":"https:\/\/esc-ale.be\/index.php\/wp-json\/wp\/v2\/pages\/1573","targetHints":{"allow":["GET"]}}],"collection":[{"href":"https:\/\/esc-ale.be\/index.php\/wp-json\/wp\/v2\/pages"}],"about":[{"href":"https:\/\/esc-ale.be\/index.php\/wp-json\/wp\/v2\/types\/page"}],"author":[{"embeddable":true,"href":"https:\/\/esc-ale.be\/index.php\/wp-json\/wp\/v2\/users\/2"}],"replies":[{"embeddable":true,"href":"https:\/\/esc-ale.be\/index.php\/wp-json\/wp\/v2\/comments?post=1573"}],"version-history":[{"count":79,"href":"https:\/\/esc-ale.be\/index.php\/wp-json\/wp\/v2\/pages\/1573\/revisions"}],"predecessor-version":[{"id":1812,"href":"https:\/\/esc-ale.be\/index.php\/wp-json\/wp\/v2\/pages\/1573\/revisions\/1812"}],"wp:attachment":[{"href":"https:\/\/esc-ale.be\/index.php\/wp-json\/wp\/v2\/media?parent=1573"}],"curies":[{"name":"wp","href":"https:\/\/api.w.org\/{rel}","templated":true}]}}